{"id":4277,"date":"2015-11-30T10:38:37","date_gmt":"2015-11-30T10:38:37","guid":{"rendered":"http:\/\/www.arovite.com\/argituz-et-al-2014-2\/"},"modified":"2015-11-30T10:38:37","modified_gmt":"2015-11-30T10:38:37","slug":"argituz-et-al-2014","status":"publish","type":"page","link":"https:\/\/www.arovite.com\/eu\/argituz-et-al-2014\/","title":{"rendered":"ARGITUZ et al. (2014)"},"content":{"rendered":"<div class=\"wpb-content-wrapper\"><p>[vc_row][vc_column width=&#8221;1\/1&#8243;][vc_column_text][vc_empty_space height=&#8221;20&#8243;]<br \/>\n<strong>Referencia bibliogr\u00e1fica<\/strong><br \/>\nARGITUZ et al. (2014): <em>Incomunicaci\u00f3n y tortura. An\u00e1lisis estructurado en base al protocolo de Estambul<\/em>. Argituz, etc.<\/p>\n<p><a class=\"button blue  medium \" href=\"http:\/\/www.psicosocial.net\/images\/Tortura\/Informe-Incomunicacion-tortura-Analisis-protocolo-Estambul-Cast.pdf\" target=\"_blank\">Consultar PDF<\/a>[vc_empty_space height=&#8221;10&#8243;]<br \/>\n<strong>Resumen<\/strong><br \/>\nHace m\u00e1s de tres a\u00f1os surgi\u00f3 en varios profesionales de la salud mental y la medicina forense la preocupaci\u00f3n por lo que parec\u00edan ser malas pr\u00e1cticas tras algunas detenciones. En algunos casos se conoc\u00edan porque eran personas que ten\u00edan trascendencia social y, en otras, porque lo comprob\u00e1bamos en las consultas, sea en Atenci\u00f3n Primaria o fuere en el campo de la Salud Mental. Cierto es que esa realidad era conocida por los informes de organismos internacionales y estatales y que algunos profesionales se hab\u00edan capacitado profesionalmente para prestar atenci\u00f3n a personas cuya demanda espec\u00edfica estaba relacionada con haber padecido malos tratos durante alguna detenci\u00f3n policial. Tras haber desarrollado diferentes experiencias individuales y grupales, as\u00ed como algunas sencillas investigaciones sobre los procesos terap\u00e9uticos que fueron difundidas en \u00e1mbitos acad\u00e9micos (formaci\u00f3n, jornadas, cursos, libros&#8230;), los profesionales impulsores de este trabajo de investigaci\u00f3n estimaron oportuno realizar un estudio de mayor envergadura.<br \/>\n[vc_empty_space height=&#8221;10&#8243;]<br \/>\n<strong>Tipo de documento<\/strong><br \/>\nInforme<br \/>\n[vc_empty_space height=&#8221;10&#8243;]<br \/>\n[\/vc_column_text][\/vc_column][\/vc_row]<\/p>\n<\/div>","protected":false},"excerpt":{"rendered":"<p>[vc_row][vc_column width=&#8221;1\/1&#8243;][vc_column_text][vc_empty_space height=&#8221;20&#8243;] Referencia bibliogr\u00e1fica ARGITUZ et al. (2014): Incomunicaci\u00f3n y tortura. An\u00e1lisis estructurado en base al protocolo de Estambul. Argituz, etc. Consultar PDF[vc_empty_space height=&#8221;10&#8243;] Resumen Hace m\u00e1s de tres&hellip;<\/p>\n","protected":false},"author":2,"featured_media":0,"parent":0,"menu_order":0,"comment_status":"open","ping_status":"open","template":"","meta":{"om_disable_all_campaigns":false,"_monsterinsights_skip_tracking":false,"_monsterinsights_sitenote_active":false,"_monsterinsights_sitenote_note":"","_monsterinsights_sitenote_category":0,"_uf_show_specific_survey":0,"_uf_disable_surveys":false,"_vp_format_video_url":"","_vp_image_focal_point":[],"_vp_custom_popup_image":0,"_vp_format_audio_url":"","_vp_custom_thumbnail":0,"_vp_custom_thumbnail_focal_point":[],"_vp_hover_thumbnail":0,"_vp_hover_thumbnail_focal_point":[],"footnotes":""},"class_list":["post-4277","page","type-page","status-publish","hentry"],"aioseo_notices":[],"_links":{"self":[{"href":"https:\/\/www.arovite.com\/eu\/wp-json\/wp\/v2\/pages\/4277","targetHints":{"allow":["GET"]}}],"collection":[{"href":"https:\/\/www.arovite.com\/eu\/wp-json\/wp\/v2\/pages"}],"about":[{"href":"https:\/\/www.arovite.com\/eu\/wp-json\/wp\/v2\/types\/page"}],"author":[{"embeddable":true,"href":"https:\/\/www.arovite.com\/eu\/wp-json\/wp\/v2\/users\/2"}],"replies":[{"embeddable":true,"href":"https:\/\/www.arovite.com\/eu\/wp-json\/wp\/v2\/comments?post=4277"}],"version-history":[{"count":0,"href":"https:\/\/www.arovite.com\/eu\/wp-json\/wp\/v2\/pages\/4277\/revisions"}],"wp:attachment":[{"href":"https:\/\/www.arovite.com\/eu\/wp-json\/wp\/v2\/media?parent=4277"}],"curies":[{"name":"wp","href":"https:\/\/api.w.org\/{rel}","templated":true}]}}