{"id":4242,"date":"2015-11-30T10:25:35","date_gmt":"2015-11-30T10:25:35","guid":{"rendered":"http:\/\/www.arovite.com\/ararteko-2009-2\/"},"modified":"2015-11-30T10:25:35","modified_gmt":"2015-11-30T10:25:35","slug":"ararteko-2009","status":"publish","type":"page","link":"https:\/\/www.arovite.com\/eu\/ararteko-2009\/","title":{"rendered":"ARARTEKO (2009)"},"content":{"rendered":"<div class=\"wpb-content-wrapper\"><p>[vc_row][vc_column width=&#8221;1\/1&#8243;][vc_column_text][vc_empty_space height=&#8221;20&#8243;]<br \/>\n<strong>Referencia bibliogr\u00e1fica<\/strong><br \/>\nARARTEKO (2009): <em>Atenci\u00f3n institucional a las v\u00edctimas del terrorismo en Euskadi<\/em>. Ararteko.<\/p>\n<p><a class=\"button blue  medium \" href=\"http:\/\/www.arovite.com\/documentos\/2009_Ararteko.pdf\" target=\"_blank\">Consultar PDF<\/a>[vc_empty_space height=&#8221;10&#8243;]<br \/>\n<strong>Resumen<\/strong><br \/>\nLa instituci\u00f3n del Ararteko adopt\u00f3 en 2006 la decisi\u00f3n de elaborar un informe monogr\u00e1fico o extraordinario sobre las v\u00edctimas del terrorismo, para analizar la atenci\u00f3n institucional que reciben y la respuesta social que perciben, d\u00e1ndoles voz a ellas y a las personas amenazadas, de manera que con la informaci\u00f3n recabada pudi\u00e9ramos evaluar las actuaciones y pol\u00edticas p\u00fablicas dirigidas a las v\u00edctimas del terrorismo, dictando las recomendaciones pertinentes para, en su caso, mejorarlas y completarlas. De esta forma, d\u00e1bamos un paso m\u00e1s en nuestros compromisos adquiridos y hac\u00edamos uso de una de nuestras herramientas de trabajo, cual es la elaboraci\u00f3n de informes extraordinarios. Adem\u00e1s, atend\u00edamos una demanda formulada por algunos grupos parlamentarios, as\u00ed como una petici\u00f3n que se nos hizo llegar de las Juntas Generales de Gipuzkoa.<br \/>\n[vc_empty_space height=&#8221;10&#8243;]<br \/>\n<strong>Tipo de documento<\/strong><br \/>\nInforme<br \/>\n[vc_empty_space height=&#8221;10&#8243;]<br \/>\n<a title=\"Enlace alternativo\" href=\"http:\/\/www.ararteko.net\/RecursosWeb\/DOCUMENTOS\/1\/5_1684_3.pdf\" target=\"_blank\">Enlace alternativo.<\/a><br \/>\n[vc_empty_space height=&#8221;10&#8243;]<br \/>\n[\/vc_column_text][\/vc_column][\/vc_row]<\/p>\n<\/div>","protected":false},"excerpt":{"rendered":"<p>[vc_row][vc_column width=&#8221;1\/1&#8243;][vc_column_text][vc_empty_space height=&#8221;20&#8243;] Referencia bibliogr\u00e1fica ARARTEKO (2009): Atenci\u00f3n institucional a las v\u00edctimas del terrorismo en Euskadi. Ararteko. Consultar PDF[vc_empty_space height=&#8221;10&#8243;] Resumen La instituci\u00f3n del Ararteko adopt\u00f3 en 2006 la decisi\u00f3n&hellip;<\/p>\n","protected":false},"author":2,"featured_media":0,"parent":0,"menu_order":0,"comment_status":"open","ping_status":"open","template":"","meta":{"om_disable_all_campaigns":false,"_monsterinsights_skip_tracking":false,"_monsterinsights_sitenote_active":false,"_monsterinsights_sitenote_note":"","_monsterinsights_sitenote_category":0,"_uf_show_specific_survey":0,"_uf_disable_surveys":false,"_vp_format_video_url":"","_vp_image_focal_point":[],"_vp_custom_popup_image":0,"_vp_format_audio_url":"","_vp_custom_thumbnail":0,"_vp_custom_thumbnail_focal_point":[],"_vp_hover_thumbnail":0,"_vp_hover_thumbnail_focal_point":[],"footnotes":""},"class_list":["post-4242","page","type-page","status-publish","hentry"],"aioseo_notices":[],"_links":{"self":[{"href":"https:\/\/www.arovite.com\/eu\/wp-json\/wp\/v2\/pages\/4242","targetHints":{"allow":["GET"]}}],"collection":[{"href":"https:\/\/www.arovite.com\/eu\/wp-json\/wp\/v2\/pages"}],"about":[{"href":"https:\/\/www.arovite.com\/eu\/wp-json\/wp\/v2\/types\/page"}],"author":[{"embeddable":true,"href":"https:\/\/www.arovite.com\/eu\/wp-json\/wp\/v2\/users\/2"}],"replies":[{"embeddable":true,"href":"https:\/\/www.arovite.com\/eu\/wp-json\/wp\/v2\/comments?post=4242"}],"version-history":[{"count":0,"href":"https:\/\/www.arovite.com\/eu\/wp-json\/wp\/v2\/pages\/4242\/revisions"}],"wp:attachment":[{"href":"https:\/\/www.arovite.com\/eu\/wp-json\/wp\/v2\/media?parent=4242"}],"curies":[{"name":"wp","href":"https:\/\/api.w.org\/{rel}","templated":true}]}}