{"id":4193,"date":"2015-11-30T10:03:36","date_gmt":"2015-11-30T10:03:36","guid":{"rendered":"http:\/\/www.arovite.com\/pablo-santiago-de-2003-2\/"},"modified":"2016-01-24T14:03:48","modified_gmt":"2016-01-24T14:03:48","slug":"pablo-santiago-de-2003","status":"publish","type":"page","link":"https:\/\/www.arovite.com\/eu\/pablo-santiago-de-2003\/","title":{"rendered":"PABLO, Santiago de (2003)"},"content":{"rendered":"<div class=\"wpb-content-wrapper\"><p>[vc_row][vc_column width=&#8221;1\/1&#8243;][vc_column_text][vc_empty_space height=&#8221;20&#8243;]<br \/>\n<strong>Referencia bibliogr\u00e1fica<\/strong><br \/>\nPABLO, Santiago de (2003): \u00abViolencia sin guerra. La sociedad vasca y el terrorismo de ETA en el umbral del siglo XXI\u00bb, <em>N\u00f3madas<\/em>, n\u00ba 19, pp. 168-175.<\/p>\n<p><a class=\"button blue  medium \" href=\"http:\/\/www.redalyc.org\/articulo.oa?id=105117940017\" target=\"_blank\">Consultar PDF<\/a>[vc_empty_space height=&#8221;10&#8243;]<br \/>\n<strong>Resumen<\/strong><br \/>\nEn este art\u00edculo analizamos la evoluci\u00f3n de la organizaci\u00f3n terrorista ETA, desde su nacimiento en 1959 hasta nuestros d\u00edas. En el Pa\u00eds Vasco no hay una guerra, sino un enfrentamiento entre una minor\u00eda, cada vez m\u00e1s reducida, y una sociedad vasca plural, pero mayoritariamente contraria al terrorismo. De ah\u00ed que, en este inicio del siglo XXI, ETA se haya convertido en un movimiento cerrado en s\u00ed mismo y anclado en el tiempo, que se resiste a aceptar su fracaso.<br \/>\n[vc_empty_space height=&#8221;10&#8243;]<br \/>\n<strong>Autor<\/strong><br \/>\nSantiago de Pablo. <a title=\"Dialnet\" href=\"http:\/\/dialnet.unirioja.es\/servlet\/autor?codigo=620836\" target=\"_blank\">P\u00e1gina del autor en Dialnet.<\/a><br \/>\n[vc_empty_space height=&#8221;10&#8243;]<br \/>\n<strong>Tipo de documento<\/strong><br \/>\nArt\u00edculo<br \/>\n[vc_empty_space height=&#8221;10&#8243;]<br \/>\n<a title=\"Enlace alternativo\" href=\"http:\/\/dialnet.unirioja.es\/servlet\/articulo?codigo=3992773\" target=\"_blank\"><strong>Enlace alternativo.<\/strong><\/a><br \/>\n[\/vc_column_text][\/vc_column][\/vc_row]<\/p>\n<\/div>","protected":false},"excerpt":{"rendered":"<p>[vc_row][vc_column width=&#8221;1\/1&#8243;][vc_column_text][vc_empty_space height=&#8221;20&#8243;] Referencia bibliogr\u00e1fica PABLO, Santiago de (2003): \u00abViolencia sin guerra. La sociedad vasca y el terrorismo de ETA en el umbral del siglo XXI\u00bb, N\u00f3madas, n\u00ba 19, pp.&hellip;<\/p>\n","protected":false},"author":1,"featured_media":0,"parent":0,"menu_order":0,"comment_status":"open","ping_status":"open","template":"","meta":{"om_disable_all_campaigns":false,"_monsterinsights_skip_tracking":false,"_monsterinsights_sitenote_active":false,"_monsterinsights_sitenote_note":"","_monsterinsights_sitenote_category":0,"_uf_show_specific_survey":0,"_uf_disable_surveys":false,"_vp_format_video_url":"","_vp_image_focal_point":[],"_vp_custom_popup_image":0,"_vp_format_audio_url":"","_vp_custom_thumbnail":0,"_vp_custom_thumbnail_focal_point":[],"_vp_hover_thumbnail":0,"_vp_hover_thumbnail_focal_point":[],"footnotes":""},"class_list":["post-4193","page","type-page","status-publish","hentry"],"aioseo_notices":[],"_links":{"self":[{"href":"https:\/\/www.arovite.com\/eu\/wp-json\/wp\/v2\/pages\/4193","targetHints":{"allow":["GET"]}}],"collection":[{"href":"https:\/\/www.arovite.com\/eu\/wp-json\/wp\/v2\/pages"}],"about":[{"href":"https:\/\/www.arovite.com\/eu\/wp-json\/wp\/v2\/types\/page"}],"author":[{"embeddable":true,"href":"https:\/\/www.arovite.com\/eu\/wp-json\/wp\/v2\/users\/1"}],"replies":[{"embeddable":true,"href":"https:\/\/www.arovite.com\/eu\/wp-json\/wp\/v2\/comments?post=4193"}],"version-history":[{"count":4,"href":"https:\/\/www.arovite.com\/eu\/wp-json\/wp\/v2\/pages\/4193\/revisions"}],"predecessor-version":[{"id":6453,"href":"https:\/\/www.arovite.com\/eu\/wp-json\/wp\/v2\/pages\/4193\/revisions\/6453"}],"wp:attachment":[{"href":"https:\/\/www.arovite.com\/eu\/wp-json\/wp\/v2\/media?parent=4193"}],"curies":[{"name":"wp","href":"https:\/\/api.w.org\/{rel}","templated":true}]}}