{"id":4180,"date":"2015-11-30T09:57:23","date_gmt":"2015-11-30T09:57:23","guid":{"rendered":"http:\/\/www.arovite.com\/alonso-rogelio-2012-2\/"},"modified":"2015-12-30T13:26:56","modified_gmt":"2015-12-30T13:26:56","slug":"alonso-rogelio-2012","status":"publish","type":"page","link":"https:\/\/www.arovite.com\/eu\/alonso-rogelio-2012\/","title":{"rendered":"ALONSO, Rogelio (2012)"},"content":{"rendered":"<div class=\"wpb-content-wrapper\"><p>[vc_row][vc_column width=&#8221;1\/1&#8243;][vc_column_text][vc_empty_space height=&#8221;20&#8243;] <strong>Referencia bibliogr\u00e1fica<\/strong> ALONSO, Rogelio (2012): \u00abEl Estado contra ETA: entre la victoria policial y la victoria pol\u00edtica\u00bb, <em>Cuadernos de Pensamiento Pol\u00edtico FAES<\/em>, n\u00ba 34, pp. 139-170. <\/p>\n<p><a class=\"button blue  medium \" href=\"http:\/\/www.fundacionfaes.org\/file_upload\/publication\/pdf\/20130423223112el-estado-contra-eta-entre-la-derrota-policial-y-la-victoria-politica.pdf \" target=\"_blank\">Consultar PDF<\/a>[vc_empty_space height=&#8221;10&#8243;]<br \/>\n<strong>Resumen<\/strong> El \u201ccese definitivo de la actividad armada\u201d, hecho p\u00fablico por ETA el 20 de octubre de 2011, ha aumentado las expectativas en torno a la desaparici\u00f3n del terrorismo etarra. Desde algunos \u00e1mbitos se ha interpretado el anuncio como el final de la campa\u00f1a terrorista. Sin embargo, y a pesar de la novedad de la terminolog\u00eda utilizada y de algunos rasgos coyunturales novedosos, los precedentes de otras treguas decretadas en el pasado obligan a extremar la cautela sobre el verdadero alcance de la decisi\u00f3n anunciada. El cese de la actividad armada viene motivado por el debilitamiento operativo de la banda y por las tensiones que han surgido en el movimiento terrorista, integrado por ETA y sus representantes pol\u00edticos, en torno a la decisi\u00f3n de supeditar la violencia a los intereses pol\u00edticos de la denominada \u201cizquierda abertzale\u201d. [vc_empty_space height=&#8221;10&#8243;] <strong>Autor<\/strong> Rogelio Alonso. <a title=\"Dialnet\" href=\"http:\/\/dialnet.unirioja.es\/servlet\/autor?codigo=639679\" target=\"_blank\">P\u00e1gina del autor en Dialnet.<\/a> [vc_empty_space height=&#8221;10&#8243;] <strong>Tipo de documento<\/strong> Art\u00edculo [vc_empty_space height=&#8221;10&#8243;] <a title=\"Enlace alternativo\" href=\"http:\/\/dialnet.unirioja.es\/servlet\/articulo?codigo=4589430\" target=\"_blank\">Enlace alternativo.<\/a> [vc_empty_space height=&#8221;10&#8243;] [\/vc_column_text][\/vc_column][\/vc_row]<\/p>\n<\/div>","protected":false},"excerpt":{"rendered":"<p>[vc_row][vc_column width=&#8221;1\/1&#8243;][vc_column_text][vc_empty_space height=&#8221;20&#8243;] Referencia bibliogr\u00e1fica ALONSO, Rogelio (2012): \u00abEl Estado contra ETA: entre la victoria policial y la victoria pol\u00edtica\u00bb, Cuadernos de Pensamiento Pol\u00edtico FAES, n\u00ba 34, pp. 139-170. Consultar&hellip;<\/p>\n","protected":false},"author":2,"featured_media":0,"parent":0,"menu_order":0,"comment_status":"open","ping_status":"open","template":"","meta":{"om_disable_all_campaigns":false,"_monsterinsights_skip_tracking":false,"_monsterinsights_sitenote_active":false,"_monsterinsights_sitenote_note":"","_monsterinsights_sitenote_category":0,"_uf_show_specific_survey":0,"_uf_disable_surveys":false,"_vp_format_video_url":"","_vp_image_focal_point":[],"_vp_custom_popup_image":0,"_vp_format_audio_url":"","_vp_custom_thumbnail":0,"_vp_custom_thumbnail_focal_point":[],"_vp_hover_thumbnail":0,"_vp_hover_thumbnail_focal_point":[],"footnotes":""},"class_list":["post-4180","page","type-page","status-publish","hentry"],"aioseo_notices":[],"_links":{"self":[{"href":"https:\/\/www.arovite.com\/eu\/wp-json\/wp\/v2\/pages\/4180","targetHints":{"allow":["GET"]}}],"collection":[{"href":"https:\/\/www.arovite.com\/eu\/wp-json\/wp\/v2\/pages"}],"about":[{"href":"https:\/\/www.arovite.com\/eu\/wp-json\/wp\/v2\/types\/page"}],"author":[{"embeddable":true,"href":"https:\/\/www.arovite.com\/eu\/wp-json\/wp\/v2\/users\/2"}],"replies":[{"embeddable":true,"href":"https:\/\/www.arovite.com\/eu\/wp-json\/wp\/v2\/comments?post=4180"}],"version-history":[{"count":2,"href":"https:\/\/www.arovite.com\/eu\/wp-json\/wp\/v2\/pages\/4180\/revisions"}],"predecessor-version":[{"id":5568,"href":"https:\/\/www.arovite.com\/eu\/wp-json\/wp\/v2\/pages\/4180\/revisions\/5568"}],"wp:attachment":[{"href":"https:\/\/www.arovite.com\/eu\/wp-json\/wp\/v2\/media?parent=4180"}],"curies":[{"name":"wp","href":"https:\/\/api.w.org\/{rel}","templated":true}]}}