{"id":4160,"date":"2015-11-30T09:42:35","date_gmt":"2015-11-30T09:42:35","guid":{"rendered":"http:\/\/www.arovite.com\/zallo-ramon-2009-2\/"},"modified":"2015-11-30T09:44:07","modified_gmt":"2015-11-30T09:44:07","slug":"zallo-ramon-2009","status":"publish","type":"page","link":"https:\/\/www.arovite.com\/eu\/zallo-ramon-2009\/","title":{"rendered":"ZALLO, Ram\u00f3n (2009)"},"content":{"rendered":"<div class=\"wpb-content-wrapper\"><p>[vc_row][vc_column width=&#8221;1\/1&#8243;][vc_column_text][vc_empty_space height=&#8221;20&#8243;]<br \/>\n<strong>Referencia bibliogr\u00e1fica<\/strong><br \/>\nZALLO, Ram\u00f3n (2009): \u00abETA (1959-2009). ETA tras el \u201calto el fuego permanente\u201d del 2006\u00bb, Viento Sur, n\u00ba 106, pp. 73-84.<\/p>\n<p><a class=\"button blue  medium \" href=\"http:\/\/www.vientosur.info\/articulosabiertos\/VS106_Zallo_Traselalto.pdf\" target=\"_blank\">Consultar PDF<\/a>[vc_empty_space height=&#8221;10&#8243;]<br \/>\n<strong>Resumen<\/strong><br \/>\nHaber  pasado  de  sociedad  industrial  a  post-industrial  tiene  sus  requisitos:  vivir  la  paz; un  reconocimiento  de  la  identidad  cultural  y  pol\u00edtica;  y  un  tipo  de  autogobierno  con herramientas de pol\u00edtica p\u00fablica para la gesti\u00f3n del bienestar (seguridad social, pol\u00edticas sociales),  del  conocimiento  (ciencia,  tecnolog\u00eda,  valores  a\u00f1adidos  inmateriales)  y  de  la internacionalizaci\u00f3n (infraestructuras, relaciones internacionales&#8230;). Es todo eso, y no la \u201cinsaciabilidad  vasca\u201d,  lo  que  espolea  el  cambio  que  no  quiere  el  Estado  nacido  de la Transici\u00f3n. Este es el cuadro de fondo de algunos de nuestros problemas estructurales&#8230;El otro problema estructural es el de la violencia end\u00e9mica de ETA.<br \/>\n[vc_empty_space height=&#8221;10&#8243;]<br \/>\n<strong>Autor<\/strong><br \/>\nRam\u00f3n Zallo. <a title=\"Dialnet\" href=\"http:\/\/dialnet.unirioja.es\/servlet\/autor?codigo=589232\" target=\"_blank\">P\u00e1gina del autor en Dialnet.<\/a><br \/>\n[vc_empty_space height=&#8221;10&#8243;]<br \/>\n<strong>Tipo de documento<\/strong><br \/>\nArt\u00edculo<br \/>\n[vc_empty_space height=&#8221;10&#8243;]<br \/>\n<a title=\"Enlace alternativo\" href=\"http:\/\/dialnet.unirioja.es\/servlet\/articulo?codigo=3082416\" target=\"_blank\"><strong>Enlace alternativo.<\/strong><\/a><br \/>\n[\/vc_column_text][\/vc_column][\/vc_row]<\/p>\n<\/div>","protected":false},"excerpt":{"rendered":"<p>[vc_row][vc_column width=&#8221;1\/1&#8243;][vc_column_text][vc_empty_space height=&#8221;20&#8243;] Referencia bibliogr\u00e1fica ZALLO, Ram\u00f3n (2009): \u00abETA (1959-2009). ETA tras el \u201calto el fuego permanente\u201d del 2006\u00bb, Viento Sur, n\u00ba 106, pp. 73-84. Consultar PDF[vc_empty_space height=&#8221;10&#8243;] Resumen Haber&hellip;<\/p>\n","protected":false},"author":1,"featured_media":0,"parent":0,"menu_order":0,"comment_status":"open","ping_status":"open","template":"","meta":{"om_disable_all_campaigns":false,"_monsterinsights_skip_tracking":false,"_monsterinsights_sitenote_active":false,"_monsterinsights_sitenote_note":"","_monsterinsights_sitenote_category":0,"_uf_show_specific_survey":0,"_uf_disable_surveys":false,"_vp_format_video_url":"","_vp_image_focal_point":[],"_vp_custom_popup_image":0,"_vp_format_audio_url":"","_vp_custom_thumbnail":0,"_vp_custom_thumbnail_focal_point":[],"_vp_hover_thumbnail":0,"_vp_hover_thumbnail_focal_point":[],"footnotes":""},"class_list":["post-4160","page","type-page","status-publish","hentry"],"aioseo_notices":[],"_links":{"self":[{"href":"https:\/\/www.arovite.com\/eu\/wp-json\/wp\/v2\/pages\/4160","targetHints":{"allow":["GET"]}}],"collection":[{"href":"https:\/\/www.arovite.com\/eu\/wp-json\/wp\/v2\/pages"}],"about":[{"href":"https:\/\/www.arovite.com\/eu\/wp-json\/wp\/v2\/types\/page"}],"author":[{"embeddable":true,"href":"https:\/\/www.arovite.com\/eu\/wp-json\/wp\/v2\/users\/1"}],"replies":[{"embeddable":true,"href":"https:\/\/www.arovite.com\/eu\/wp-json\/wp\/v2\/comments?post=4160"}],"version-history":[{"count":1,"href":"https:\/\/www.arovite.com\/eu\/wp-json\/wp\/v2\/pages\/4160\/revisions"}],"predecessor-version":[{"id":4162,"href":"https:\/\/www.arovite.com\/eu\/wp-json\/wp\/v2\/pages\/4160\/revisions\/4162"}],"wp:attachment":[{"href":"https:\/\/www.arovite.com\/eu\/wp-json\/wp\/v2\/media?parent=4160"}],"curies":[{"name":"wp","href":"https:\/\/api.w.org\/{rel}","templated":true}]}}