{"id":4155,"date":"2015-11-30T09:37:02","date_gmt":"2015-11-30T09:37:02","guid":{"rendered":"http:\/\/www.arovite.com\/zulaika-joseba-1990-2\/"},"modified":"2015-11-30T09:37:02","modified_gmt":"2015-11-30T09:37:02","slug":"zulaika-joseba-1990","status":"publish","type":"page","link":"https:\/\/www.arovite.com\/eu\/zulaika-joseba-1990\/","title":{"rendered":"ZULAIKA,  Joseba  (1990)"},"content":{"rendered":"<div class=\"wpb-content-wrapper\"><p>[vc_row][vc_column width=&#8221;1\/1&#8243;][vc_column_text][vc_empty_space height=&#8221;20&#8243;]<br \/>\n<strong>Referencia bibliogr\u00e1fica<\/strong><br \/>\nZULAIKA,  Joseba  (1990):  \u00abReyes,  pol\u00edticos,  terroristas:  la  funci\u00f3n  ritual  de  ETA  en relaci\u00f3n al nacionalismo vasco\u00bb, <em>Revista de Antropolog\u00eda Social<\/em>, n\u00ba 0, pp. 217-230.<\/p>\n<p><a class=\"button blue  medium \" href=\"http:\/\/revistas.ucm.es\/index.php\/RASO\/article\/view\/RASO9191110217A\/10789\" target=\"_blank\">Consultar PDF<\/a>[vc_empty_space height=&#8221;10&#8243;]<br \/>\n<strong>Resumen<\/strong><br \/>\nYa  desde  la  primera  p\u00e1gina  de  la  Rama  Dorada  de  Frazer,  un  tema  fundacional  en  la antropolog\u00eda ha sido el de las muertes rituales. Frazer nos habla de sujetos que son a la vez  \u00absacerdotes  y  asesinos\u00bb.  Evans-Pritchard  (1963)  retom\u00f3  la  cuesti\u00f3n  frazeriana  del asesinato  convertido  en  sacrificio  ritual  en  su  trabajo  sobre  la  realeza  divina  entre  los Shilluk.  Estas  instituciones,  que  Needham  (1979)  caracteriza  como  de  \u00absoberan\u00eda doble\u00bb o \u00abcomplementaria  \u00bb  entre  funciones  administrativas,  por  una  parte,  y  m\u00edsticorituales,  por  otra,  han  sido  descritas  por  numerosos etn\u00f3grafos.  El  objetivo  del presente  ensayo  es  aplicar  esta  literatura  al  estudio  de las  relaciones  entre  ETA  y  el proceso   pol\u00edtico   vasco   como   un   caso   en   que   tambi\u00e9n   puede   postularse   una complementariedad pol\u00edtica entre instituciones administrativas y rituales.<br \/>\n[vc_empty_space height=&#8221;10&#8243;]<br \/>\n<strong>Autor<\/strong><br \/>\nJoseba Zulaika. <a title=\"Dialnet\" href=\"http:\/\/dialnet.unirioja.es\/servlet\/autor?codigo=153412\" target=\"_blank\">P\u00e1gina del autor en Dialnet.<\/a><br \/>\n[vc_empty_space height=&#8221;10&#8243;]<br \/>\n<strong>Tipo de documento<\/strong><br \/>\nArt\u00edculo<br \/>\n[vc_empty_space height=&#8221;10&#8243;]<br \/>\n<a title=\"Enlace alternativo\" href=\"http:\/\/dialnet.unirioja.es\/servlet\/articulo?codigo=157840\" target=\"_blank\"><strong>Enlace alternativo.<\/strong><\/a><br \/>\n[\/vc_column_text][\/vc_column][\/vc_row]<\/p>\n<\/div>","protected":false},"excerpt":{"rendered":"<p>[vc_row][vc_column width=&#8221;1\/1&#8243;][vc_column_text][vc_empty_space height=&#8221;20&#8243;] Referencia bibliogr\u00e1fica ZULAIKA, Joseba (1990): \u00abReyes, pol\u00edticos, terroristas: la funci\u00f3n ritual de ETA en relaci\u00f3n al nacionalismo vasco\u00bb, Revista de Antropolog\u00eda Social, n\u00ba 0, pp. 217-230. Consultar&hellip;<\/p>\n","protected":false},"author":1,"featured_media":0,"parent":0,"menu_order":0,"comment_status":"open","ping_status":"open","template":"","meta":{"om_disable_all_campaigns":false,"_monsterinsights_skip_tracking":false,"_monsterinsights_sitenote_active":false,"_monsterinsights_sitenote_note":"","_monsterinsights_sitenote_category":0,"_uf_show_specific_survey":0,"_uf_disable_surveys":false,"_vp_format_video_url":"","_vp_image_focal_point":[],"_vp_custom_popup_image":0,"_vp_format_audio_url":"","_vp_custom_thumbnail":0,"_vp_custom_thumbnail_focal_point":[],"_vp_hover_thumbnail":0,"_vp_hover_thumbnail_focal_point":[],"footnotes":""},"class_list":["post-4155","page","type-page","status-publish","hentry"],"aioseo_notices":[],"_links":{"self":[{"href":"https:\/\/www.arovite.com\/eu\/wp-json\/wp\/v2\/pages\/4155","targetHints":{"allow":["GET"]}}],"collection":[{"href":"https:\/\/www.arovite.com\/eu\/wp-json\/wp\/v2\/pages"}],"about":[{"href":"https:\/\/www.arovite.com\/eu\/wp-json\/wp\/v2\/types\/page"}],"author":[{"embeddable":true,"href":"https:\/\/www.arovite.com\/eu\/wp-json\/wp\/v2\/users\/1"}],"replies":[{"embeddable":true,"href":"https:\/\/www.arovite.com\/eu\/wp-json\/wp\/v2\/comments?post=4155"}],"version-history":[{"count":0,"href":"https:\/\/www.arovite.com\/eu\/wp-json\/wp\/v2\/pages\/4155\/revisions"}],"wp:attachment":[{"href":"https:\/\/www.arovite.com\/eu\/wp-json\/wp\/v2\/media?parent=4155"}],"curies":[{"name":"wp","href":"https:\/\/api.w.org\/{rel}","templated":true}]}}