{"id":4113,"date":"2015-11-30T09:04:36","date_gmt":"2015-11-30T09:04:36","guid":{"rendered":"http:\/\/www.arovite.com\/alonso-rogelio-2010-2\/"},"modified":"2015-11-30T09:04:36","modified_gmt":"2015-11-30T09:04:36","slug":"alonso-rogelio-2010","status":"publish","type":"page","link":"https:\/\/www.arovite.com\/eu\/alonso-rogelio-2010\/","title":{"rendered":"ALONSO, Rogelio (2010)"},"content":{"rendered":"<div class=\"wpb-content-wrapper\"><p>[vc_row][vc_column width=&#8221;1\/1&#8243;][vc_column_text][vc_empty_space height=&#8221;20&#8243;]<br \/>\n<strong>Referencia bibliogr\u00e1fica<\/strong><br \/>\nALONSO, Rogelio (2010): \u00abEscenarios ante el final del terrorismo: \u00bfQu\u00e9 pol\u00edtica antiterrorista ante ETA y Batasuna?\u00bb, <em>Cuadernos de Pensamiento Pol\u00edtico FAES<\/em>, n\u00ba 26, pp. 35-56.<\/p>\n<p><a class=\"button blue  medium \" href=\"http:\/\/www.fundacionfaes.org\/file_upload\/publication\/pdf\/20130423214939escenarios-ante-el-final-del-terrorismo-que-politica-antiterrorista-frente-a-eta-y-batasuna.pdf\" target=\"_blank\">Consultar PDF<\/a>[vc_empty_space height=&#8221;10&#8243;]<br \/>\n<strong>Resumen<\/strong><br \/>\nEl final del terrorismo es sin duda uno de los objetivos m\u00e1s deseados por la sociedad espa\u00f1ola. Inmenso ha sido el impacto humano y pol\u00edtico del terrorismo desde que en la d\u00e9cada de los sesenta ETA iniciara su campa\u00f1a terrorista. Despu\u00e9s de todo este tiempo las v\u00edctimas del terrorismo pueden contarse por miles, pues muchos han sido los ciudadanos que han resultado muertos y heridos en atentados de la banda o que han sufrido las amenazas y la coacci\u00f3n terrorista en diferente forma. El terrorismo de ETA ha alterado la vida de muchos ciudadanos, pero tambi\u00e9n de la democracia espa\u00f1ola en su conjunto al desafiar el sistema de normas mediante el que Espa\u00f1a ha estructurado su convivencia. En la actualidad, tras un prolongado combate contra el terrorismo, ETA se ha debilitado considerablemente, perdiendo su capacidad para desestabilizar al sistema democr\u00e1tico espa\u00f1ol, aunque todav\u00eda pueda infligir da\u00f1o mediante su violencia.<br \/>\n[vc_empty_space height=&#8221;10&#8243;]<br \/>\n<strong>Autor<\/strong><br \/>\nRogelio Alonso. <a title=\"Dialnet\" href=\"http:\/\/dialnet.unirioja.es\/servlet\/autor?codigo=639679\" target=\"_blank\">P\u00e1gina del autor en Dialnet.<\/a><br \/>\n[vc_empty_space height=&#8221;10&#8243;]<br \/>\n<strong>Tipo de documento<\/strong><br \/>\nArt\u00edculo<br \/>\n[vc_empty_space height=&#8221;10&#8243;]<br \/>\n<a title=\"Dialnet\" href=\"http:\/\/dialnet.unirioja.es\/servlet\/articulo?codigo=3187333\" target=\"_blank\"><strong>Enlace alternativo<\/strong><\/a>[vc_empty_space height=&#8221;10&#8243;]<br \/>\n[\/vc_column_text][\/vc_column][\/vc_row]<\/p>\n<\/div>","protected":false},"excerpt":{"rendered":"<p>[vc_row][vc_column width=&#8221;1\/1&#8243;][vc_column_text][vc_empty_space height=&#8221;20&#8243;] Referencia bibliogr\u00e1fica ALONSO, Rogelio (2010): \u00abEscenarios ante el final del terrorismo: \u00bfQu\u00e9 pol\u00edtica antiterrorista ante ETA y Batasuna?\u00bb, Cuadernos de Pensamiento Pol\u00edtico FAES, n\u00ba 26, pp. 35-56.&hellip;<\/p>\n","protected":false},"author":1,"featured_media":0,"parent":0,"menu_order":0,"comment_status":"open","ping_status":"open","template":"","meta":{"om_disable_all_campaigns":false,"_monsterinsights_skip_tracking":false,"_monsterinsights_sitenote_active":false,"_monsterinsights_sitenote_note":"","_monsterinsights_sitenote_category":0,"_uf_show_specific_survey":0,"_uf_disable_surveys":false,"_vp_format_video_url":"","_vp_image_focal_point":[],"_vp_custom_popup_image":0,"_vp_format_audio_url":"","_vp_custom_thumbnail":0,"_vp_custom_thumbnail_focal_point":[],"_vp_hover_thumbnail":0,"_vp_hover_thumbnail_focal_point":[],"footnotes":""},"class_list":["post-4113","page","type-page","status-publish","hentry"],"aioseo_notices":[],"_links":{"self":[{"href":"https:\/\/www.arovite.com\/eu\/wp-json\/wp\/v2\/pages\/4113","targetHints":{"allow":["GET"]}}],"collection":[{"href":"https:\/\/www.arovite.com\/eu\/wp-json\/wp\/v2\/pages"}],"about":[{"href":"https:\/\/www.arovite.com\/eu\/wp-json\/wp\/v2\/types\/page"}],"author":[{"embeddable":true,"href":"https:\/\/www.arovite.com\/eu\/wp-json\/wp\/v2\/users\/1"}],"replies":[{"embeddable":true,"href":"https:\/\/www.arovite.com\/eu\/wp-json\/wp\/v2\/comments?post=4113"}],"version-history":[{"count":0,"href":"https:\/\/www.arovite.com\/eu\/wp-json\/wp\/v2\/pages\/4113\/revisions"}],"wp:attachment":[{"href":"https:\/\/www.arovite.com\/eu\/wp-json\/wp\/v2\/media?parent=4113"}],"curies":[{"name":"wp","href":"https:\/\/api.w.org\/{rel}","templated":true}]}}