{"id":4101,"date":"2015-11-30T08:56:34","date_gmt":"2015-11-30T08:56:34","guid":{"rendered":"http:\/\/www.arovite.com\/alonso-rogelio-2005-2\/"},"modified":"2015-11-30T08:56:34","modified_gmt":"2015-11-30T08:56:34","slug":"alonso-rogelio-2005","status":"publish","type":"page","link":"https:\/\/www.arovite.com\/eu\/alonso-rogelio-2005\/","title":{"rendered":"ALONSO, Rogelio (2005)"},"content":{"rendered":"<div class=\"wpb-content-wrapper\"><p>[vc_row][vc_column width=&#8221;1\/1&#8243;][vc_column_text][vc_empty_space height=&#8221;20&#8243;]<br \/>\n<strong>Referencia bibliogr\u00e1fica<\/strong><br \/>\nALONSO, Rogelio (2005): \u00ab\u00bfUn Gerry Adams para el Pa\u00eds Vasco?\u00bb, <em>Cuadernos de Pensamiento Pol\u00edtico FAES<\/em>, n\u00ba 6, pp. 189-198.<\/p>\n<p><a class=\"button blue  medium \" href=\"http:\/\/www.fundacionfaes.org\/file_upload\/publication\/pdf\/20130423142409un-gerry-adams-para-el-pais-vasco.pdf\" target=\"_blank\">Consultar PDF<\/a>[vc_empty_space height=&#8221;10&#8243;]<br \/>\n<strong>Resumen<\/strong><br \/>\nEn Irlanda del Norte ninguna otra persona ha estado m\u00e1s entregada a la tarea de alcanzar la paz mediante el di\u00e1logo\u00bb. As\u00ed era presentado Gerry Adams el 16 de enero de 2005 en la primera de las dos entrevistas con el pol\u00edtico norirland\u00e9s que en un mes public\u00f3 el diario El Pa\u00eds. Semejante afirmaci\u00f3n era falsa, si bien anticipaba el tratamiento que Adams tendr\u00eda durante su gira por Espa\u00f1a. El dirigente del IRA sedujo a los medios de comunicaci\u00f3n durante la presentaci\u00f3n de sus memorias en nuestro pa\u00eds, consolidando la imagen de hombre entregado a la causa de la paz que tanto cuida ante la generalizada ausencia de cr\u00edticas a su figura. Todo ello cobraba especial relevancia en unos momentos en los que se debate c\u00f3mo acabar con ETA, lleg\u00e1ndose incluso a reclamar un \u00abGerry Adams para el Pa\u00eds Vasco\u00bb.<br \/>\n[vc_empty_space height=&#8221;10&#8243;]<br \/>\n<strong>Autor<\/strong><br \/>\nRogelio Alonso. <a title=\"Dialnet\" href=\"http:\/\/dialnet.unirioja.es\/servlet\/autor?codigo=639679\" target=\"_blank\">P\u00e1gina del autor en Dialnet.<\/a><br \/>\n[vc_empty_space height=&#8221;10&#8243;]<br \/>\n<strong>Tipo de documento<\/strong><br \/>\nArt\u00edculo<br \/>\n[vc_empty_space height=&#8221;10&#8243;]<br \/>\n<a title=\"Dialnet\" href=\"http:\/\/dialnet.unirioja.es\/servlet\/articulo?codigo=1138198\" target=\"_blank\"><strong>Enlace alternativo<\/strong><\/a><br \/>\n[vc_empty_space height=&#8221;10&#8243;]<br \/>\n[\/vc_column_text][\/vc_column][\/vc_row]<\/p>\n<\/div>","protected":false},"excerpt":{"rendered":"<p>[vc_row][vc_column width=&#8221;1\/1&#8243;][vc_column_text][vc_empty_space height=&#8221;20&#8243;] Referencia bibliogr\u00e1fica ALONSO, Rogelio (2005): \u00ab\u00bfUn Gerry Adams para el Pa\u00eds Vasco?\u00bb, Cuadernos de Pensamiento Pol\u00edtico FAES, n\u00ba 6, pp. 189-198. Consultar PDF[vc_empty_space height=&#8221;10&#8243;] Resumen En Irlanda&hellip;<\/p>\n","protected":false},"author":1,"featured_media":0,"parent":0,"menu_order":0,"comment_status":"open","ping_status":"open","template":"","meta":{"om_disable_all_campaigns":false,"_monsterinsights_skip_tracking":false,"_monsterinsights_sitenote_active":false,"_monsterinsights_sitenote_note":"","_monsterinsights_sitenote_category":0,"_uf_show_specific_survey":0,"_uf_disable_surveys":false,"_vp_format_video_url":"","_vp_image_focal_point":[],"_vp_custom_popup_image":0,"_vp_format_audio_url":"","_vp_custom_thumbnail":0,"_vp_custom_thumbnail_focal_point":[],"_vp_hover_thumbnail":0,"_vp_hover_thumbnail_focal_point":[],"footnotes":""},"class_list":["post-4101","page","type-page","status-publish","hentry"],"aioseo_notices":[],"_links":{"self":[{"href":"https:\/\/www.arovite.com\/eu\/wp-json\/wp\/v2\/pages\/4101","targetHints":{"allow":["GET"]}}],"collection":[{"href":"https:\/\/www.arovite.com\/eu\/wp-json\/wp\/v2\/pages"}],"about":[{"href":"https:\/\/www.arovite.com\/eu\/wp-json\/wp\/v2\/types\/page"}],"author":[{"embeddable":true,"href":"https:\/\/www.arovite.com\/eu\/wp-json\/wp\/v2\/users\/1"}],"replies":[{"embeddable":true,"href":"https:\/\/www.arovite.com\/eu\/wp-json\/wp\/v2\/comments?post=4101"}],"version-history":[{"count":0,"href":"https:\/\/www.arovite.com\/eu\/wp-json\/wp\/v2\/pages\/4101\/revisions"}],"wp:attachment":[{"href":"https:\/\/www.arovite.com\/eu\/wp-json\/wp\/v2\/media?parent=4101"}],"curies":[{"name":"wp","href":"https:\/\/api.w.org\/{rel}","templated":true}]}}