{"id":2734,"date":"2015-01-28T13:50:00","date_gmt":"2015-01-28T13:50:00","guid":{"rendered":"http:\/\/www.arovite.com\/?page_id=2734"},"modified":"2025-06-17T17:48:17","modified_gmt":"2025-06-17T17:48:17","slug":"datu-baseak","status":"publish","type":"page","link":"https:\/\/www.arovite.com\/eu\/datu-baseak\/","title":{"rendered":"Datu-baseak"},"content":{"rendered":"<div class=\"wpb-content-wrapper\"><p>[vc_row][vc_column width=&#8221;1\/2&#8243;][vc_column_text]Gure <strong>bilatzaile bibliografikoak<\/strong> aukera ematen digu Euskadin terrorismoaren inguruan idatzi diren liburuak eta aldizkari akademikoetan argitaratutako artikuluak eta kapituluak ezagutzeko. XX. mendeko hirurogeita hamar hamarkadaren hasieratik gaur egun arte argitaratu diren lanetatik 950 erreferentzia baino gehiago ditugu. Bilaketarako irizpideak honako hauek dira: hitz gakoa, egilea, titulua, urtea eta argitalpen mota. \u201cTodo\u201d aukera hautatzean, datu-base multzoaren emaitza guztiak agertuko dira. \u201cAutor\u201d, \u201ct\u00edtulo\u201d edo \u201ca\u00f1o\u201d hautatzean, bilaketa zehatzagoa, aurreratuagoa eta baliagarriagoa izango da elementu horiek bereizteko eta argitalpen mota desberdintzeko. Tresna honek hitz beteak bereizten ditu, beraz, sartutako kontzeptuak ez dira ebaki behar. Emaitzak alfabetikoki sailkatuta agertzen dira egilearen abizenetik hasita. Lan eta errepertorio hau Alba L\u00f3pez Romo-k eta Ra\u00fal L\u00f3pez Romo-k egin dute, Gaizka Fern\u00e1ndez Soldevilla-ren lankidetzarekin. Gaizkak bere tesiaren bibliografia eskaini digu, eskuzabaltasun osoz.<\/p>\n<p><strong>Irakurketa iradokizunen atalean<\/strong> historia, soziologia, politologia, antropologia edo komunikabide zientziei buruzko funtsezko liburuen zerrenda aurki daiteke. Oroitzapenei zuzendutako atalean izan ezik, beste ataletan liburu akademikoak aurkitzen dira soilik, eta ez egunkarietan agertutako artikuluak edota literatura militantea (azken hau, bibliografia bilatzailean eskuragarri dago). 50 liburu nabarmenen baino gehiagoren selekzioa da. Zerrenda gaien arabera bananduta dago: terrorismoaren testuingurua eta oinarria, ETAren historia, biktimak, biktimen zerrenda\u2026[\/vc_column_text][\/vc_column][vc_column width=&#8221;1\/2&#8243;][vc_column_text]<strong>Pelikula eta dokumentalen atalean<\/strong>, ETA, GAL eta beste erakunde terroristen gaia lantzen duten filmen zerrenda dago. Lizentzia zinematografikorik gabeko filmak, telebistan bakarrik aurkezteko filmak edo laburmetraiak ez daude sartuta. Beste batzuen artean, hurrengo datuak ematen ditugu: titulua, zuzendaria, urtea, kartela, iraupena, eta abar. Emaitzak dataren arabera agertzen dira: zaharrenetatik berrienera. Erreferentziaren iturburua Santiago de Pablo da (2012): <em>The Basque Nation On-Screen. Cinema, Nationalism, and Political Violence<\/em>. Reno: Center for Basque Studies-University of Nevada. Egile honi bere ezinbesteko parte-hartzea eskertzen diogu.<\/p>\n<p><strong>Grafikoen atalak<\/strong> hurrengo edukiak ditu: ETA eta beste erakunde terroristen biktimen zerrenda, Euskadin gertatutako terrorismoaren kronologia (1952-2011) eta euskal nazionalismoaren erakunde desberdinen bilakaera historikoari buruzko eta Euskal Herriko ezker-muturrekoari buruzko banako eskemak.<\/p>\n<p><strong>Euskobarometro <\/strong>atalean eskema eta taula batzuk argitaratzen ditugu, esaterako: euskaldunek duten politikari buruz askatasunez hitz egiteko sentsazioaz, politikan aktiboki parte hartzeko beldurrez, ETArekiko jarreraz Euskal Herrian, ETAren kideen irudi publikoaz edo Euskadin terrorismoaren amaierara heltzeko lagundu duten faktoreez.[\/vc_column_text][\/vc_column][\/vc_row][vc_row][vc_column][vc_empty_space height=&#8221;50px&#8221;][\/vc_column][\/vc_row][vc_row gap=&#8221;60&#8243; content_placement=&#8221;middle&#8221;][vc_column width=&#8221;1\/3&#8243;][konte_banner text_position=&#8221;top-left&#8221; button_text=&#8221;Informazio gehiago&#8221; link=&#8221;url:https%3A%2F%2Fwww.arovite.com%2Feu%2Fbakeaz-fondoa%2F|title:Buscador%20de%20bibliograf%C3%ADa&#8221; image=&#8221;24300&#8243;]Bakeaz Fondoa[\/konte_banner][\/vc_column][vc_column width=&#8221;1\/3&#8243;][konte_banner text_position=&#8221;top-left&#8221; button_text=&#8221;Informazio gehiago&#8221; link=&#8221;url:https%3A%2F%2Fwww.arovite.com%2Feu%2Fdatu-baseak%2Firakurketa-iradokizunak%2F|title:Buscador%20de%20bibliograf%C3%ADa&#8221; image=&#8221;18747&#8243;]Irakurketa iradokizunak[\/konte_banner][\/vc_column][vc_column width=&#8221;1\/3&#8243;][konte_banner text_position=&#8221;top-left&#8221; scheme=&#8221;light&#8221; button_text=&#8221;Informazio gehiago&#8221; link=&#8221;url:https%3A%2F%2Fwww.arovite.com%2Feu%2Fdatu-baseak%2Ffilm-eta-dokumentalak%2F|title:Buscador%20de%20bibliograf%C3%ADa&#8221; image=&#8221;18751&#8243;]Pelikula eta dokumentalak[\/konte_banner][\/vc_column][\/vc_row][vc_row gap=&#8221;60&#8243; content_placement=&#8221;middle&#8221;][vc_column width=&#8221;1\/3&#8243;][konte_banner text_position=&#8221;top-left&#8221; button_text=&#8221;Informazio gehiago&#8221; link=&#8221;url:https%3A%2F%2Fwww.arovite.com%2Feu%2Fdatu-baseak%2Fgrafikoak%2F|title:Buscador%20de%20bibliograf%C3%ADa&#8221; image=&#8221;18756&#8243;]Grafikoak[\/konte_banner][\/vc_column][vc_column width=&#8221;1\/3&#8243;][konte_banner text_position=&#8221;top-left&#8221; button_text=&#8221;Informazio gehiago&#8221; link=&#8221;url:https%3A%2F%2Fwww.arovite.com%2Feu%2Feuskobarometro-fondoa%2F|title:Buscador%20de%20bibliograf%C3%ADa&#8221; image=&#8221;18760&#8243;]Euskobarometro Fondoa[\/konte_banner][\/vc_column][vc_column width=&#8221;1\/3&#8243;][konte_banner text_position=&#8221;top-left&#8221; scheme=&#8221;light&#8221; button_text=&#8221;Informazio gehiago&#8221; link=&#8221;url:https%3A%2F%2Fwww.arovite.com%2Feu%2Fdatu-baseak%2Flineako-testigantzak%2F|title:Buscador%20de%20bibliograf%C3%ADa&#8221; image=&#8221;18763&#8243;]Lineako testigantzak[\/konte_banner][\/vc_column][\/vc_row]<\/p>\n<\/div>","protected":false},"excerpt":{"rendered":"<p>[vc_row][vc_column width=&#8221;1\/2&#8243;][vc_column_text]Gure bilatzaile bibliografikoak aukera ematen digu Euskadin terrorismoaren inguruan idatzi diren liburuak eta aldizkari akademikoetan argitaratutako artikuluak eta kapituluak ezagutzeko. XX. mendeko hirurogeita hamar hamarkadaren hasieratik gaur egun arte&hellip;<\/p>\n","protected":false},"author":1,"featured_media":0,"parent":0,"menu_order":0,"comment_status":"closed","ping_status":"closed","template":"","meta":{"om_disable_all_campaigns":false,"_monsterinsights_skip_tracking":false,"_monsterinsights_sitenote_active":false,"_monsterinsights_sitenote_note":"","_monsterinsights_sitenote_category":0,"_uf_show_specific_survey":0,"_uf_disable_surveys":false,"_vp_format_video_url":"","_vp_image_focal_point":[],"_vp_custom_popup_image":0,"_vp_format_audio_url":"","_vp_custom_thumbnail":0,"_vp_custom_thumbnail_focal_point":[],"_vp_hover_thumbnail":0,"_vp_hover_thumbnail_focal_point":[],"footnotes":""},"class_list":["post-2734","page","type-page","status-publish","hentry"],"aioseo_notices":[],"_links":{"self":[{"href":"https:\/\/www.arovite.com\/eu\/wp-json\/wp\/v2\/pages\/2734","targetHints":{"allow":["GET"]}}],"collection":[{"href":"https:\/\/www.arovite.com\/eu\/wp-json\/wp\/v2\/pages"}],"about":[{"href":"https:\/\/www.arovite.com\/eu\/wp-json\/wp\/v2\/types\/page"}],"author":[{"embeddable":true,"href":"https:\/\/www.arovite.com\/eu\/wp-json\/wp\/v2\/users\/1"}],"replies":[{"embeddable":true,"href":"https:\/\/www.arovite.com\/eu\/wp-json\/wp\/v2\/comments?post=2734"}],"version-history":[{"count":21,"href":"https:\/\/www.arovite.com\/eu\/wp-json\/wp\/v2\/pages\/2734\/revisions"}],"predecessor-version":[{"id":24303,"href":"https:\/\/www.arovite.com\/eu\/wp-json\/wp\/v2\/pages\/2734\/revisions\/24303"}],"wp:attachment":[{"href":"https:\/\/www.arovite.com\/eu\/wp-json\/wp\/v2\/media?parent=2734"}],"curies":[{"name":"wp","href":"https:\/\/api.w.org\/{rel}","templated":true}]}}