{"id":25142,"date":"2026-03-01T08:28:32","date_gmt":"2026-03-01T08:28:32","guid":{"rendered":"https:\/\/www.arovite.com\/almeida-diez-adrian-2020\/"},"modified":"2026-03-01T08:35:22","modified_gmt":"2026-03-01T08:35:22","slug":"almeida-diez-adrian-2020","status":"publish","type":"page","link":"https:\/\/www.arovite.com\/eu\/almeida-diez-adrian-2020\/","title":{"rendered":"ALMEIDA D\u00cdEZ, Adri\u00e1n (2020)"},"content":{"rendered":"<div class=\"wpb-content-wrapper\"><p>[vc_row][vc_column width=&#8221;1\/1&#8243;][vc_column_text][vc_empty_space height=&#8221;20&#8243;]<br \/>\n<strong>Referencia bibliogr\u00e1fica<\/strong><\/p>\n<p>ALMEIDA D\u00cdEZ, Adri\u00e1n (2020): \u00abLa Hip\u00f3tesis Revolucionaria. Nacionalismo Vasco y la Cr\u00edtica a la Modernidad\u00bb, <em>Araucaria: Revista Iberoamericana de Filosof\u00eda, Pol\u00edtica, Humanidades y Relaciones Internacionales<\/em>, n\u00ba 43, pp. 119-142. <\/p>\n<p><a class=\"button blue  medium \" href=\"https:\/\/dialnet.unirioja.es\/descarga\/articulo\/7418127.pdf\" target=\"_blank\">Consultar PDF<\/a>[vc_empty_space height=&#8221;10&#8243;]<br \/>\n<strong>Resumen<\/strong><br \/>\nEl presente trabajo trata de aportar una reflexi\u00f3n sobre los or\u00edgenes y evoluciones del nacionalismo vasco en atenci\u00f3n a su rechazo a la modernidad, comprendiendo reflexivamente este rechazo en relaci\u00f3n a las cr\u00edticas a la modernidad realizadas por la primera generaci\u00f3n de la Escuela de Frankfurt (especialmente por los autores Max Horkheimer y Theodor Adorno) y considerando la posibilidad, y en virtud de lo anterior, de replantear la reactancia del nacionalismo vasco no en un sentido reaccionario, sino con un significado revolucionario. Se analizar\u00e1 el primer nacionalismo vasco fundado por Sabino Arana en el siglo XIX y el surgido a partir de la organizaci\u00f3n ETA, la izquierda abertzale, durante los a\u00f1os 60. [vc_empty_space height=&#8221;10&#8243;]<br \/>\n<strong>Abstract<\/strong><br \/>\nThis article wants to offer a new reflexion about the origins and the historical evolution of the Basque Nationalism. According to the critical perspectives to modernity which the first generation of the Frankfurt School made (specially, the philosophers Max Horkheimer and Theodor Adorno), we are going to analyze the reactance of the Basque Nationalism to modernity considering this as a core of a revolutionary significance. It is going to be examined the first Basque Nationalism created by Sabino Arana in 19th Century, and the new Basque Nationalism ideology emerged in sixties after the creation of the group ETA, commonly named: patriotic left.<br \/>\n[vc_empty_space height=&#8221;10&#8243;]<br \/>\n<strong>Autor<\/strong><br \/>\nAdri\u00e1n Almeida D\u00edez. <a title=\"Dialnet\" href=\"https:\/\/dialnet.unirioja.es\/servlet\/autor?codigo=4487193\" target=\"_blank\">P\u00e1gina del autor en Dialnet.<\/a><br \/>\n[vc_empty_space height=&#8221;10&#8243;]<br \/>\n<strong>Tipo de documento<\/strong><br \/>\nArt\u00edculo<br \/>\n[vc_empty_space height=&#8221;10&#8243;]<br \/>\n[\/vc_column_text][\/vc_column][\/vc_row]<\/p>\n<\/div>","protected":false},"excerpt":{"rendered":"<p>[vc_row][vc_column width=&#8221;1\/1&#8243;][vc_column_text][vc_empty_space height=&#8221;20&#8243;] Referencia bibliogr\u00e1fica ALMEIDA D\u00cdEZ, Adri\u00e1n (2020): \u00abLa Hip\u00f3tesis Revolucionaria. Nacionalismo Vasco y la Cr\u00edtica a la Modernidad\u00bb, Araucaria: Revista Iberoamericana de Filosof\u00eda, Pol\u00edtica, Humanidades y Relaciones Internacionales,&hellip;<\/p>\n","protected":false},"author":1,"featured_media":0,"parent":0,"menu_order":0,"comment_status":"closed","ping_status":"closed","template":"","meta":{"om_disable_all_campaigns":false,"_monsterinsights_skip_tracking":false,"_monsterinsights_sitenote_active":false,"_monsterinsights_sitenote_note":"","_monsterinsights_sitenote_category":0,"_uf_show_specific_survey":0,"_uf_disable_surveys":false,"_vp_format_video_url":"","_vp_image_focal_point":[],"_vp_custom_popup_image":0,"_vp_format_audio_url":"","_vp_custom_thumbnail":0,"_vp_custom_thumbnail_focal_point":[],"_vp_hover_thumbnail":0,"_vp_hover_thumbnail_focal_point":[],"footnotes":""},"class_list":["post-25142","page","type-page","status-publish","hentry"],"aioseo_notices":[],"_links":{"self":[{"href":"https:\/\/www.arovite.com\/eu\/wp-json\/wp\/v2\/pages\/25142","targetHints":{"allow":["GET"]}}],"collection":[{"href":"https:\/\/www.arovite.com\/eu\/wp-json\/wp\/v2\/pages"}],"about":[{"href":"https:\/\/www.arovite.com\/eu\/wp-json\/wp\/v2\/types\/page"}],"author":[{"embeddable":true,"href":"https:\/\/www.arovite.com\/eu\/wp-json\/wp\/v2\/users\/1"}],"replies":[{"embeddable":true,"href":"https:\/\/www.arovite.com\/eu\/wp-json\/wp\/v2\/comments?post=25142"}],"version-history":[{"count":1,"href":"https:\/\/www.arovite.com\/eu\/wp-json\/wp\/v2\/pages\/25142\/revisions"}],"predecessor-version":[{"id":25149,"href":"https:\/\/www.arovite.com\/eu\/wp-json\/wp\/v2\/pages\/25142\/revisions\/25149"}],"wp:attachment":[{"href":"https:\/\/www.arovite.com\/eu\/wp-json\/wp\/v2\/media?parent=25142"}],"curies":[{"name":"wp","href":"https:\/\/api.w.org\/{rel}","templated":true}]}}