{"id":24987,"date":"2026-01-18T17:19:59","date_gmt":"2026-01-18T17:19:59","guid":{"rendered":"https:\/\/www.arovite.com\/varona-gema-de-la-cuesta-arzamendi-jose-luis-y-echeburua-enrique-2016\/"},"modified":"2026-01-18T17:19:59","modified_gmt":"2026-01-18T17:19:59","slug":"varona-gema-de-la-cuesta-arzamendi-jose-luis-y-echeburua-enrique-2016","status":"publish","type":"page","link":"https:\/\/www.arovite.com\/eu\/varona-gema-de-la-cuesta-arzamendi-jose-luis-y-echeburua-enrique-2016\/","title":{"rendered":"VARONA, Gema, DE LA CUESTA ARZAMENDI, Jos\u00e9 Luis y ECHEBUR\u00daA, Enrique (2016)"},"content":{"rendered":"<div class=\"wpb-content-wrapper\"><p>[vc_row][vc_column width=&#8221;1\/1&#8243;][vc_column_text][vc_empty_space height=&#8221;20&#8243;]<br \/>\n<strong>Referencia bibliogr\u00e1fica<\/strong><br \/>\nVARONA, Gema, DE LA CUESTA ARZAMENDI, Jos\u00e9 Luis y ECHEBUR\u00daA, Enrique (2016): \u00abVictims of terrorism in the Basque Country: Paradoxes of their expectations and demands in the end of ETA\u00bb, <em>Revista de Victimolog\u00eda<\/em>, n\u00ba 3, pp. 65-84. <\/p>\n<p><a class=\"button blue  medium \" href=\"https:\/\/dialnet.unirioja.es\/descarga\/articulo\/5774181.pdf\" target=\"_blank\" rel=\"noopener\">Consultar PDF<\/a>[vc_empty_space height=&#8221;10&#8243;]<br \/>\n<strong>Resumen<\/strong><br \/>\nDentro de una perspectiva victimol\u00f3gica cr\u00edtica, se presentan los resultados de una pionera encuesta de victimizaci\u00f3n, espec\u00edfica sobre terrorismo. El trabajo de campo fue desarrollado en el Pa\u00eds Vasco a fi nales del a\u00f1o 2013, dos a\u00f1os despu\u00e9s de la declaraci\u00f3n de alto el fuego de ETA. Nuestro objetivo concreto es valorar el bienestar de las v\u00edctimas y su valoraci\u00f3n personal de las agencias pol\u00edticas y sociales, articularmente en relaci\u00f3n con sus experiencias de justicia. Nuestra hip\u00f3tesis principal es que el concepto de \u00abapesadumbrado alivio\u00bb expresa los sentimientos parad\u00f3jicos,  intereses y expectativas de 154 v\u00edctimas indirectas de asesinatos que completaron el cuestionario. Se eval\u00faa la victimizaci\u00f3n secundaria a largo plazo en el seno del sistema penal y la sociedad vasca. De los resultados puede deducirse una  interdependencia entre las dimensiones objetivas y subjetivas de las victimizaciones primaria y secundaria. Adem\u00e1s, a pesar de las crecientes pol\u00edticas p\u00fablicas en este campo, la victimizaci\u00f3n oculta persiste en diferentes niveles. [vc_empty_space height=&#8221;10&#8243;]<br \/>\n<strong>Abstract<\/strong><br \/>\nWithin a critical victimological perspective we present and discuss fi ndings of a pioneer and specific victimization survey on terrorism. This study was developed in the Basque Country at the end of 2013, two years after ETA\u2019s ceasefire declaration. Our concrete objective is to assess the well-being of victims and their personal evaluation of political and social agencies, particularly in relation to their experiences of justice. Our main hypothesis is that the concept of sorrowful relief expresses the paradoxical feelings, interests and expectations shown by 154 surveyed indirect victims of murders. Long term secondary victimization of indirect victims in the criminal justice and Basque society is assessed. Results strongly suggest the interdependence of objective and subjective dimensions of primary and secondary victimization. Moreover, despite increasing public policies in this area, hidden victimization persists at different levels. [vc_empty_space height=&#8221;10&#8243;]<br \/>\n<strong>Autor<\/strong><br \/>\nGema Varona. <a title=\"Dialnet\" href=\"https:\/\/dialnet.unirioja.es\/servlet\/autor?codigo=732899\" target=\"_blank\" rel=\"noopener\">P\u00e1gina del autor en Dialnet.<\/a><br \/>\nJos\u00e9 Luis de la Cuesta Arzamendi. <a title=\"Dialnet\" href=\"https:\/\/dialnet.unirioja.es\/servlet\/autor?codigo=4538663\" target=\"_blank\" rel=\"noopener\">P\u00e1gina del autor en Dialnet.<\/a><br \/>\nEnrique Echebur\u00faa. <a title=\"Dialnet\" href=\"https:\/\/dialnet.unirioja.es\/servlet\/autor?codigo=48780\" target=\"_blank\" rel=\"noopener\">P\u00e1gina del autor en Dialnet.<\/a><br \/>\n[vc_empty_space height=&#8221;10&#8243;]<br \/>\n<strong>Tipo de documento<\/strong><br \/>\nArt\u00edculo<br \/>\n[vc_empty_space height=&#8221;10&#8243;]<br \/>\n[\/vc_column_text][\/vc_column][\/vc_row]<\/p>\n<\/div>","protected":false},"excerpt":{"rendered":"<p>[vc_row][vc_column width=&#8221;1\/1&#8243;][vc_column_text][vc_empty_space height=&#8221;20&#8243;] Referencia bibliogr\u00e1fica VARONA, Gema, DE LA CUESTA ARZAMENDI, Jos\u00e9 Luis y ECHEBUR\u00daA, Enrique (2016): \u00abVictims of terrorism in the Basque Country: Paradoxes of their expectations and demands&hellip;<\/p>\n","protected":false},"author":1,"featured_media":0,"parent":0,"menu_order":0,"comment_status":"closed","ping_status":"closed","template":"","meta":{"om_disable_all_campaigns":false,"_monsterinsights_skip_tracking":false,"_monsterinsights_sitenote_active":false,"_monsterinsights_sitenote_note":"","_monsterinsights_sitenote_category":0,"_uf_show_specific_survey":0,"_uf_disable_surveys":false,"_vp_format_video_url":"","_vp_image_focal_point":[],"_vp_custom_popup_image":0,"_vp_format_audio_url":"","_vp_custom_thumbnail":0,"_vp_custom_thumbnail_focal_point":[],"_vp_hover_thumbnail":0,"_vp_hover_thumbnail_focal_point":[],"footnotes":""},"class_list":["post-24987","page","type-page","status-publish","hentry"],"aioseo_notices":[],"_links":{"self":[{"href":"https:\/\/www.arovite.com\/eu\/wp-json\/wp\/v2\/pages\/24987","targetHints":{"allow":["GET"]}}],"collection":[{"href":"https:\/\/www.arovite.com\/eu\/wp-json\/wp\/v2\/pages"}],"about":[{"href":"https:\/\/www.arovite.com\/eu\/wp-json\/wp\/v2\/types\/page"}],"author":[{"embeddable":true,"href":"https:\/\/www.arovite.com\/eu\/wp-json\/wp\/v2\/users\/1"}],"replies":[{"embeddable":true,"href":"https:\/\/www.arovite.com\/eu\/wp-json\/wp\/v2\/comments?post=24987"}],"version-history":[{"count":0,"href":"https:\/\/www.arovite.com\/eu\/wp-json\/wp\/v2\/pages\/24987\/revisions"}],"wp:attachment":[{"href":"https:\/\/www.arovite.com\/eu\/wp-json\/wp\/v2\/media?parent=24987"}],"curies":[{"name":"wp","href":"https:\/\/api.w.org\/{rel}","templated":true}]}}