{"id":24818,"date":"2026-01-18T10:15:57","date_gmt":"2026-01-18T10:15:57","guid":{"rendered":"https:\/\/www.arovite.com\/caminos-marcet-jose-maria-armentia-vizuete-jose-ignacio-y-marin-murillo-maria-flora-2013\/"},"modified":"2026-01-18T10:15:57","modified_gmt":"2026-01-18T10:15:57","slug":"caminos-marcet-jose-maria-armentia-vizuete-jose-ignacio-y-marin-murillo-maria-flora-2013","status":"publish","type":"page","link":"https:\/\/www.arovite.com\/eu\/caminos-marcet-jose-maria-armentia-vizuete-jose-ignacio-y-marin-murillo-maria-flora-2013\/","title":{"rendered":"CAMINOS MARCET, Jos\u00e9 Mar\u00eda, ARMENTIA VIZUETE, Jos\u00e9 Ignacio y MAR\u00cdN MURILLO, Mar\u00eda Flora (2013)"},"content":{"rendered":"<div class=\"wpb-content-wrapper\"><p>[vc_row][vc_column width=&#8221;1\/1&#8243;][vc_column_text][vc_empty_space height=&#8221;20&#8243;]<br \/>\n<strong>Referencia bibliogr\u00e1fica<\/strong><br \/>\nCAMINOS MARCET, Jos\u00e9 Mar\u00eda, ARMENTIA VIZUETE, Jos\u00e9 Ignacio y MAR\u00cdN MURILLO, Mar\u00eda Flora (2013): \u00abLos diarios vascos frente al terrorismo (1990, 2000, 2008 y 2009). An\u00e1lisis de los editoriales sobre los atentados mortales de ETA\u00bb, <em>Revista Latina de Comunicaci\u00f3n Social<\/em>, n\u00ba 68, pp. 1-26.<\/p>\n<p><a class=\"button blue  medium \" href=\"https:\/\/dialnet.unirioja.es\/servlet\/articulo?codigo=4116431&#038;orden=372933&#038;info=link\" target=\"_blank\" rel=\"noopener\">Consultar PDF<\/a>[vc_empty_space height=&#8221;10&#8243;]<br \/>\n<strong>Resumen<\/strong><br \/>\nEn la presente investigaci\u00f3n hemos analizado los editoriales que los medios de comunicaci\u00f3n vascos publican durante los a\u00f1os 1990, 2000, 2008 y 2009 cuando se producen atentados de ETA con v\u00edctimas mortales. Pretendemos con ello observar el tratamiento que los diferentes medios de comunicaci\u00f3n hacen sobre el terrorismo en sus textos de opini\u00f3n m\u00e1s importantes, ya que son los que marcan la l\u00ednea ideol\u00f3gica del medio. Como hip\u00f3tesis de partida consideramos que a lo largo de las fechas analizadas hay un important\u00edsimo cambio en la l\u00ednea editorial de los medios a la hora de afrontar los asesinatos de ETA, que va desde la pr\u00e1ctica inexistencia de la publicaci\u00f3n de editoriales a la utilizaci\u00f3n de los mismos como instrumentos activos en la lucha contra la violencia. Alcanzado el a\u00f1o 2009, los medios de comunicaci\u00f3n tienen una estrategia muy definida para combatir el terrorismo de ETA que queda perfectamente plasmada en los editoriales que publican. [vc_empty_space height=&#8221;10&#8243;]<br \/>\n<strong>Abstract<\/strong><br \/>\nThis article presents an analysis of the editorials published by the Basque press in 1990, 2000, 2008 and 2009, when ETA carried out fatal attacks. The objective is to examine the treatment given by the different Basque newspapers to terrorism in their most important opinion texts, which reflect their ideology. The initial hypothesis is that the editorial line used by the Basque press to address ETA&#8217;s attacks has changed remarkably during the analysed years, going from the virtual absence of editorials to the use of editorials as active instruments in the fight against violence. By 2009, the Basque press had finally defined its strategy to combat ETA&#8217;s terrorism, and this was perfectly reflected in their editorials. [vc_empty_space height=&#8221;10&#8243;]<br \/>\n<strong>Autor<\/strong><br \/>\nJos\u00e9 Mar\u00eda Caminos Marcet. <a title=\"Dialnet\" href=\"https:\/\/dialnet.unirioja.es\/servlet\/autor?codigo=339862\" target=\"_blank\" rel=\"noopener\">P\u00e1gina del autor en Dialnet.<\/a><br \/>\nJos\u00e9 Ignacio Armentia Vizuete. <a title=\"Dialnet\" href=\"https:\/\/dialnet.unirioja.es\/servlet\/autor?codigo=124578\" target=\"_blank\" rel=\"noopener\">P\u00e1gina del autor en Dialnet.<\/a><br \/>\nMar\u00eda Flora Mar\u00edn Murillo. <a title=\"Dialnet\" href=\"https:\/\/dialnet.unirioja.es\/servlet\/autor?codigo=339863\" target=\"_blank\" rel=\"noopener\">P\u00e1gina del autor en Dialnet.<\/a><br \/>\n[vc_empty_space height=&#8221;10&#8243;]<br \/>\n<strong>Tipo de documento<\/strong><br \/>\nArt\u00edculo<br \/>\n[vc_empty_space height=&#8221;10&#8243;]<br \/>\n[\/vc_column_text][\/vc_column][\/vc_row]<\/p>\n<\/div>","protected":false},"excerpt":{"rendered":"<p>[vc_row][vc_column width=&#8221;1\/1&#8243;][vc_column_text][vc_empty_space height=&#8221;20&#8243;] Referencia bibliogr\u00e1fica CAMINOS MARCET, Jos\u00e9 Mar\u00eda, ARMENTIA VIZUETE, Jos\u00e9 Ignacio y MAR\u00cdN MURILLO, Mar\u00eda Flora (2013): \u00abLos diarios vascos frente al terrorismo (1990, 2000, 2008 y 2009).&hellip;<\/p>\n","protected":false},"author":1,"featured_media":0,"parent":0,"menu_order":0,"comment_status":"closed","ping_status":"closed","template":"","meta":{"om_disable_all_campaigns":false,"_monsterinsights_skip_tracking":false,"_monsterinsights_sitenote_active":false,"_monsterinsights_sitenote_note":"","_monsterinsights_sitenote_category":0,"_uf_show_specific_survey":0,"_uf_disable_surveys":false,"_vp_format_video_url":"","_vp_image_focal_point":[],"_vp_custom_popup_image":0,"_vp_format_audio_url":"","_vp_custom_thumbnail":0,"_vp_custom_thumbnail_focal_point":[],"_vp_hover_thumbnail":0,"_vp_hover_thumbnail_focal_point":[],"footnotes":""},"class_list":["post-24818","page","type-page","status-publish","hentry"],"aioseo_notices":[],"_links":{"self":[{"href":"https:\/\/www.arovite.com\/eu\/wp-json\/wp\/v2\/pages\/24818","targetHints":{"allow":["GET"]}}],"collection":[{"href":"https:\/\/www.arovite.com\/eu\/wp-json\/wp\/v2\/pages"}],"about":[{"href":"https:\/\/www.arovite.com\/eu\/wp-json\/wp\/v2\/types\/page"}],"author":[{"embeddable":true,"href":"https:\/\/www.arovite.com\/eu\/wp-json\/wp\/v2\/users\/1"}],"replies":[{"embeddable":true,"href":"https:\/\/www.arovite.com\/eu\/wp-json\/wp\/v2\/comments?post=24818"}],"version-history":[{"count":0,"href":"https:\/\/www.arovite.com\/eu\/wp-json\/wp\/v2\/pages\/24818\/revisions"}],"wp:attachment":[{"href":"https:\/\/www.arovite.com\/eu\/wp-json\/wp\/v2\/media?parent=24818"}],"curies":[{"name":"wp","href":"https:\/\/api.w.org\/{rel}","templated":true}]}}