{"id":24802,"date":"2026-01-18T09:49:31","date_gmt":"2026-01-18T09:49:31","guid":{"rendered":"https:\/\/www.arovite.com\/aparicio-rodriguez-victor-2024\/"},"modified":"2026-01-18T09:52:03","modified_gmt":"2026-01-18T09:52:03","slug":"aparicio-rodriguez-victor-2024","status":"publish","type":"page","link":"https:\/\/www.arovite.com\/eu\/aparicio-rodriguez-victor-2024\/","title":{"rendered":"APARICIO RODR\u00cdGUEZ, V\u00edctor (2024)"},"content":{"rendered":"<div class=\"wpb-content-wrapper\"><p>[vc_row][vc_column width=&#8221;1\/1&#8243;][vc_column_text][vc_empty_space height=&#8221;20&#8243;]<br \/>\n<strong>Referencia bibliogr\u00e1fica<\/strong><br \/>\nAPARICIO RODR\u00cdGUEZ, V\u00edctor (2024): \u00abV\u00edctimas, justicia y memoria de la violencia transicional en Espa\u00f1a\u00bb <em>Conce\u03c6tos<\/em>, n\u00ba 10, pp. 20-41. <\/p>\n<p><a class=\"button blue  medium \" href=\"https:\/\/revues.u-bordeaux-montaigne.fr\/conceptos\/article\/view\/535\" target=\"_blank\" rel=\"noopener\">Consultar PDF<\/a>[vc_empty_space height=&#8221;10&#8243;]<br \/>\n<strong>Resumen<\/strong><br \/>\nLa historiograf\u00eda sobre la violencia pol\u00edtica en la Transici\u00f3n espa\u00f1ola goza ya de una trayectoria consolidada, que nos permite, hoy en d\u00eda, conocer con considerable precisi\u00f3n los ciclos, cifras, caracter\u00edsticas, desarrollo y consecuencias del citado fen\u00f3meno. En este art\u00edculo se analizar\u00e1 la evoluci\u00f3n de los relatos sobre la Transici\u00f3n y la forma en que se ha incorporado, de forma paulatina, la cuesti\u00f3n de la violencia. Asimismo, introducir\u00e1 una problem\u00e1tica todav\u00eda no resuelta de forma satisfactoria, como es la consecuci\u00f3n de verdad, justicia y reparaci\u00f3n para las v\u00edctimas de las violencias pol\u00edticas acaecidas en este proceso hist\u00f3rico crucial, as\u00ed como las cuestiones memorialistas a ellas asociadas. [vc_empty_space height=&#8221;10&#8243;]<br \/>\n<strong>Abstract<\/strong><br \/>\nThe historiography on political violence during the Spanish Transition now has a well-established trajectory, allowing us today to understand with considerable precision the cycles, figures, characteristics, development, and consequences of this phenomenon. This article will analyze the evolution of narratives on the Spanish Transition and the gradual incorporation of the issue of violence. It will also introduce an issue that remains unsatisfactorily resolved: achieving truth, justice, and reparation for the victims of political violence during this crucial historical process, as well as the memorialization issues associated with it. [vc_empty_space height=&#8221;10&#8243;]<br \/>\n<strong>R\u00e9sum\u00e9<\/strong><br \/>\nL&#8217;historiographie sur la violence politique dans la Transition espagnole est d\u00e9j\u00e0 suffisamment consolid\u00e9e pour nous permettre aujourd&#8217;hui de conna\u00eetre avec une grande pr\u00e9cision les cycles, les chiffres, les caract\u00e9ristiques, le d\u00e9veloppement et les cons\u00e9quences du ph\u00e9nom\u00e8ne susmentionn\u00e9. Cet article analysera l&#8217;\u00e9volution des r\u00e9cits de la Transition et la mani\u00e8re dont la question de la violence a \u00e9t\u00e9 progressivement incorpor\u00e9e. Il pr\u00e9sentera \u00e9galement un probl\u00e8me qui n&#8217;a pas encore \u00e9t\u00e9 r\u00e9solu de mani\u00e8re satisfaisante, \u00e0 savoir l&#8217;obtention de la v\u00e9rit\u00e9, de la justice et de la r\u00e9paration pour les victimes de la violence politique qui a eu lieu au cours de ce processus historique crucial, ainsi que les questions m\u00e9morielles qui y sont associ\u00e9es. [vc_empty_space height=&#8221;10&#8243;]<br \/>\n<strong>Autor<\/strong><br \/>\nV\u00edctor Aparicio Rodr\u00edguez. <a title=\"Dialnet\" href=\"https:\/\/dialnet.unirioja.es\/servlet\/autor?codigo=4280682\" target=\"_blank\" rel=\"noopener\">P\u00e1gina del autor en Dialnet.<\/a><br \/>\n[vc_empty_space height=&#8221;10&#8243;]<br \/>\n<strong>Tipo de documento<\/strong><br \/>\nArt\u00edculo<br \/>\n[vc_empty_space height=&#8221;10&#8243;]<br \/>\n[\/vc_column_text][\/vc_column][\/vc_row]<\/p>\n<\/div>","protected":false},"excerpt":{"rendered":"<p>[vc_row][vc_column width=&#8221;1\/1&#8243;][vc_column_text][vc_empty_space height=&#8221;20&#8243;] Referencia bibliogr\u00e1fica APARICIO RODR\u00cdGUEZ, V\u00edctor (2024): \u00abV\u00edctimas, justicia y memoria de la violencia transicional en Espa\u00f1a\u00bb Conce\u03c6tos, n\u00ba 10, pp. 20-41. Consultar PDF[vc_empty_space height=&#8221;10&#8243;] Resumen La historiograf\u00eda&hellip;<\/p>\n","protected":false},"author":1,"featured_media":0,"parent":0,"menu_order":0,"comment_status":"closed","ping_status":"closed","template":"","meta":{"om_disable_all_campaigns":false,"_monsterinsights_skip_tracking":false,"_monsterinsights_sitenote_active":false,"_monsterinsights_sitenote_note":"","_monsterinsights_sitenote_category":0,"_uf_show_specific_survey":0,"_uf_disable_surveys":false,"_vp_format_video_url":"","_vp_image_focal_point":[],"_vp_custom_popup_image":0,"_vp_format_audio_url":"","_vp_custom_thumbnail":0,"_vp_custom_thumbnail_focal_point":[],"_vp_hover_thumbnail":0,"_vp_hover_thumbnail_focal_point":[],"footnotes":""},"class_list":["post-24802","page","type-page","status-publish","hentry"],"aioseo_notices":[],"_links":{"self":[{"href":"https:\/\/www.arovite.com\/eu\/wp-json\/wp\/v2\/pages\/24802","targetHints":{"allow":["GET"]}}],"collection":[{"href":"https:\/\/www.arovite.com\/eu\/wp-json\/wp\/v2\/pages"}],"about":[{"href":"https:\/\/www.arovite.com\/eu\/wp-json\/wp\/v2\/types\/page"}],"author":[{"embeddable":true,"href":"https:\/\/www.arovite.com\/eu\/wp-json\/wp\/v2\/users\/1"}],"replies":[{"embeddable":true,"href":"https:\/\/www.arovite.com\/eu\/wp-json\/wp\/v2\/comments?post=24802"}],"version-history":[{"count":1,"href":"https:\/\/www.arovite.com\/eu\/wp-json\/wp\/v2\/pages\/24802\/revisions"}],"predecessor-version":[{"id":24804,"href":"https:\/\/www.arovite.com\/eu\/wp-json\/wp\/v2\/pages\/24802\/revisions\/24804"}],"wp:attachment":[{"href":"https:\/\/www.arovite.com\/eu\/wp-json\/wp\/v2\/media?parent=24802"}],"curies":[{"name":"wp","href":"https:\/\/api.w.org\/{rel}","templated":true}]}}