{"id":24448,"date":"2025-06-23T16:54:25","date_gmt":"2025-06-23T16:54:25","guid":{"rendered":"https:\/\/www.arovite.com\/castells-arteche-luis-2019\/"},"modified":"2025-06-23T16:54:25","modified_gmt":"2025-06-23T16:54:25","slug":"castells-arteche-luis-2019","status":"publish","type":"page","link":"https:\/\/www.arovite.com\/eu\/castells-arteche-luis-2019\/","title":{"rendered":"CASTELLS ARTECHE, LUIS (2019)"},"content":{"rendered":"<div class=\"wpb-content-wrapper\"><p>[vc_row][vc_column width=&#8221;1\/1&#8243;][vc_column_text][vc_empty_space height=&#8221;20&#8243;]<br \/>\n <strong>Referencia bibliogr\u00e1fica<\/strong><br \/>\nCASTELLS ARTECHE, LUIS (2019): \u00abLa paz y la libertad en peligro. ETA y las violencias en Euskadi, 1975-1982\u00bb, en RIVERA, Antonio (coord.): <em>Nunca hubo dos bandos. Violencia pol\u00edtica en el Pa\u00eds Vasco 1975-2011<\/em>. Granada: Comares, pp. 57-99. <\/p>\n<p><a class=\"button blue  medium \" href=\"https:\/\/www.arovite.com\/documentos\/2019_Castells.pdf\" target=\"_blank\" rel=\"noopener\">Consultar PDF<\/a>[vc_empty_space height=&#8221;10&#8243;]<br \/>\n<strong>Resumen<\/strong><br \/>\nEl autor aborda el impacto del terrorismo en un periodo crucial, 1975-1982, cuando su azote alcanz\u00f3 el mayor grado, tras la muerte de Franco y durante la transici\u00f3n. Analiza las distintas violencias de aquellos a\u00f1os, la de ETA y las de identificaci\u00f3n parapolicial, para nada fen\u00f3menos equiparables. [vc_empty_space height=&#8221;10&#8243;]<br \/>\n<strong>Autor<\/strong><br \/>\nLuis Castells Arteche. <a title=\"Dialnet\" href=\"https:\/\/dialnet.unirioja.es\/servlet\/autor?codigo=145543\" target=\"_blank\" rel=\"noopener\">P\u00e1gina del autor en Dialnet.<\/a><br \/>\n[vc_empty_space height=&#8221;10&#8243;]<br \/>\n<strong>Tipo de documento<\/strong><br \/>\nCap\u00edtulo de libro<br \/>\n[vc_empty_space height=&#8221;10&#8243;]<br \/>\n[\/vc_column_text][\/vc_column][\/vc_row]<\/p>\n<\/div>","protected":false},"excerpt":{"rendered":"<p>[vc_row][vc_column width=&#8221;1\/1&#8243;][vc_column_text][vc_empty_space height=&#8221;20&#8243;] Referencia bibliogr\u00e1fica CASTELLS ARTECHE, LUIS (2019): \u00abLa paz y la libertad en peligro. ETA y las violencias en Euskadi, 1975-1982\u00bb, en RIVERA, Antonio (coord.): Nunca hubo dos&hellip;<\/p>\n","protected":false},"author":1,"featured_media":0,"parent":0,"menu_order":0,"comment_status":"closed","ping_status":"closed","template":"","meta":{"om_disable_all_campaigns":false,"_monsterinsights_skip_tracking":false,"_monsterinsights_sitenote_active":false,"_monsterinsights_sitenote_note":"","_monsterinsights_sitenote_category":0,"_uf_show_specific_survey":0,"_uf_disable_surveys":false,"_vp_format_video_url":"","_vp_image_focal_point":[],"_vp_custom_popup_image":0,"_vp_format_audio_url":"","_vp_custom_thumbnail":0,"_vp_custom_thumbnail_focal_point":[],"_vp_hover_thumbnail":0,"_vp_hover_thumbnail_focal_point":[],"footnotes":""},"class_list":["post-24448","page","type-page","status-publish","hentry"],"aioseo_notices":[],"_links":{"self":[{"href":"https:\/\/www.arovite.com\/eu\/wp-json\/wp\/v2\/pages\/24448","targetHints":{"allow":["GET"]}}],"collection":[{"href":"https:\/\/www.arovite.com\/eu\/wp-json\/wp\/v2\/pages"}],"about":[{"href":"https:\/\/www.arovite.com\/eu\/wp-json\/wp\/v2\/types\/page"}],"author":[{"embeddable":true,"href":"https:\/\/www.arovite.com\/eu\/wp-json\/wp\/v2\/users\/1"}],"replies":[{"embeddable":true,"href":"https:\/\/www.arovite.com\/eu\/wp-json\/wp\/v2\/comments?post=24448"}],"version-history":[{"count":0,"href":"https:\/\/www.arovite.com\/eu\/wp-json\/wp\/v2\/pages\/24448\/revisions"}],"wp:attachment":[{"href":"https:\/\/www.arovite.com\/eu\/wp-json\/wp\/v2\/media?parent=24448"}],"curies":[{"name":"wp","href":"https:\/\/api.w.org\/{rel}","templated":true}]}}