{"id":24444,"date":"2025-06-23T16:52:39","date_gmt":"2025-06-23T16:52:39","guid":{"rendered":"https:\/\/www.arovite.com\/eta-1964\/"},"modified":"2025-06-23T16:52:39","modified_gmt":"2025-06-23T16:52:39","slug":"eta-1964","status":"publish","type":"page","link":"https:\/\/www.arovite.com\/eu\/eta-1964\/","title":{"rendered":"ETA (1964)"},"content":{"rendered":"<div class=\"wpb-content-wrapper\"><p>[vc_row][vc_column width=&#8221;1\/1&#8243;][vc_column_text][vc_empty_space height=&#8221;20&#8243;]<br \/>\n <strong>Referencia bibliogr\u00e1fica<\/strong><br \/>\nETA (1964): <em>Manifiesto de ETA al Pueblo Vasco (1 enero 1964)<\/em>.<\/p>\n<p><a class=\"button blue  medium \" href=\"https:\/\/www.arovite.com\/documentos\/1964_ETA.pdf\" target=\"_blank\" rel=\"noopener\">Consultar PDF<\/a>[vc_empty_space height=&#8221;10&#8243;]<br \/>\n<strong>Resumen<\/strong><br \/>\nEl 1 de enero de 1964 ETA public\u00f3 su primer manifiesto. Aunque la organizaci\u00f3n hab\u00eda nacido casi cinco a\u00f1os antes, en 1959, y hab\u00eda cometido ya algunas acciones, entre ellas el intento de descarrilamiento de un tren lleno de excombatientes guipuzcoanos que se dirig\u00eda a San Sebasti\u00e1n el 18 de julio de 1961, hasta ese momento no hab\u00eda difundido ning\u00fan documento. Curiosamente, lo hace p\u00fablico un mes despu\u00e9s de propinar una paliza a un maestro de Zaldibar. El texto tiene su importancia por varios motivos: va dirigido al Pueblo Vasco, denuncia el supuesto \u201cgenocidio sistem\u00e1tico\u201d que este est\u00e1 sufriendo, y pone de relieve el car\u00e1cter etnicista y sectario de ETA cuando advierte de que no habr\u00e1 en su lucha no-beligerantes, sino \u00fanicamente \u201cpatriotas y traidores\u201d. Con ello, la organizaci\u00f3n se distanciaba claramente del PNV, a quienes tacha de \u201csedicientes nacionalistas\u201d, a pesar de utilizar la graf\u00eda sabiniana para escribir el nombre de la organizaci\u00f3n: Euzkadi eta Azkatasuna. Hay otros detalles importantes en el comunicado: acusa a la fuerzas extranjeras, es decir, a Espa\u00f1a fundamentalmente, de haber fomentado la divisi\u00f3n entre vascos, enfrentando a carlistas y nacionalistas, cuando ambos son igualmente vascos y se reconocen en una reivindicaci\u00f3n com\u00fan: \u201clos Fueros y la libertad de nuestro pueblo\u201d. El enemigo com\u00fan es Espa\u00f1a, no el franquismo. El manifiesto, en el que no aparece todav\u00eda el sello de la organizaci\u00f3n con el hacha y la serpiente, sino dos lauburus, constituye una verdadera declaraci\u00f3n de intenciones de todo lo que ya era y ser\u00eda ETA, de todo lo que vendr\u00eda a continuaci\u00f3n. [vc_empty_space height=&#8221;10&#8243;]<br \/>\n<strong>Tipo de documento<\/strong><br \/>\nDocumento<br \/>\n[vc_empty_space height=&#8221;10&#8243;]<br \/>\n[\/vc_column_text][\/vc_column][\/vc_row]<\/p>\n<\/div>","protected":false},"excerpt":{"rendered":"<p>[vc_row][vc_column width=&#8221;1\/1&#8243;][vc_column_text][vc_empty_space height=&#8221;20&#8243;] Referencia bibliogr\u00e1fica ETA (1964): Manifiesto de ETA al Pueblo Vasco (1 enero 1964). Consultar PDF[vc_empty_space height=&#8221;10&#8243;] Resumen El 1 de enero de 1964 ETA public\u00f3 su primer&hellip;<\/p>\n","protected":false},"author":1,"featured_media":0,"parent":0,"menu_order":0,"comment_status":"closed","ping_status":"closed","template":"","meta":{"om_disable_all_campaigns":false,"_monsterinsights_skip_tracking":false,"_monsterinsights_sitenote_active":false,"_monsterinsights_sitenote_note":"","_monsterinsights_sitenote_category":0,"_uf_show_specific_survey":0,"_uf_disable_surveys":false,"_vp_format_video_url":"","_vp_image_focal_point":[],"_vp_custom_popup_image":0,"_vp_format_audio_url":"","_vp_custom_thumbnail":0,"_vp_custom_thumbnail_focal_point":[],"_vp_hover_thumbnail":0,"_vp_hover_thumbnail_focal_point":[],"footnotes":""},"class_list":["post-24444","page","type-page","status-publish","hentry"],"aioseo_notices":[],"_links":{"self":[{"href":"https:\/\/www.arovite.com\/eu\/wp-json\/wp\/v2\/pages\/24444","targetHints":{"allow":["GET"]}}],"collection":[{"href":"https:\/\/www.arovite.com\/eu\/wp-json\/wp\/v2\/pages"}],"about":[{"href":"https:\/\/www.arovite.com\/eu\/wp-json\/wp\/v2\/types\/page"}],"author":[{"embeddable":true,"href":"https:\/\/www.arovite.com\/eu\/wp-json\/wp\/v2\/users\/1"}],"replies":[{"embeddable":true,"href":"https:\/\/www.arovite.com\/eu\/wp-json\/wp\/v2\/comments?post=24444"}],"version-history":[{"count":0,"href":"https:\/\/www.arovite.com\/eu\/wp-json\/wp\/v2\/pages\/24444\/revisions"}],"wp:attachment":[{"href":"https:\/\/www.arovite.com\/eu\/wp-json\/wp\/v2\/media?parent=24444"}],"curies":[{"name":"wp","href":"https:\/\/api.w.org\/{rel}","templated":true}]}}