{"id":18524,"date":"2023-10-24T12:21:19","date_gmt":"2023-10-24T12:21:19","guid":{"rendered":"https:\/\/www.arovite.com\/fernandez-soldevilla-gaizka-y-lopez-romo-raul-2012\/"},"modified":"2023-10-24T12:21:19","modified_gmt":"2023-10-24T12:21:19","slug":"fernandez-soldevilla-gaizka-y-lopez-romo-raul-2012","status":"publish","type":"page","link":"https:\/\/www.arovite.com\/eu\/fernandez-soldevilla-gaizka-y-lopez-romo-raul-2012\/","title":{"rendered":"FERN\u00c1NDEZ SOLDEVILLA, Gaizka y L\u00d3PEZ ROMO, Ra\u00fal (2012)"},"content":{"rendered":"<div class=\"wpb-content-wrapper\"><p>[vc_row][vc_column width=&#8221;1\/1&#8243;][vc_column_text][vc_empty_space height=&#8221;20&#8243;]<br \/>\n <strong>Referencia bibliogr\u00e1fica<\/strong><br \/>\nFERN\u00c1NDEZ SOLDEVILLA, Gaizka y L\u00d3PEZ ROMO, Ra\u00fal (2012): <em>Sangre, votos y manifestaciones: ETA y el nacionalismo vasco radical (1958-2011)<\/em>. Madrid: Tecnos.<\/p>\n<p><a class=\"button blue  medium \" href=\"https:\/\/www.arovite.com\/documentos\/2012_Fern\u00e1ndez_Soldevilla_y_L\u00f3pez_Romo.pdf\" target=\"_blank\" rel=\"noopener\">Consultar PDF<\/a>[vc_empty_space height=&#8221;10&#8243;]<br \/>\n<strong>Resumen<\/strong><br \/>\nEste libro versa sobre una cuesti\u00f3n tan candente como pol\u00e9mica: el pasado reciente de ETA y su entramado civil, la autodenominada \u00abizquierda abertzale\u00bb. Desde los a\u00f1os sesenta a nuestros d\u00edas esta organizaci\u00f3n terrorista ha condicionado dram\u00e1ticamente la vida pol\u00edtica, social y econ\u00f3mica de Espa\u00f1a en general y del Pa\u00eds Vasco en particular. Sin embargo, todav\u00eda hay aspectos de la historia del nacionalismo radical que resultan desconocidos para la ciudadan\u00eda o han sido tergiversados interesadamente, de modo especial los referidos a la etapa del tardofranquismo y la Transici\u00f3n. Durante esos cruciales a\u00f1os ETA y su entorno sociol\u00f3gico adoptaron la triple estrategia en pro de la independencia de Euskadi que los ha caracterizado y que da t\u00edtulo a la presente obra: sangre (el terrorismo de la banda), votos (los candidatos de HB, su brazo electoral, que se presentaban a los sucesivos comicios para dejar luego vac\u00edos los esca\u00f1os que obten\u00edan) y manifestaciones (las movilizaciones sociales, que acabaron adue\u00f1\u00e1ndose de las calles del Pa\u00eds Vasco). Este libro relata c\u00f3mo se ha construido dicha comunidad incivil, cu\u00e1les han sido sus resortes discursivos y movilizadores, y responde al interrogante de por qu\u00e9 ha prendido la violencia en la Euskadi de las \u00faltimas d\u00e9cadas. [vc_empty_space height=&#8221;10&#8243;]<br \/>\n<strong>Autor<\/strong><br \/>\nGaizka Fern\u00e1ndez Soldevilla. <a title=\"Dialnet\" href=\"https:\/\/dialnet.unirioja.es\/servlet\/autor?codigo=2407724\" target=\"_blank\" rel=\"noopener\">P\u00e1gina del autor en Dialnet.<\/a><br \/>\nRa\u00fal L\u00f3pez Romo. <a title=\"Dialnet\" href=\"https:\/\/dialnet.unirioja.es\/servlet\/autor?codigo=2165020\" target=\"_blank\" rel=\"noopener\">P\u00e1gina del autor en Dialnet.<\/a><br \/>\n [vc_empty_space height=&#8221;10&#8243;]<br \/>\n<strong>Tipo de documento<\/strong><br \/>\nLibro<br \/>\n[vc_empty_space height=&#8221;10&#8243;]<br \/>\n[\/vc_column_text][\/vc_column][\/vc_row]<\/p>\n<\/div>","protected":false},"excerpt":{"rendered":"<p>[vc_row][vc_column width=&#8221;1\/1&#8243;][vc_column_text][vc_empty_space height=&#8221;20&#8243;] Referencia bibliogr\u00e1fica FERN\u00c1NDEZ SOLDEVILLA, Gaizka y L\u00d3PEZ ROMO, Ra\u00fal (2012): Sangre, votos y manifestaciones: ETA y el nacionalismo vasco radical (1958-2011). Madrid: Tecnos. Consultar PDF[vc_empty_space height=&#8221;10&#8243;] Resumen&hellip;<\/p>\n","protected":false},"author":1,"featured_media":0,"parent":0,"menu_order":0,"comment_status":"closed","ping_status":"closed","template":"","meta":{"om_disable_all_campaigns":false,"_monsterinsights_skip_tracking":false,"_monsterinsights_sitenote_active":false,"_monsterinsights_sitenote_note":"","_monsterinsights_sitenote_category":0,"_uf_show_specific_survey":0,"_uf_disable_surveys":false,"_vp_format_video_url":"","_vp_image_focal_point":[],"_vp_custom_popup_image":0,"_vp_format_audio_url":"","_vp_custom_thumbnail":0,"_vp_custom_thumbnail_focal_point":[],"_vp_hover_thumbnail":0,"_vp_hover_thumbnail_focal_point":[],"footnotes":""},"class_list":["post-18524","page","type-page","status-publish","hentry"],"aioseo_notices":[],"_links":{"self":[{"href":"https:\/\/www.arovite.com\/eu\/wp-json\/wp\/v2\/pages\/18524","targetHints":{"allow":["GET"]}}],"collection":[{"href":"https:\/\/www.arovite.com\/eu\/wp-json\/wp\/v2\/pages"}],"about":[{"href":"https:\/\/www.arovite.com\/eu\/wp-json\/wp\/v2\/types\/page"}],"author":[{"embeddable":true,"href":"https:\/\/www.arovite.com\/eu\/wp-json\/wp\/v2\/users\/1"}],"replies":[{"embeddable":true,"href":"https:\/\/www.arovite.com\/eu\/wp-json\/wp\/v2\/comments?post=18524"}],"version-history":[{"count":0,"href":"https:\/\/www.arovite.com\/eu\/wp-json\/wp\/v2\/pages\/18524\/revisions"}],"wp:attachment":[{"href":"https:\/\/www.arovite.com\/eu\/wp-json\/wp\/v2\/media?parent=18524"}],"curies":[{"name":"wp","href":"https:\/\/api.w.org\/{rel}","templated":true}]}}