{"id":18499,"date":"2023-10-24T11:57:32","date_gmt":"2023-10-24T11:57:32","guid":{"rendered":"https:\/\/www.arovite.com\/herri-batasuna-1995\/"},"modified":"2023-10-24T11:57:32","modified_gmt":"2023-10-24T11:57:32","slug":"herri-batasuna-1995","status":"publish","type":"page","link":"https:\/\/www.arovite.com\/eu\/herri-batasuna-1995\/","title":{"rendered":"HERRI BATASUNA (1995)"},"content":{"rendered":"<div class=\"wpb-content-wrapper\"><p>[vc_row][vc_column width=&#8221;1\/1&#8243;][vc_column_text][vc_empty_space height=&#8221;20&#8243;]<br \/>\n<strong>Referencia bibliogr\u00e1fica<\/strong><br \/>\nHERRI BATASUNA (1995): <em>Oldartzen. Concreci\u00f3n pr\u00e1ctica de la l\u00ednea pol\u00edtica<\/em>. Herri Batasuna.<\/p>\n<p><a class=\"button blue  medium \" href=\"https:\/\/www.arovite.com\/documentos\/1995_HERRI_BATASUNA.pdf\" target=\"_blank\" rel=\"noopener\">Consultar PDF<\/a>[vc_empty_space height=&#8221;10&#8243;]<br \/>\n<strong>Resumen<\/strong><br \/>\nPonencia de la izquierda abertzale en la que se aprobaba su estrategia de socializaci\u00f3n del sufrimiento para que todos los ciudadanos padeciesen el conflicto. [vc_empty_space height=&#8221;10&#8243;]<br \/>\n<strong>Tipo de documento<\/strong><br \/>\nPonencia<br \/>\n[vc_empty_space height=&#8221;10&#8243;]<br \/>\n[\/vc_column_text][\/vc_column][\/vc_row]<\/p>\n<\/div>","protected":false},"excerpt":{"rendered":"<p>[vc_row][vc_column width=&#8221;1\/1&#8243;][vc_column_text][vc_empty_space height=&#8221;20&#8243;] Referencia bibliogr\u00e1fica HERRI BATASUNA (1995): Oldartzen. Concreci\u00f3n pr\u00e1ctica de la l\u00ednea pol\u00edtica. Herri Batasuna. Consultar PDF[vc_empty_space height=&#8221;10&#8243;] Resumen Ponencia de la izquierda abertzale en la que se&hellip;<\/p>\n","protected":false},"author":1,"featured_media":0,"parent":0,"menu_order":0,"comment_status":"closed","ping_status":"closed","template":"","meta":{"om_disable_all_campaigns":false,"_monsterinsights_skip_tracking":false,"_monsterinsights_sitenote_active":false,"_monsterinsights_sitenote_note":"","_monsterinsights_sitenote_category":0,"_uf_show_specific_survey":0,"_uf_disable_surveys":false,"_vp_format_video_url":"","_vp_image_focal_point":[],"_vp_custom_popup_image":0,"_vp_format_audio_url":"","_vp_custom_thumbnail":0,"_vp_custom_thumbnail_focal_point":[],"_vp_hover_thumbnail":0,"_vp_hover_thumbnail_focal_point":[],"footnotes":""},"class_list":["post-18499","page","type-page","status-publish","hentry"],"aioseo_notices":[],"_links":{"self":[{"href":"https:\/\/www.arovite.com\/eu\/wp-json\/wp\/v2\/pages\/18499","targetHints":{"allow":["GET"]}}],"collection":[{"href":"https:\/\/www.arovite.com\/eu\/wp-json\/wp\/v2\/pages"}],"about":[{"href":"https:\/\/www.arovite.com\/eu\/wp-json\/wp\/v2\/types\/page"}],"author":[{"embeddable":true,"href":"https:\/\/www.arovite.com\/eu\/wp-json\/wp\/v2\/users\/1"}],"replies":[{"embeddable":true,"href":"https:\/\/www.arovite.com\/eu\/wp-json\/wp\/v2\/comments?post=18499"}],"version-history":[{"count":0,"href":"https:\/\/www.arovite.com\/eu\/wp-json\/wp\/v2\/pages\/18499\/revisions"}],"wp:attachment":[{"href":"https:\/\/www.arovite.com\/eu\/wp-json\/wp\/v2\/media?parent=18499"}],"curies":[{"name":"wp","href":"https:\/\/api.w.org\/{rel}","templated":true}]}}