{"id":18487,"date":"2023-10-24T10:08:29","date_gmt":"2023-10-24T10:08:29","guid":{"rendered":"https:\/\/www.arovite.com\/varona-gema-2016\/"},"modified":"2023-10-24T10:08:29","modified_gmt":"2023-10-24T10:08:29","slug":"varona-gema-2016","status":"publish","type":"page","link":"https:\/\/www.arovite.com\/eu\/varona-gema-2016\/","title":{"rendered":"VARONA, Gema (2016)"},"content":{"rendered":"<div class=\"wpb-content-wrapper\"><p>[vc_row][vc_column width=&#8221;1\/1&#8243;][vc_column_text][vc_empty_space height=&#8221;20&#8243;]<br \/>\n<strong>Referencia bibliogr\u00e1fica<\/strong><br \/>\nVARONA, Gema (2016): <em>Impacto victimal, resiliencia e interpelaci\u00f3n. Encuentros entre v\u00edctimas del terrorismo y entre v\u00edctimas y estudiantes universitarios<\/em>. Leioa: Servicio Editorial de la Universidad del Pa\u00eds Vasco.<\/p>\n<p><a class=\"button blue  medium \" href=\"https:\/\/web-argitalpena.adm.ehu.es\/pdf\/USPDF163880.pdf\" target=\"_blank\" rel=\"noopener\">Consultar PDF<\/a>[vc_empty_space height=&#8221;10&#8243;]<br \/>\n<strong>Resumen<\/strong><br \/>\nEste proyecto tiene como fundamento la propuesta recibida por el IVAC\/KREI en la reuni\u00f3n mantenida con la Direcci\u00f3n de V\u00edctimas y Derechos Humanos del Gobierno Vasco (DVDH) el 4 de marzo de 2015 en Donostia-San Sebasti\u00e1n, de colaboraci\u00f3n en la din\u00e1mica Eraikiz iniciada en el a\u00f1o 2014. Seg\u00fan el documento aportado por la DVDH (2015, 2), Eraikiz se basa en la hip\u00f3tesis de que \u201cen el contexto actual es conveniente crear espacios seguros, constructivos y plurales para que las v\u00edctimas puedan dialogar, escuchar y ofrecer su aportaci\u00f3n &#8230; promover el doble objetivo de acercar a las v\u00edctimas entre s\u00ed y a las v\u00edctimas y a la sociedad\u201d. Una vez analizada dicha propuesta destacamos el valor de su idea central en cuanto a la necesidad de promover grupos de discusi\u00f3n con v\u00edctimas del terrorismo, de forma continuada y sostenida \u2013ya que la victimizaci\u00f3n es un proceso que, independientemente del cese del terrorismo, se mantiene en el tiempo e, incluso, a trav\u00e9s de distintas generaciones. En este sentido, la idea impulsora del proyecto Eraikiz se alinea en gran medida con los objetivos de proyectos de investigaci\u00f3n desarrollados por el IVAC\/KREI desde 2007, cuando comenzaron a planificarse y realizarse grupos de discusi\u00f3n con v\u00edctimas del terrorismo. A la luz de esa experiencia investigadora, donde prima, en primer lugar, la minimizaci\u00f3n de la victimizaci\u00f3n secundaria y el bienestar de las v\u00edctimas, realizamos las siguientes consideraciones respecto de las actividades que podr\u00eda ofrecer el IVAC\/KREI en el marco de su colaboraci\u00f3n con la DVDH en 2015, siempre considerando el car\u00e1cter universitario de toda acci\u00f3n emprendida por dicho Instituto desde el rigor acad\u00e9mico y la independencia cient\u00edfica, destinados a la formaci\u00f3n, asesoramiento, investigaci\u00f3n y\/o evaluaci\u00f3n. [vc_empty_space height=&#8221;10&#8243;]<br \/>\n<strong>Autor<\/strong><br \/>\nGema Varona. <a title=\"Dialnet\" href=\"https:\/\/dialnet.unirioja.es\/servlet\/autor?codigo=732899\" target=\"_blank\" rel=\"noopener\">P\u00e1gina del autor en Dialnet.<\/a><br \/>\n[vc_empty_space height=&#8221;10&#8243;]<br \/>\n<strong>Tipo de documento<\/strong><br \/>\nLibro<br \/>\n[vc_empty_space height=&#8221;10&#8243;]<br \/>\n[\/vc_column_text][\/vc_column][\/vc_row]<\/p>\n<\/div>","protected":false},"excerpt":{"rendered":"<p>[vc_row][vc_column width=&#8221;1\/1&#8243;][vc_column_text][vc_empty_space height=&#8221;20&#8243;] Referencia bibliogr\u00e1fica VARONA, Gema (2016): Impacto victimal, resiliencia e interpelaci\u00f3n. Encuentros entre v\u00edctimas del terrorismo y entre v\u00edctimas y estudiantes universitarios. Leioa: Servicio Editorial de la Universidad&hellip;<\/p>\n","protected":false},"author":1,"featured_media":0,"parent":0,"menu_order":0,"comment_status":"closed","ping_status":"closed","template":"","meta":{"om_disable_all_campaigns":false,"_monsterinsights_skip_tracking":false,"_monsterinsights_sitenote_active":false,"_monsterinsights_sitenote_note":"","_monsterinsights_sitenote_category":0,"_uf_show_specific_survey":0,"_uf_disable_surveys":false,"_vp_format_video_url":"","_vp_image_focal_point":[],"_vp_custom_popup_image":0,"_vp_format_audio_url":"","_vp_custom_thumbnail":0,"_vp_custom_thumbnail_focal_point":[],"_vp_hover_thumbnail":0,"_vp_hover_thumbnail_focal_point":[],"footnotes":""},"class_list":["post-18487","page","type-page","status-publish","hentry"],"aioseo_notices":[],"_links":{"self":[{"href":"https:\/\/www.arovite.com\/eu\/wp-json\/wp\/v2\/pages\/18487","targetHints":{"allow":["GET"]}}],"collection":[{"href":"https:\/\/www.arovite.com\/eu\/wp-json\/wp\/v2\/pages"}],"about":[{"href":"https:\/\/www.arovite.com\/eu\/wp-json\/wp\/v2\/types\/page"}],"author":[{"embeddable":true,"href":"https:\/\/www.arovite.com\/eu\/wp-json\/wp\/v2\/users\/1"}],"replies":[{"embeddable":true,"href":"https:\/\/www.arovite.com\/eu\/wp-json\/wp\/v2\/comments?post=18487"}],"version-history":[{"count":0,"href":"https:\/\/www.arovite.com\/eu\/wp-json\/wp\/v2\/pages\/18487\/revisions"}],"wp:attachment":[{"href":"https:\/\/www.arovite.com\/eu\/wp-json\/wp\/v2\/media?parent=18487"}],"curies":[{"name":"wp","href":"https:\/\/api.w.org\/{rel}","templated":true}]}}