{"id":18481,"date":"2023-10-24T09:55:43","date_gmt":"2023-10-24T09:55:43","guid":{"rendered":"https:\/\/www.arovite.com\/ugarte-gastaminza-josu-2018\/"},"modified":"2023-10-24T09:55:43","modified_gmt":"2023-10-24T09:55:43","slug":"ugarte-gastaminza-josu-2018","status":"publish","type":"page","link":"https:\/\/www.arovite.com\/eu\/ugarte-gastaminza-josu-2018\/","title":{"rendered":"UGARTE GASTAMINZA, Josu (2018)"},"content":{"rendered":"<div class=\"wpb-content-wrapper\"><p>[vc_row][vc_column width=&#8221;1\/1&#8243;][vc_column_text][vc_empty_space height=&#8221;20&#8243;]<br \/>\n <strong>Referencia bibliogr\u00e1fica<\/strong><br \/>\nUGARTE GASTAMINZA, Josu (coord.) (2018): <em>La bolsa y la vida. La extorsi\u00f3n y la violencia de ETA contra el mundo empresarial<\/em>. Madrid: La esfera de los libros.<\/p>\n<p><a class=\"button blue  medium \" href=\"https:\/\/gaizkafernandez.files.wordpress.com\/2023\/03\/la-bolsa-y-la-vida.pdf?force_download=true\" target=\"_blank\" rel=\"noopener\">Consultar PDF<\/a>[vc_empty_space height=&#8221;10&#8243;]<br \/>\n<strong>Resumen<\/strong><br \/>\nEsta obra es una historia de la violencia de ETA contra empresarios y profesionales; violencia de naturaleza finalista pero, sobre todo, de car\u00e1cter instrumental: conseguir dinero para matar m\u00e1s. Lo que se cuenta en estas p\u00e1ginas son unos hechos objetivos, por qu\u00e9 y c\u00f3mo sucedieron y qu\u00e9 efectos produjeron sobre la econom\u00eda y su entorno empresarial. Se analiza el chantaje de ETA como un dilema para los chantajeados, que ten\u00edan que &#8220;elegir&#8221; entre sufrir el mal en su persona o contribuir a que lo sufrieran otros; es decir, comprar su vida pagando con la vida ajena. La financiaci\u00f3n de ETA es, pues, la historia de una victimizaci\u00f3n, pero tambi\u00e9n de los objetivos buscados con la violencia, de los medios puestos en juego para ejercerla eficazmente, de los resultados obtenidos, de su evoluci\u00f3n en el tiempo, de los efectos directos e indirectos sobre la econom\u00eda y la sociedad. Este estudio del fen\u00f3meno de la extorsi\u00f3n resulta por tanto decisivo para reinstaurar el imperio de la verdad. [vc_empty_space height=&#8221;10&#8243;]<br \/>\n<strong>Autor<\/strong><br \/>\nJosu Ugarte Gastaminza. <a title=\"Dialnet\" href=\"https:\/\/dialnet.unirioja.es\/servlet\/autor?codigo=5351092\" target=\"_blank\" rel=\"noopener\">P\u00e1gina del autor en Dialnet.<\/a><br \/>\n[vc_empty_space height=&#8221;10&#8243;]<br \/>\n<strong>Tipo de documento<\/strong><br \/>\nLibro<br \/>\n[vc_empty_space height=&#8221;10&#8243;]<br \/>\n[\/vc_column_text][\/vc_column][\/vc_row]<\/p>\n<\/div>","protected":false},"excerpt":{"rendered":"<p>[vc_row][vc_column width=&#8221;1\/1&#8243;][vc_column_text][vc_empty_space height=&#8221;20&#8243;] Referencia bibliogr\u00e1fica UGARTE GASTAMINZA, Josu (coord.) (2018): La bolsa y la vida. La extorsi\u00f3n y la violencia de ETA contra el mundo empresarial. Madrid: La esfera de&hellip;<\/p>\n","protected":false},"author":1,"featured_media":0,"parent":0,"menu_order":0,"comment_status":"closed","ping_status":"closed","template":"","meta":{"om_disable_all_campaigns":false,"_monsterinsights_skip_tracking":false,"_monsterinsights_sitenote_active":false,"_monsterinsights_sitenote_note":"","_monsterinsights_sitenote_category":0,"_uf_show_specific_survey":0,"_uf_disable_surveys":false,"_vp_format_video_url":"","_vp_image_focal_point":[],"_vp_custom_popup_image":0,"_vp_format_audio_url":"","_vp_custom_thumbnail":0,"_vp_custom_thumbnail_focal_point":[],"_vp_hover_thumbnail":0,"_vp_hover_thumbnail_focal_point":[],"footnotes":""},"class_list":["post-18481","page","type-page","status-publish","hentry"],"aioseo_notices":[],"_links":{"self":[{"href":"https:\/\/www.arovite.com\/eu\/wp-json\/wp\/v2\/pages\/18481","targetHints":{"allow":["GET"]}}],"collection":[{"href":"https:\/\/www.arovite.com\/eu\/wp-json\/wp\/v2\/pages"}],"about":[{"href":"https:\/\/www.arovite.com\/eu\/wp-json\/wp\/v2\/types\/page"}],"author":[{"embeddable":true,"href":"https:\/\/www.arovite.com\/eu\/wp-json\/wp\/v2\/users\/1"}],"replies":[{"embeddable":true,"href":"https:\/\/www.arovite.com\/eu\/wp-json\/wp\/v2\/comments?post=18481"}],"version-history":[{"count":0,"href":"https:\/\/www.arovite.com\/eu\/wp-json\/wp\/v2\/pages\/18481\/revisions"}],"wp:attachment":[{"href":"https:\/\/www.arovite.com\/eu\/wp-json\/wp\/v2\/media?parent=18481"}],"curies":[{"name":"wp","href":"https:\/\/api.w.org\/{rel}","templated":true}]}}