{"id":18457,"date":"2023-10-24T06:50:43","date_gmt":"2023-10-24T06:50:43","guid":{"rendered":"https:\/\/www.arovite.com\/orella-martinez-jose-luis-urquijo-valdivielso-carlos-de-y-macarron-larumbe-alejandro-2023\/"},"modified":"2023-10-24T06:50:43","modified_gmt":"2023-10-24T06:50:43","slug":"orella-martinez-jose-luis-urquijo-valdivielso-carlos-de-y-macarron-larumbe-alejandro-2023","status":"publish","type":"page","link":"https:\/\/www.arovite.com\/eu\/orella-martinez-jose-luis-urquijo-valdivielso-carlos-de-y-macarron-larumbe-alejandro-2023\/","title":{"rendered":"ORELLA MART\u00cdNEZ, Jos\u00e9 Luis; URQUIJO VALDIVIELSO, Carlos de y MACARR\u00d3N LARUMBE, Alejandro (2023)"},"content":{"rendered":"<div class=\"wpb-content-wrapper\"><p>[vc_row][vc_column width=&#8221;1\/1&#8243;][vc_column_text][vc_empty_space height=&#8221;20&#8243;]<br \/>\n <strong>Referencia bibliogr\u00e1fica<\/strong><br \/>\nORELLA MART\u00cdNEZ, Jos\u00e9 Luis; URQUIJO VALDIVIELSO, Carlos de y MACARR\u00d3N LARUMBE, Alejandro (2023): \u00abEl \u00e9xodo vasco como consecuencia de la persecuci\u00f3n ideol\u00f3gica\u00bb, <em>CEU-CEFAS<\/em>, n\u00ba 2.<\/p>\n<p><a class=\"button blue  medium\" href=\"https:\/\/cefas.ceu.es\/wp-content\/uploads\/Informe_02_CEU-Cefas.pdf\" target=\"_blank\" rel=\"noopener\">Consultar PDF<\/a>[vc_empty_space height=&#8221;10&#8243;]<br \/>\n<strong>Resumen<\/strong><br \/>\nEn el este segundo informe CEU-CEFAS se analizan las consecuencias del terrorismo de ETA y el nacionalismo excluyente a nivel demogr\u00e1fico, econ\u00f3mico y social en el Pa\u00eds Vasco. [vc_empty_space height=&#8221;10&#8243;]<br \/>\n<strong>Abstract<\/strong><br \/>\nIn this second CEU-CEFAS report the consequences of ETA terrorism and exclusionary nationalism at the demographic, economic and social level in the Basque Country are analyzed. [vc_empty_space height=&#8221;10&#8243;]<br \/>\n<strong>Autor<\/strong><br \/>\nJos\u00e9 Luis Orella Mart\u00ednez. <a title=\"Dialnet\" href=\"https:\/\/dialnet.unirioja.es\/servlet\/autor?codigo=1235903\" target=\"_blank\" rel=\"noopener\">P\u00e1gina del autor en Dialnet.<\/a><br \/>\nCarlos de Urquijo Valdivielso. <a title=\"Dialnet\" href=\"https:\/\/dialnet.unirioja.es\/servlet\/autor?codigo=5868373\" target=\"_blank\" rel=\"noopener\">P\u00e1gina del autor en Dialnet.<\/a><br \/>\nAlejandro Macarr\u00f3n Larumbe. <a title=\"Dialnet\" href=\"https:\/\/dialnet.unirioja.es\/servlet\/autor?codigo=2759431\" target=\"_blank\" rel=\"noopener\">P\u00e1gina del autor en Dialnet.<\/a><br \/>\n[vc_empty_space height=&#8221;10&#8243;]<br \/>\n<strong>Tipo de documento<\/strong><br \/>\nInforme<br \/>\n[vc_empty_space height=&#8221;10&#8243;]<br \/>\n[\/vc_column_text][\/vc_column][\/vc_row]<\/p>\n<\/div>","protected":false},"excerpt":{"rendered":"<p>[vc_row][vc_column width=&#8221;1\/1&#8243;][vc_column_text][vc_empty_space height=&#8221;20&#8243;] Referencia bibliogr\u00e1fica ORELLA MART\u00cdNEZ, Jos\u00e9 Luis; URQUIJO VALDIVIELSO, Carlos de y MACARR\u00d3N LARUMBE, Alejandro (2023): \u00abEl \u00e9xodo vasco como consecuencia de la persecuci\u00f3n ideol\u00f3gica\u00bb, CEU-CEFAS, n\u00ba 2.&hellip;<\/p>\n","protected":false},"author":1,"featured_media":0,"parent":0,"menu_order":0,"comment_status":"closed","ping_status":"closed","template":"","meta":{"om_disable_all_campaigns":false,"_monsterinsights_skip_tracking":false,"_monsterinsights_sitenote_active":false,"_monsterinsights_sitenote_note":"","_monsterinsights_sitenote_category":0,"_uf_show_specific_survey":0,"_uf_disable_surveys":false,"_vp_format_video_url":"","_vp_image_focal_point":[],"_vp_custom_popup_image":0,"_vp_format_audio_url":"","_vp_custom_thumbnail":0,"_vp_custom_thumbnail_focal_point":[],"_vp_hover_thumbnail":0,"_vp_hover_thumbnail_focal_point":[],"footnotes":""},"class_list":["post-18457","page","type-page","status-publish","hentry"],"aioseo_notices":[],"_links":{"self":[{"href":"https:\/\/www.arovite.com\/eu\/wp-json\/wp\/v2\/pages\/18457","targetHints":{"allow":["GET"]}}],"collection":[{"href":"https:\/\/www.arovite.com\/eu\/wp-json\/wp\/v2\/pages"}],"about":[{"href":"https:\/\/www.arovite.com\/eu\/wp-json\/wp\/v2\/types\/page"}],"author":[{"embeddable":true,"href":"https:\/\/www.arovite.com\/eu\/wp-json\/wp\/v2\/users\/1"}],"replies":[{"embeddable":true,"href":"https:\/\/www.arovite.com\/eu\/wp-json\/wp\/v2\/comments?post=18457"}],"version-history":[{"count":0,"href":"https:\/\/www.arovite.com\/eu\/wp-json\/wp\/v2\/pages\/18457\/revisions"}],"wp:attachment":[{"href":"https:\/\/www.arovite.com\/eu\/wp-json\/wp\/v2\/media?parent=18457"}],"curies":[{"name":"wp","href":"https:\/\/api.w.org\/{rel}","templated":true}]}}