{"id":18187,"date":"2023-10-06T08:07:26","date_gmt":"2023-10-06T08:07:26","guid":{"rendered":"https:\/\/www.arovite.com\/azcona-jose-manuel-y-madueno-alvarez-miguel-2023\/"},"modified":"2023-10-06T08:07:26","modified_gmt":"2023-10-06T08:07:26","slug":"azcona-jose-manuel-y-madueno-alvarez-miguel-2023","status":"publish","type":"page","link":"https:\/\/www.arovite.com\/eu\/azcona-jose-manuel-y-madueno-alvarez-miguel-2023\/","title":{"rendered":"AZCONA, Jos\u00e9 Manuel y MADUE\u00d1O \u00c1LVAREZ, Miguel (2023)"},"content":{"rendered":"<div class=\"wpb-content-wrapper\"><p>[vc_row][vc_column width=&#8221;1\/1&#8243;][vc_column_text][vc_empty_space height=&#8221;20&#8243;]<br \/>\n <strong>Referencia bibliogr\u00e1fica<\/strong><br \/>\nAZCONA, Jos\u00e9 Manuel y MADUE\u00d1O \u00c1LVAREZ, Miguel (2023): \u00abETA y MLN-Tupamaros. Del barret\u00edn al zulo\u00bb, <em>Comillas Journal of International Relations<\/em>, n\u00ba 26, pp. 18-29.<\/p>\n<p><a class=\"button blue  medium \" href=\"https:\/\/revistas.comillas.edu\/index.php\/internationalrelations\/article\/view\/18877\/17888\" target=\"_blank\" rel=\"noopener\">Consultar PDF<\/a>[vc_empty_space height=&#8221;10&#8243;]<br \/>\n<strong>Resumen<\/strong><br \/>\nEl siguiente texto tiene como objetivo principal la b\u00fasqueda de los elementos en com\u00fan entre dos organizaciones violentas como fueron el MLN-Tupamaros en Uruguay y ETA en Espa\u00f1a. Se pretende, por tanto, establecer la relaci\u00f3n entre dos organizaciones en cuanto a su planteamiento t\u00e1ctico y estrat\u00e9gico en torno a la guerrilla urbana, as\u00ed como exponer aquellos puntos tangenciales en los que tuvieron una vinculaci\u00f3n m\u00e1s concreta. [vc_empty_space height=&#8221;10&#8243;]<br \/>\n<strong>Abstract<\/strong><br \/>\nThe main objective of the following text is to search for elements in common between two violent organisations such as the MLN-Tupamaros in Uruguay and ETA in Spain. The aim is to establish the relationship between the two organisations in terms of their tactical and strategic approach to urban guerrilla warfare, as well as to expose those tangential points in which they were more concretely linked. [vc_empty_space height=&#8221;10&#8243;]<br \/>\n<strong>Autor<\/strong><br \/>\nJos\u00e9 Manuel Azcona. <a title=\"Dialnet\" href=\"https:\/\/dialnet.unirioja.es\/servlet\/autor?codigo=859521\" target=\"_blank\" rel=\"noopener\">P\u00e1gina del autor en Dialnet.<\/a><br \/>\nMiguel Madue\u00f1o \u00c1lvarez. <a title=\"Dialnet\" href=\"https:\/\/dialnet.unirioja.es\/servlet\/autor?codigo=4259572\" target=\"_blank\" rel=\"noopener\">P\u00e1gina del autor en Dialnet.<\/a><br \/>\n[vc_empty_space height=&#8221;10&#8243;]<br \/>\n<strong>Tipo de documento<\/strong><br \/>\nArt\u00edculo<br \/>\n[vc_empty_space height=&#8221;10&#8243;]<br \/>\n[\/vc_column_text][\/vc_column][\/vc_row]<\/p>\n<\/div>","protected":false},"excerpt":{"rendered":"<p>[vc_row][vc_column width=&#8221;1\/1&#8243;][vc_column_text][vc_empty_space height=&#8221;20&#8243;] Referencia bibliogr\u00e1fica AZCONA, Jos\u00e9 Manuel y MADUE\u00d1O \u00c1LVAREZ, Miguel (2023): \u00abETA y MLN-Tupamaros. Del barret\u00edn al zulo\u00bb, Comillas Journal of International Relations, n\u00ba 26, pp. 18-29. Consultar&hellip;<\/p>\n","protected":false},"author":1,"featured_media":0,"parent":0,"menu_order":0,"comment_status":"closed","ping_status":"closed","template":"","meta":{"om_disable_all_campaigns":false,"_monsterinsights_skip_tracking":false,"_monsterinsights_sitenote_active":false,"_monsterinsights_sitenote_note":"","_monsterinsights_sitenote_category":0,"_uf_show_specific_survey":0,"_uf_disable_surveys":false,"_vp_format_video_url":"","_vp_image_focal_point":[],"_vp_custom_popup_image":0,"_vp_format_audio_url":"","_vp_custom_thumbnail":0,"_vp_custom_thumbnail_focal_point":[],"_vp_hover_thumbnail":0,"_vp_hover_thumbnail_focal_point":[],"footnotes":""},"class_list":["post-18187","page","type-page","status-publish","hentry"],"aioseo_notices":[],"_links":{"self":[{"href":"https:\/\/www.arovite.com\/eu\/wp-json\/wp\/v2\/pages\/18187","targetHints":{"allow":["GET"]}}],"collection":[{"href":"https:\/\/www.arovite.com\/eu\/wp-json\/wp\/v2\/pages"}],"about":[{"href":"https:\/\/www.arovite.com\/eu\/wp-json\/wp\/v2\/types\/page"}],"author":[{"embeddable":true,"href":"https:\/\/www.arovite.com\/eu\/wp-json\/wp\/v2\/users\/1"}],"replies":[{"embeddable":true,"href":"https:\/\/www.arovite.com\/eu\/wp-json\/wp\/v2\/comments?post=18187"}],"version-history":[{"count":0,"href":"https:\/\/www.arovite.com\/eu\/wp-json\/wp\/v2\/pages\/18187\/revisions"}],"wp:attachment":[{"href":"https:\/\/www.arovite.com\/eu\/wp-json\/wp\/v2\/media?parent=18187"}],"curies":[{"name":"wp","href":"https:\/\/api.w.org\/{rel}","templated":true}]}}