{"id":17505,"date":"2023-02-20T11:54:05","date_gmt":"2023-02-20T11:54:05","guid":{"rendered":"https:\/\/www.arovite.com\/?page_id=17505"},"modified":"2023-02-20T11:54:06","modified_gmt":"2023-02-20T11:54:06","slug":"saralegui-miguel-2017","status":"publish","type":"page","link":"https:\/\/www.arovite.com\/eu\/saralegui-miguel-2017\/","title":{"rendered":"SARALEGUI, Miguel (2017)"},"content":{"rendered":"<div class=\"wpb-content-wrapper\"><p>[vc_row][vc_column width=&#8221;1\/1&#8243;][vc_column_text][vc_empty_space height=&#8221;20&#8243;]<br \/>\n<strong>Referencia bibliogr\u00e1fica<\/strong><br \/>\nSARALEGUI, Miguel (2017): \u00abLa zona gris\u00bb, <em>Letras Libres<\/em>, n\u00ba 185, pp. 8-10.<\/p>\n<p><a class=\"button blue  medium \" href=\"https:\/\/letraslibres.com\/wp-content\/uploads\/2017\/02\/dosier-saralegui-esp.pdf\" target=\"_blank\" rel=\"noopener\">Consultar PDF<\/a>[vc_empty_space height=&#8221;10&#8243;]<br \/>\n<strong>Resumen<\/strong><br \/>\nUna parte de la sociedad vasca se opuso con valent\u00eda al terrorismo, pero otra adopt\u00f3 una actitud ambigua. Todo individuo encuentra razones para justificarse a posteriori. Lo mismo podr\u00eda decirse de las sociedades. [vc_empty_space height=&#8221;10&#8243;]<br \/>\n<strong>Autor<\/strong><br \/>\nMiguel Saralegui. <a title=\"Dialnet\" href=\"https:\/\/dialnet.unirioja.es\/servlet\/autor?codigo=3233255\" target=\"_blank\" rel=\"noopener\">P\u00e1gina del autor en Dialnet.<\/a><br \/>\n[vc_empty_space height=&#8221;10&#8243;]<br \/>\n<strong>Tipo de documento<\/strong><br \/>\nArt\u00edculo<br \/>\n[vc_empty_space height=&#8221;10&#8243;]<br \/>\n[\/vc_column_text][\/vc_column][\/vc_row]<\/p>\n<\/div>","protected":false},"excerpt":{"rendered":"<p>[vc_row][vc_column width=&#8221;1\/1&#8243;][vc_column_text][vc_empty_space height=&#8221;20&#8243;] Referencia bibliogr\u00e1fica SARALEGUI, Miguel (2017): \u00abLa zona gris\u00bb, Letras Libres, n\u00ba 185, pp. 8-10. Consultar PDF[vc_empty_space height=&#8221;10&#8243;] Resumen Una parte de la sociedad vasca se opuso con&hellip;<\/p>\n","protected":false},"author":1,"featured_media":0,"parent":0,"menu_order":0,"comment_status":"closed","ping_status":"closed","template":"","meta":{"om_disable_all_campaigns":false,"_monsterinsights_skip_tracking":false,"_monsterinsights_sitenote_active":false,"_monsterinsights_sitenote_note":"","_monsterinsights_sitenote_category":0,"_uf_show_specific_survey":0,"_uf_disable_surveys":false,"_vp_format_video_url":"","_vp_image_focal_point":[],"_vp_custom_popup_image":0,"_vp_format_audio_url":"","_vp_custom_thumbnail":0,"_vp_custom_thumbnail_focal_point":[],"_vp_hover_thumbnail":0,"_vp_hover_thumbnail_focal_point":[],"footnotes":""},"class_list":["post-17505","page","type-page","status-publish","hentry"],"aioseo_notices":[],"_links":{"self":[{"href":"https:\/\/www.arovite.com\/eu\/wp-json\/wp\/v2\/pages\/17505","targetHints":{"allow":["GET"]}}],"collection":[{"href":"https:\/\/www.arovite.com\/eu\/wp-json\/wp\/v2\/pages"}],"about":[{"href":"https:\/\/www.arovite.com\/eu\/wp-json\/wp\/v2\/types\/page"}],"author":[{"embeddable":true,"href":"https:\/\/www.arovite.com\/eu\/wp-json\/wp\/v2\/users\/1"}],"replies":[{"embeddable":true,"href":"https:\/\/www.arovite.com\/eu\/wp-json\/wp\/v2\/comments?post=17505"}],"version-history":[{"count":1,"href":"https:\/\/www.arovite.com\/eu\/wp-json\/wp\/v2\/pages\/17505\/revisions"}],"predecessor-version":[{"id":17507,"href":"https:\/\/www.arovite.com\/eu\/wp-json\/wp\/v2\/pages\/17505\/revisions\/17507"}],"wp:attachment":[{"href":"https:\/\/www.arovite.com\/eu\/wp-json\/wp\/v2\/media?parent=17505"}],"curies":[{"name":"wp","href":"https:\/\/api.w.org\/{rel}","templated":true}]}}