{"id":17499,"date":"2023-02-20T11:49:26","date_gmt":"2023-02-20T11:49:26","guid":{"rendered":"https:\/\/www.arovite.com\/?page_id=17499"},"modified":"2023-02-20T11:49:27","modified_gmt":"2023-02-20T11:49:27","slug":"santamarina-otaola-josu-2018","status":"publish","type":"page","link":"https:\/\/www.arovite.com\/eu\/santamarina-otaola-josu-2018\/","title":{"rendered":"SANTAMARINA OTAOLA, Josu (2018)"},"content":{"rendered":"<div class=\"wpb-content-wrapper\"><p>[vc_row][vc_column width=&#8221;1\/1&#8243;][vc_column_text][vc_empty_space height=&#8221;20&#8243;]<br \/>\n<strong>Referencia bibliogr\u00e1fica<\/strong><br \/>\nSANTAMARINA OTAOLA, Josu (2018): \u00abCanciones para despu\u00e9s de la ETA. Arqueolog\u00eda y conflicto en el Pa\u00eds Vasco contempor\u00e1neo\u00bb, <em>Actas de las IX Jornadas de J\u00f3venes en Investigaci\u00f3n Arqueol\u00f3gica<\/em>. Santander: Ediciones Universidad de Cantabria, pp. 465-473.<\/p>\n<p><a class=\"button blue  medium \" href=\"https:\/\/www.academia.edu\/36426549\/Canciones_para_despu%C3%A9s_de_la_ETA_Arqueolog%C3%ADa_y_conflicto_en_el_Pa%C3%ADs_Vasco_contempor%C3%A1neo\" target=\"_blank\" rel=\"noopener\">Consultar PDF<\/a>[vc_empty_space height=&#8221;10&#8243;]<br \/>\n<strong>Resumen<\/strong><br \/>\nEl \u201cconflicto vasco\u201d, entendido como un enfrentamiento pol\u00edtico que implica identidades colectivas opuestas, puede ser analizado desde una perspectiva arqueol\u00f3gica. Tenemos las herramientas para llevar a cabo un an\u00e1lisis cr\u00edtico de la materialidad, su significaci\u00f3n pol\u00edtica y su re-presentaci\u00f3n en el espacio p\u00fablico. Mediante un estudio de caso situado en Legutio (Araba\/\u00c1lava), tratamos de conocer c\u00f3mo unos procesos nacionalizadores opuestos se han enfrentado en el paisaje performativo y c\u00f3mo han conformado una \u201ctopograf\u00eda del conflicto\u201d que nos habla de procesos hist\u00f3ricos como el Franquismo y sus conexiones con la Espa\u00f1a de la post-Transici\u00f3n o aspectos como la construcci\u00f3n de la identidad gudari en la izquierda abertzale y en ETA. [vc_empty_space height=&#8221;10&#8243;]<br \/>\n<strong>Abstract<\/strong><br \/>\nIn this paper the \u201cBasque Conflict\u201d is understood as a political clash in which opposed collective identities are involved. We defend that it can be analyzed under an archaeological perspective. We can improve a critical analysis of the materiality, its political meaning and its representation in the public space. Through a case of study located in Legutio (Araba\/\u00c1lava, Basque Country), we are going to try understand how opposed national processes have confronted each other in a performative landscape and have conformed a \u201ctopography of conflict\u201d. It informs us about some historical processes as the Francoism and its connections with the Post-Transition Spain or the construction of a gudari identity in the Basque nationalist left and in ETA. [vc_empty_space height=&#8221;10&#8243;]<br \/>\n<strong>Autor<\/strong><br \/>\nJosu Santamarina Otaola. <a title=\"Dialnet\" href=\"https:\/\/dialnet.unirioja.es\/servlet\/autor?codigo=4531608\" target=\"_blank\" rel=\"noopener\">P\u00e1gina del autor en Dialnet.<\/a><br \/>\n[vc_empty_space height=&#8221;10&#8243;]<br \/>\n<strong>Tipo de documento<\/strong><br \/>\nArt\u00edculo<br \/>\n[vc_empty_space height=&#8221;10&#8243;]<br \/>\n[\/vc_column_text][\/vc_column][\/vc_row]<\/p>\n<\/div>","protected":false},"excerpt":{"rendered":"<p>[vc_row][vc_column width=&#8221;1\/1&#8243;][vc_column_text][vc_empty_space height=&#8221;20&#8243;] Referencia bibliogr\u00e1fica SANTAMARINA OTAOLA, Josu (2018): \u00abCanciones para despu\u00e9s de la ETA. Arqueolog\u00eda y conflicto en el Pa\u00eds Vasco contempor\u00e1neo\u00bb, Actas de las IX Jornadas de J\u00f3venes&hellip;<\/p>\n","protected":false},"author":1,"featured_media":0,"parent":0,"menu_order":0,"comment_status":"closed","ping_status":"closed","template":"","meta":{"om_disable_all_campaigns":false,"_monsterinsights_skip_tracking":false,"_monsterinsights_sitenote_active":false,"_monsterinsights_sitenote_note":"","_monsterinsights_sitenote_category":0,"_uf_show_specific_survey":0,"_uf_disable_surveys":false,"_vp_format_video_url":"","_vp_image_focal_point":[],"_vp_custom_popup_image":0,"_vp_format_audio_url":"","_vp_custom_thumbnail":0,"_vp_custom_thumbnail_focal_point":[],"_vp_hover_thumbnail":0,"_vp_hover_thumbnail_focal_point":[],"footnotes":""},"class_list":["post-17499","page","type-page","status-publish","hentry"],"aioseo_notices":[],"_links":{"self":[{"href":"https:\/\/www.arovite.com\/eu\/wp-json\/wp\/v2\/pages\/17499","targetHints":{"allow":["GET"]}}],"collection":[{"href":"https:\/\/www.arovite.com\/eu\/wp-json\/wp\/v2\/pages"}],"about":[{"href":"https:\/\/www.arovite.com\/eu\/wp-json\/wp\/v2\/types\/page"}],"author":[{"embeddable":true,"href":"https:\/\/www.arovite.com\/eu\/wp-json\/wp\/v2\/users\/1"}],"replies":[{"embeddable":true,"href":"https:\/\/www.arovite.com\/eu\/wp-json\/wp\/v2\/comments?post=17499"}],"version-history":[{"count":1,"href":"https:\/\/www.arovite.com\/eu\/wp-json\/wp\/v2\/pages\/17499\/revisions"}],"predecessor-version":[{"id":17501,"href":"https:\/\/www.arovite.com\/eu\/wp-json\/wp\/v2\/pages\/17499\/revisions\/17501"}],"wp:attachment":[{"href":"https:\/\/www.arovite.com\/eu\/wp-json\/wp\/v2\/media?parent=17499"}],"curies":[{"name":"wp","href":"https:\/\/api.w.org\/{rel}","templated":true}]}}