{"id":17306,"date":"2023-02-20T08:07:10","date_gmt":"2023-02-20T08:07:10","guid":{"rendered":"https:\/\/www.arovite.com\/?page_id=17306"},"modified":"2023-02-20T08:07:11","modified_gmt":"2023-02-20T08:07:11","slug":"mota-zurdo-david-2022","status":"publish","type":"page","link":"https:\/\/www.arovite.com\/eu\/mota-zurdo-david-2022\/","title":{"rendered":"MOTA ZURDO, David (2022)"},"content":{"rendered":"<div class=\"wpb-content-wrapper\"><p>[vc_row][vc_column width=&#8221;1\/1&#8243;][vc_column_text][vc_empty_space height=&#8221;20&#8243;]<br \/>\n<strong>Referencia bibliogr\u00e1fica<\/strong><br \/>\nMOTA ZURDO, David (2022): \u00abEl terrorismo en la m\u00fasica vasca: de los cantautores al rock radical y sus herederos\u00bb, <em>Araucaria. Revista Iberoamericana de Filosof\u00eda, Pol\u00edtica, Humanidades y Relaciones Internacionales<\/em>, n\u00ba 50, pp. 205-227.<\/p>\n<p><a class=\"button blue  medium \" href=\"https:\/\/dialnet.unirioja.es\/descarga\/articulo\/8571864.pdf\" target=\"_blank\" rel=\"noopener\">Consultar PDF<\/a>[vc_empty_space height=&#8221;10&#8243;]<br \/>\n<strong>Resumen<\/strong><br \/>\nEn este art\u00edculo se analiza la impronta del terrorismo en la m\u00fasica vasca desde la d\u00e9cada de 1980 a la del 2000, prestando especial atenci\u00f3n a la imagen del \u201cconflicto vasco\u201d, a ETA y a los militantes de esta organizaci\u00f3n terrorista. Posteriormente, se examina qu\u00e9 tipo de contenido se ha mantenido en las canciones de este estilo musical, haciendo hincapi\u00e9 en las v\u00edctimas y las tem\u00e1ticas que se han impulsado desde el final de ETA. [vc_empty_space height=&#8221;10&#8243;]<br \/>\n<strong>Abstract<\/strong><br \/>\nThis article analyzes the mark of terrorism in Basque underground music from 1980s to 2000s, paying special attention to the image of the \u201cBasque conflict\u201d, to ETA and to the militants of this terrorist organization. Later, it is examined what type of content has been maintained in the songs of this musical style, with special emphasis on the victims and the thematics have been promoted since the end of ETA. [vc_empty_space height=&#8221;10&#8243;]<br \/>\n<strong>Autor<\/strong><br \/>\nDavid Mota Zurdo. <a title=\"Dialnet\" href=\"https:\/\/dialnet.unirioja.es\/servlet\/autor?codigo=3459298\" target=\"_blank\" rel=\"noopener\">P\u00e1gina del autor en Dialnet.<\/a><br \/>\n [vc_empty_space height=&#8221;10&#8243;]<br \/>\n<strong>Tipo de documento<\/strong><br \/>\nArt\u00edculo<br \/>\n[vc_empty_space height=&#8221;10&#8243;]<br \/>\n[\/vc_column_text][\/vc_column][\/vc_row]<\/p>\n<\/div>","protected":false},"excerpt":{"rendered":"<p>[vc_row][vc_column width=&#8221;1\/1&#8243;][vc_column_text][vc_empty_space height=&#8221;20&#8243;] Referencia bibliogr\u00e1fica MOTA ZURDO, David (2022): \u00abEl terrorismo en la m\u00fasica vasca: de los cantautores al rock radical y sus herederos\u00bb, Araucaria. Revista Iberoamericana de Filosof\u00eda, Pol\u00edtica,&hellip;<\/p>\n","protected":false},"author":1,"featured_media":0,"parent":0,"menu_order":0,"comment_status":"closed","ping_status":"closed","template":"","meta":{"om_disable_all_campaigns":false,"_monsterinsights_skip_tracking":false,"_monsterinsights_sitenote_active":false,"_monsterinsights_sitenote_note":"","_monsterinsights_sitenote_category":0,"_uf_show_specific_survey":0,"_uf_disable_surveys":false,"_vp_format_video_url":"","_vp_image_focal_point":[],"_vp_custom_popup_image":0,"_vp_format_audio_url":"","_vp_custom_thumbnail":0,"_vp_custom_thumbnail_focal_point":[],"_vp_hover_thumbnail":0,"_vp_hover_thumbnail_focal_point":[],"footnotes":""},"class_list":["post-17306","page","type-page","status-publish","hentry"],"aioseo_notices":[],"_links":{"self":[{"href":"https:\/\/www.arovite.com\/eu\/wp-json\/wp\/v2\/pages\/17306","targetHints":{"allow":["GET"]}}],"collection":[{"href":"https:\/\/www.arovite.com\/eu\/wp-json\/wp\/v2\/pages"}],"about":[{"href":"https:\/\/www.arovite.com\/eu\/wp-json\/wp\/v2\/types\/page"}],"author":[{"embeddable":true,"href":"https:\/\/www.arovite.com\/eu\/wp-json\/wp\/v2\/users\/1"}],"replies":[{"embeddable":true,"href":"https:\/\/www.arovite.com\/eu\/wp-json\/wp\/v2\/comments?post=17306"}],"version-history":[{"count":1,"href":"https:\/\/www.arovite.com\/eu\/wp-json\/wp\/v2\/pages\/17306\/revisions"}],"predecessor-version":[{"id":17308,"href":"https:\/\/www.arovite.com\/eu\/wp-json\/wp\/v2\/pages\/17306\/revisions\/17308"}],"wp:attachment":[{"href":"https:\/\/www.arovite.com\/eu\/wp-json\/wp\/v2\/media?parent=17306"}],"curies":[{"name":"wp","href":"https:\/\/api.w.org\/{rel}","templated":true}]}}