{"id":17228,"date":"2023-02-20T06:34:52","date_gmt":"2023-02-20T06:34:52","guid":{"rendered":"https:\/\/www.arovite.com\/?page_id=17228"},"modified":"2023-02-20T06:34:53","modified_gmt":"2023-02-20T06:34:53","slug":"lasterra-marta-coord-2022","status":"publish","type":"page","link":"https:\/\/www.arovite.com\/eu\/lasterra-marta-coord-2022\/","title":{"rendered":"LASTERRA, Marta (coord.) (2022)"},"content":{"rendered":"<div class=\"wpb-content-wrapper\"><p>[vc_row][vc_column width=&#8221;1\/1&#8243;][vc_column_text][vc_empty_space height=&#8221;20&#8243;]<br \/>\n<strong>Referencia bibliogr\u00e1fica<\/strong><br \/>\nLASTERRA, Marta (coord.) (2022): <em>Terrorismo de ETA y violencia de persecuci\u00f3n contra miembros y cargos p\u00fablicos de partidos democr\u00e1ticos en Navarra<\/em>. Pamplona: Universidad P\u00fablica de Navarra y Universidad de Navarra.<\/p>\n<p><a class=\"button blue  medium \" href=\"https:\/\/www.colsocpona.org\/es\/noticias\/presentacion-informe-el-terrorismo-de-eta-y-la-kale-borroka-contra-miembros-y-cargos-publicos-de-partidos-democraticos-en-navarra\" target=\"_blank\" rel=\"noopener\">Consultar PDF<\/a>[vc_empty_space height=&#8221;10&#8243;]<br \/>\n<strong>Resumen<\/strong><br \/>\nEl presente informe sintetiza el trabajo llevado a cabo por los equipos de la Universidad P\u00fablica de Navarra (UPNA) y de la Universidad de Navarra (UNAV) para el estudio \u201cEl terrorismo de ETA y la <em>kale borroka<\/em> contra miembros y cargos p\u00fablicos de partidos democr\u00e1ticos en Navarra\u201d, encargado por el Colegio de Sociolog\u00eda y Politolog\u00eda de Navarra en cumplimiento del convenio suscrito por este con la Direcci\u00f3n General de Paz, Convivencia y Derechos Humanos del Gobierno de Navarra. Los equipos de ambas Universidades, a trav\u00e9s de sus respectivos institutos de investigaci\u00f3n, Instituto de Investigaci\u00f3n Social Avanzada (I-Communitas), e Instituto Cultura y Sociedad, coordinados por el Colegio de Sociolog\u00eda y Politolog\u00eda de Navarra, han desarrollado el trabajo de investigaci\u00f3n previsto en el proyecto, que constaba de dos fases.<br \/>\n [vc_empty_space height=&#8221;10&#8243;]<br \/>\n<strong>Autor<\/strong><br \/>\nMarta Lasterra. <a title=\"Dialnet\" href=\"https:\/\/dialnet.unirioja.es\/servlet\/autor?codigo=2896329\" target=\"_blank\" rel=\"noopener\">P\u00e1gina del autor en Dialnet.<\/a><br \/>\n[vc_empty_space height=&#8221;10&#8243;]<br \/>\n<strong>Tipo de documento<\/strong><br \/>\nInforme<br \/>\n[vc_empty_space height=&#8221;10&#8243;]<br \/>\n[\/vc_column_text][\/vc_column][\/vc_row]<\/p>\n<\/div>","protected":false},"excerpt":{"rendered":"<p>[vc_row][vc_column width=&#8221;1\/1&#8243;][vc_column_text][vc_empty_space height=&#8221;20&#8243;] Referencia bibliogr\u00e1fica LASTERRA, Marta (coord.) (2022): Terrorismo de ETA y violencia de persecuci\u00f3n contra miembros y cargos p\u00fablicos de partidos democr\u00e1ticos en Navarra. Pamplona: Universidad P\u00fablica de&hellip;<\/p>\n","protected":false},"author":1,"featured_media":0,"parent":0,"menu_order":0,"comment_status":"closed","ping_status":"closed","template":"","meta":{"om_disable_all_campaigns":false,"_monsterinsights_skip_tracking":false,"_monsterinsights_sitenote_active":false,"_monsterinsights_sitenote_note":"","_monsterinsights_sitenote_category":0,"_uf_show_specific_survey":0,"_uf_disable_surveys":false,"_vp_format_video_url":"","_vp_image_focal_point":[],"_vp_custom_popup_image":0,"_vp_format_audio_url":"","_vp_custom_thumbnail":0,"_vp_custom_thumbnail_focal_point":[],"_vp_hover_thumbnail":0,"_vp_hover_thumbnail_focal_point":[],"footnotes":""},"class_list":["post-17228","page","type-page","status-publish","hentry"],"aioseo_notices":[],"_links":{"self":[{"href":"https:\/\/www.arovite.com\/eu\/wp-json\/wp\/v2\/pages\/17228","targetHints":{"allow":["GET"]}}],"collection":[{"href":"https:\/\/www.arovite.com\/eu\/wp-json\/wp\/v2\/pages"}],"about":[{"href":"https:\/\/www.arovite.com\/eu\/wp-json\/wp\/v2\/types\/page"}],"author":[{"embeddable":true,"href":"https:\/\/www.arovite.com\/eu\/wp-json\/wp\/v2\/users\/1"}],"replies":[{"embeddable":true,"href":"https:\/\/www.arovite.com\/eu\/wp-json\/wp\/v2\/comments?post=17228"}],"version-history":[{"count":1,"href":"https:\/\/www.arovite.com\/eu\/wp-json\/wp\/v2\/pages\/17228\/revisions"}],"predecessor-version":[{"id":17230,"href":"https:\/\/www.arovite.com\/eu\/wp-json\/wp\/v2\/pages\/17228\/revisions\/17230"}],"wp:attachment":[{"href":"https:\/\/www.arovite.com\/eu\/wp-json\/wp\/v2\/media?parent=17228"}],"curies":[{"name":"wp","href":"https:\/\/api.w.org\/{rel}","templated":true}]}}