{"id":17141,"date":"2023-02-17T18:23:25","date_gmt":"2023-02-17T18:23:25","guid":{"rendered":"https:\/\/www.arovite.com\/?page_id=17141"},"modified":"2023-02-17T18:23:45","modified_gmt":"2023-02-17T18:23:45","slug":"fernandez-soldevilla-gaizka-2017b","status":"publish","type":"page","link":"https:\/\/www.arovite.com\/eu\/fernandez-soldevilla-gaizka-2017b\/","title":{"rendered":"FERN\u00c1NDEZ SOLDEVILLA, Gaizka (2017b)"},"content":{"rendered":"<div class=\"wpb-content-wrapper\"><p>[vc_row][vc_column width=&#8221;1\/1&#8243;][vc_column_text][vc_empty_space height=&#8221;20&#8243;]<br \/>\n<strong>Referencia bibliogr\u00e1fica<\/strong><br \/>\nFERN\u00c1NDEZ SOLDEVILLA, Gaizka (2017): \u00abDe <em>Aberri<\/em> a ETA, pasando por Venezuela Rupturas y continuidades en el nacionalismo vasco radical (1921-1977)\u00bb, <em>Bulletin d&#8217;Histoire Contemporaine de l&#8217;Espagne<\/em>, n\u00ba 51, pp. 219-264.<\/p>\n<p><a class=\"button blue medium \" href=\"https:\/\/journals.openedition.org\/bhce\/751\" target=\"_blank\" rel=\"noopener\">Consultar PDF<\/a>[vc_empty_space height=&#8221;10&#8243;]<br \/>\n<strong>Resumen<\/strong><br \/>\nEste art\u00edculo analiza la historia del nacionalismo vasco radical desde el ocaso de la Restauraci\u00f3n hasta los a\u00f1os setenta del siglo XX, identificando las rupturas y continuidades que se experimentaron en su seno. El objetivo del trabajo es dilucidar si hubo o no un hilo entre el movimiento ultranacionalista anterior a la Guerra Civil, el de <em>Aberri<\/em> y <em>Jagi-Jagi<\/em>, y el de la nueva generaci\u00f3n abertzale aparecida durante la dictadura de Franco, encarnada por ETA. [vc_empty_space height=&#8221;10&#8243;]<br \/>\n<strong>Autor<\/strong><br \/>\nGaizka Fern\u00e1ndez Soldevilla. <a title=\"Dialnet\" href=\"https:\/\/dialnet.unirioja.es\/servlet\/autor?codigo=2407724\" target=\"_blank\" rel=\"noopener\">P\u00e1gina del autor en Dialnet.<\/a><br \/>\n[vc_empty_space height=&#8221;10&#8243;]<br \/>\n<strong>Tipo de documento<\/strong><br \/>\nArt\u00edculo<br \/>\n[vc_empty_space height=&#8221;10&#8243;]<br \/>\n[\/vc_column_text][\/vc_column][\/vc_row]<\/p>\n<\/div>","protected":false},"excerpt":{"rendered":"<p>[vc_row][vc_column width=&#8221;1\/1&#8243;][vc_column_text][vc_empty_space height=&#8221;20&#8243;] Referencia bibliogr\u00e1fica FERN\u00c1NDEZ SOLDEVILLA, Gaizka (2017): \u00abDe Aberri a ETA, pasando por Venezuela Rupturas y continuidades en el nacionalismo vasco radical (1921-1977)\u00bb, Bulletin d&#8217;Histoire Contemporaine de l&#8217;Espagne,&hellip;<\/p>\n","protected":false},"author":1,"featured_media":0,"parent":0,"menu_order":0,"comment_status":"closed","ping_status":"closed","template":"","meta":{"om_disable_all_campaigns":false,"_monsterinsights_skip_tracking":false,"_monsterinsights_sitenote_active":false,"_monsterinsights_sitenote_note":"","_monsterinsights_sitenote_category":0,"_uf_show_specific_survey":0,"_uf_disable_surveys":false,"_vp_format_video_url":"","_vp_image_focal_point":[],"_vp_custom_popup_image":0,"_vp_format_audio_url":"","_vp_custom_thumbnail":0,"_vp_custom_thumbnail_focal_point":[],"_vp_hover_thumbnail":0,"_vp_hover_thumbnail_focal_point":[],"footnotes":""},"class_list":["post-17141","page","type-page","status-publish","hentry"],"aioseo_notices":[],"_links":{"self":[{"href":"https:\/\/www.arovite.com\/eu\/wp-json\/wp\/v2\/pages\/17141","targetHints":{"allow":["GET"]}}],"collection":[{"href":"https:\/\/www.arovite.com\/eu\/wp-json\/wp\/v2\/pages"}],"about":[{"href":"https:\/\/www.arovite.com\/eu\/wp-json\/wp\/v2\/types\/page"}],"author":[{"embeddable":true,"href":"https:\/\/www.arovite.com\/eu\/wp-json\/wp\/v2\/users\/1"}],"replies":[{"embeddable":true,"href":"https:\/\/www.arovite.com\/eu\/wp-json\/wp\/v2\/comments?post=17141"}],"version-history":[{"count":1,"href":"https:\/\/www.arovite.com\/eu\/wp-json\/wp\/v2\/pages\/17141\/revisions"}],"predecessor-version":[{"id":17143,"href":"https:\/\/www.arovite.com\/eu\/wp-json\/wp\/v2\/pages\/17141\/revisions\/17143"}],"wp:attachment":[{"href":"https:\/\/www.arovite.com\/eu\/wp-json\/wp\/v2\/media?parent=17141"}],"curies":[{"name":"wp","href":"https:\/\/api.w.org\/{rel}","templated":true}]}}