{"id":17073,"date":"2023-02-15T19:49:02","date_gmt":"2023-02-15T19:49:02","guid":{"rendered":"https:\/\/www.arovite.com\/?page_id=17073"},"modified":"2023-02-22T11:59:48","modified_gmt":"2023-02-22T11:59:48","slug":"aviles-farre-juan-2022","status":"publish","type":"page","link":"https:\/\/www.arovite.com\/eu\/aviles-farre-juan-2022\/","title":{"rendered":"AVIL\u00c9S FARR\u00c9, Juan (2022)"},"content":{"rendered":"<div class=\"wpb-content-wrapper\"><p>[vc_row][vc_column width=&#8221;1\/1&#8243;][vc_column_text][vc_empty_space height=&#8221;20&#8243;]<br \/>\n<strong>Referencia bibliogr\u00e1fica<\/strong><br \/>\nAVIL\u00c9S FARR\u00c9, Juan (2022): \u00abEspa\u00f1a frente al terrorismo de ETA\u00bb, en GONZ\u00c1LEZ PIOTE, Laura, CRESPO ALC\u00c1ZAR, Alfredo y RODR\u00cdGUEZ JIM\u00c9NEZ, Jos\u00e9 Luis (coords.): <em>Mujeres v\u00edctimas del terrorismo y mujeres contra el terrorismo. Historia, memoria, labor y legado<\/em>. Madrid: Editorial Dykinson, pp. 21-40. <\/p>\n<p><a class=\"button blue medium \" href=\"https:\/\/www.academia.edu\/75975925\/Espa%C3%B1a_frente_al_terrorismo_de_ETA\" target=\"_blank\" rel=\"noopener\">Consultar PDF<\/a>[vc_empty_space height=&#8221;10&#8243;]<br \/>\n<strong>Abstract<\/strong><br \/>\nEn esta introducci\u00f3n a la obra <em>Mujeres v\u00edctimas del terrorismo y mujeres contra el terrorismo. Historia, memoria, labor y legado<\/em>, el autor realiza un repaso sucinto sobre el terrorismo de ETA centr\u00e1ndose en la historiograf\u00eda, el concepto de terrorismo, la historia de la banda y, finalmente, el papel de las v\u00edctimas y los victimarios. [vc_empty_space height=&#8221;10&#8243;]<br \/>\n<strong>Autor<\/strong><br \/>\nJuan Avil\u00e9s Farr\u00e9. <a title=\"Dialnet\" href=\"https:\/\/dialnet.unirioja.es\/servlet\/autor?codigo=273104\" target=\"_blank\" rel=\"noopener\">P\u00e1gina del autor en Dialnet.<\/a><br \/>\n[vc_empty_space height=&#8221;10&#8243;]<br \/>\n<strong>Tipo de documento<\/strong><br \/>\nCap\u00edtulo de libro<br \/>\n[vc_empty_space height=&#8221;10&#8243;]<br \/>\n[\/vc_column_text][\/vc_column][\/vc_row]<\/p>\n<\/div>","protected":false},"excerpt":{"rendered":"<p>[vc_row][vc_column width=&#8221;1\/1&#8243;][vc_column_text][vc_empty_space height=&#8221;20&#8243;] Referencia bibliogr\u00e1fica AVIL\u00c9S FARR\u00c9, Juan (2022): \u00abEspa\u00f1a frente al terrorismo de ETA\u00bb, en GONZ\u00c1LEZ PIOTE, Laura, CRESPO ALC\u00c1ZAR, Alfredo y RODR\u00cdGUEZ JIM\u00c9NEZ, Jos\u00e9 Luis (coords.): Mujeres v\u00edctimas&hellip;<\/p>\n","protected":false},"author":1,"featured_media":0,"parent":0,"menu_order":0,"comment_status":"closed","ping_status":"closed","template":"","meta":{"om_disable_all_campaigns":false,"_monsterinsights_skip_tracking":false,"_monsterinsights_sitenote_active":false,"_monsterinsights_sitenote_note":"","_monsterinsights_sitenote_category":0,"_uf_show_specific_survey":0,"_uf_disable_surveys":false,"_vp_format_video_url":"","_vp_image_focal_point":[],"_vp_custom_popup_image":0,"_vp_format_audio_url":"","_vp_custom_thumbnail":0,"_vp_custom_thumbnail_focal_point":[],"_vp_hover_thumbnail":0,"_vp_hover_thumbnail_focal_point":[],"footnotes":""},"class_list":["post-17073","page","type-page","status-publish","hentry"],"aioseo_notices":[],"_links":{"self":[{"href":"https:\/\/www.arovite.com\/eu\/wp-json\/wp\/v2\/pages\/17073","targetHints":{"allow":["GET"]}}],"collection":[{"href":"https:\/\/www.arovite.com\/eu\/wp-json\/wp\/v2\/pages"}],"about":[{"href":"https:\/\/www.arovite.com\/eu\/wp-json\/wp\/v2\/types\/page"}],"author":[{"embeddable":true,"href":"https:\/\/www.arovite.com\/eu\/wp-json\/wp\/v2\/users\/1"}],"replies":[{"embeddable":true,"href":"https:\/\/www.arovite.com\/eu\/wp-json\/wp\/v2\/comments?post=17073"}],"version-history":[{"count":2,"href":"https:\/\/www.arovite.com\/eu\/wp-json\/wp\/v2\/pages\/17073\/revisions"}],"predecessor-version":[{"id":17574,"href":"https:\/\/www.arovite.com\/eu\/wp-json\/wp\/v2\/pages\/17073\/revisions\/17574"}],"wp:attachment":[{"href":"https:\/\/www.arovite.com\/eu\/wp-json\/wp\/v2\/media?parent=17073"}],"curies":[{"name":"wp","href":"https:\/\/api.w.org\/{rel}","templated":true}]}}