{"id":17031,"date":"2023-02-15T18:33:36","date_gmt":"2023-02-15T18:33:36","guid":{"rendered":"https:\/\/www.arovite.com\/?page_id=17031"},"modified":"2023-02-15T18:33:36","modified_gmt":"2023-02-15T18:33:36","slug":"ajuriaguerra-escudero-miguel-angel-2022","status":"publish","type":"page","link":"https:\/\/www.arovite.com\/eu\/ajuriaguerra-escudero-miguel-angel-2022\/","title":{"rendered":"AJURIAGUERRA ESCUDERO, Miguel \u00c1ngel (2022)"},"content":{"rendered":"<div class=\"wpb-content-wrapper\"><p>[vc_row][vc_column width=&#8221;1\/1&#8243;][vc_column_text][vc_empty_space height=&#8221;20&#8243;]<br \/>\n <strong>Referencia bibliogr\u00e1fica<\/strong><br \/>\nAJURIAGUERRA ESCUDERO, Miguel \u00c1ngel (2022): \u00abUrbanismo y revoluci\u00f3n. Pintadas, murales y carteles de ETA (1969-2011)\u00bb, <em>Araucaria. Revista Iberoamericana de Filosof\u00eda, Pol\u00edtica, Humanidades y Relaciones Internacionales<\/em>, n\u00ba 50, pp. 255-284.<\/p>\n<p><a class=\"button blue medium \" href=\"https:\/\/dialnet.unirioja.es\/descarga\/articulo\/8571866.pdf\" target=\"_blank\" rel=\"noopener\">Consultar PDF<\/a>[vc_empty_space height=&#8221;10&#8243;]<br \/>\n<strong>Resumen<\/strong><br \/>\nA lo largo de la historia el espacio p\u00fablico de pueblos y ciudades se ha caracterizado por acoger y favorecer tanto los encuentros e intercambios culturales como las revoluciones y cambios sociales. En el caso de Occidente, \u00e9stas han fomentado la expansi\u00f3n territorial de la democracia. Pero \u00bfqu\u00e9 ocurre cuando la reivindicaci\u00f3n, lucha o incluso revoluci\u00f3n de plazas y calles sirve para revertir todos los avances democr\u00e1ticos alcanzados? En este art\u00edculo se analizan las demandas independentistas en los entornos urbanos vascos durante los a\u00f1os de 1969-2011. Para ello, se emplea una metodolog\u00eda de revisi\u00f3n bibliogr\u00e1fica de las acciones realizadas los n\u00facleos urbanos mediante las manifestaciones art\u00edsticas relativas al independentismo y terrorismo vasco. Hasta lograr as\u00ed, mermar la neutralidad del espacio p\u00fablico hasta apropiarse de \u00e9l. De esta forma, se expone la evoluci\u00f3n del independentismo y terrorismo vasco mediante las perspectivas ciudadanas a trav\u00e9s de sus pintadas, murales y carteles. [vc_empty_space height=&#8221;10&#8243;]<br \/>\n<strong>Abstract<\/strong><br \/>\nThroughout history, the public space of towns and cities has been characterized by favoring cultural encounters and exchanges and revolutions and social changes. In the case of the West, these have fostered the territorial expansion of democracy. But what happens when some citizens occupy squares and streets to reverse all the democratic advances achieved? This article, the demands for independence of part the Basque society in urban environments during 1969-2011, is analyzed. To do this, a methodology of bibliographic review of the actions carried out through artistic manifestations related to Basque independence and terrorism movement in urban areas. Consequently, these actions reduced the neutrality of public space until appropriating it. In this way, the evolution of Basque independence and terrorism movements was exposed through citizen perspectives through its graffiti, murals and posters. [vc_empty_space height=&#8221;10&#8243;]<br \/>\n<strong>Autor<\/strong><br \/>\nMiguel \u00c1ngel Ajuriaguerra Escudero. <a title=\"Dialnet\" href=\"https:\/\/dialnet.unirioja.es\/servlet\/autor?codigo=3184264\" target=\"_blank\" rel=\"noopener\">P\u00e1gina del autor en Dialnet.<\/a><br \/>\n[vc_empty_space height=&#8221;10&#8243;]<br \/>\n<strong>Tipo de documento<\/strong><br \/>\nArt\u00edculo<br \/>\n[vc_empty_space height=&#8221;10&#8243;]<br \/>\n[\/vc_column_text][\/vc_column][\/vc_row]<\/p>\n<\/div>","protected":false},"excerpt":{"rendered":"<p>[vc_row][vc_column width=&#8221;1\/1&#8243;][vc_column_text][vc_empty_space height=&#8221;20&#8243;] Referencia bibliogr\u00e1fica AJURIAGUERRA ESCUDERO, Miguel \u00c1ngel (2022): \u00abUrbanismo y revoluci\u00f3n. Pintadas, murales y carteles de ETA (1969-2011)\u00bb, Araucaria. Revista Iberoamericana de Filosof\u00eda, Pol\u00edtica, Humanidades y Relaciones Internacionales,&hellip;<\/p>\n","protected":false},"author":1,"featured_media":0,"parent":0,"menu_order":0,"comment_status":"closed","ping_status":"closed","template":"","meta":{"om_disable_all_campaigns":false,"_monsterinsights_skip_tracking":false,"_monsterinsights_sitenote_active":false,"_monsterinsights_sitenote_note":"","_monsterinsights_sitenote_category":0,"_uf_show_specific_survey":0,"_uf_disable_surveys":false,"_vp_format_video_url":"","_vp_image_focal_point":[],"_vp_custom_popup_image":0,"_vp_format_audio_url":"","_vp_custom_thumbnail":0,"_vp_custom_thumbnail_focal_point":[],"_vp_hover_thumbnail":0,"_vp_hover_thumbnail_focal_point":[],"footnotes":""},"class_list":["post-17031","page","type-page","status-publish","hentry"],"aioseo_notices":[],"_links":{"self":[{"href":"https:\/\/www.arovite.com\/eu\/wp-json\/wp\/v2\/pages\/17031","targetHints":{"allow":["GET"]}}],"collection":[{"href":"https:\/\/www.arovite.com\/eu\/wp-json\/wp\/v2\/pages"}],"about":[{"href":"https:\/\/www.arovite.com\/eu\/wp-json\/wp\/v2\/types\/page"}],"author":[{"embeddable":true,"href":"https:\/\/www.arovite.com\/eu\/wp-json\/wp\/v2\/users\/1"}],"replies":[{"embeddable":true,"href":"https:\/\/www.arovite.com\/eu\/wp-json\/wp\/v2\/comments?post=17031"}],"version-history":[{"count":1,"href":"https:\/\/www.arovite.com\/eu\/wp-json\/wp\/v2\/pages\/17031\/revisions"}],"predecessor-version":[{"id":17033,"href":"https:\/\/www.arovite.com\/eu\/wp-json\/wp\/v2\/pages\/17031\/revisions\/17033"}],"wp:attachment":[{"href":"https:\/\/www.arovite.com\/eu\/wp-json\/wp\/v2\/media?parent=17031"}],"curies":[{"name":"wp","href":"https:\/\/api.w.org\/{rel}","templated":true}]}}