{"id":12744,"date":"2021-01-22T09:45:56","date_gmt":"2021-01-22T09:45:56","guid":{"rendered":"https:\/\/www.arovite.com\/gobierno-vasco-2018-4\/"},"modified":"2021-01-22T10:38:34","modified_gmt":"2021-01-22T10:38:34","slug":"gobierno-vasco-2018-4","status":"publish","type":"page","link":"https:\/\/www.arovite.com\/eu\/gobierno-vasco-2018-4\/","title":{"rendered":"GOBIERNO VASCO (2018)"},"content":{"rendered":"<div class=\"wpb-content-wrapper\"><p>[vc_row][vc_column width=&#8221;1\/1&#8243;][vc_column_text][vc_empty_space height=&#8221;20&#8243;]<br \/>\n<strong>Referencia bibliogr\u00e1fica<\/strong><br \/>\nGOBIERNO VASCO (2018): \u00abDocumentaci\u00f3n complementaria\u00bb, <em>Unidad did\u00e1ctica Herenegun!<\/em>, n\u00ba 4. <\/p>\n<p><a class=\"button blue medium \" href=\"https:\/\/www.irekia.euskadi.eus\/uploads\/attachments\/12350\/cuaderno_4_herenegun_cas.pdf?1539162858\" target=\"_blank\" rel=\"noopener\">Consultar PDF<\/a>[vc_empty_space height=&#8221;10&#8243;]<br \/>\n<strong>Resumen<\/strong><br \/>\nEsta documentaci\u00f3n complementaria re\u00fane, por un lado, una selecci\u00f3n de textos sobre memoria e historia y, por otro, diversos planes metodol\u00f3gicos para abordar los contenidos de este material educativo. En \u00faltimo lugar destaca la Declaraci\u00f3n Universal de Derechos Humanos.<br \/>\n[vc_empty_space height=&#8221;10&#8243;]<br \/>\n<strong>Tipo de documento<\/strong><br \/>\nUnidad did\u00e1ctica<br \/>\n[vc_empty_space height=&#8221;10&#8243;]<br \/>\n[\/vc_column_text][\/vc_column][\/vc_row]<\/p>\n<\/div>","protected":false},"excerpt":{"rendered":"<p>[vc_row][vc_column width=&#8221;1\/1&#8243;][vc_column_text][vc_empty_space height=&#8221;20&#8243;] Referencia bibliogr\u00e1fica GOBIERNO VASCO (2018): \u00abDocumentaci\u00f3n complementaria\u00bb, Unidad did\u00e1ctica Herenegun!, n\u00ba 4. Consultar PDF[vc_empty_space height=&#8221;10&#8243;] Resumen Esta documentaci\u00f3n complementaria re\u00fane, por un lado, una selecci\u00f3n de textos&hellip;<\/p>\n","protected":false},"author":1,"featured_media":0,"parent":0,"menu_order":0,"comment_status":"closed","ping_status":"closed","template":"","meta":{"om_disable_all_campaigns":false,"_monsterinsights_skip_tracking":false,"_monsterinsights_sitenote_active":false,"_monsterinsights_sitenote_note":"","_monsterinsights_sitenote_category":0,"_uf_show_specific_survey":0,"_uf_disable_surveys":false,"_vp_format_video_url":"","_vp_image_focal_point":[],"_vp_custom_popup_image":0,"_vp_format_audio_url":"","_vp_custom_thumbnail":0,"_vp_custom_thumbnail_focal_point":[],"_vp_hover_thumbnail":0,"_vp_hover_thumbnail_focal_point":[],"footnotes":""},"class_list":["post-12744","page","type-page","status-publish","hentry"],"aioseo_notices":[],"_links":{"self":[{"href":"https:\/\/www.arovite.com\/eu\/wp-json\/wp\/v2\/pages\/12744","targetHints":{"allow":["GET"]}}],"collection":[{"href":"https:\/\/www.arovite.com\/eu\/wp-json\/wp\/v2\/pages"}],"about":[{"href":"https:\/\/www.arovite.com\/eu\/wp-json\/wp\/v2\/types\/page"}],"author":[{"embeddable":true,"href":"https:\/\/www.arovite.com\/eu\/wp-json\/wp\/v2\/users\/1"}],"replies":[{"embeddable":true,"href":"https:\/\/www.arovite.com\/eu\/wp-json\/wp\/v2\/comments?post=12744"}],"version-history":[{"count":2,"href":"https:\/\/www.arovite.com\/eu\/wp-json\/wp\/v2\/pages\/12744\/revisions"}],"predecessor-version":[{"id":12763,"href":"https:\/\/www.arovite.com\/eu\/wp-json\/wp\/v2\/pages\/12744\/revisions\/12763"}],"wp:attachment":[{"href":"https:\/\/www.arovite.com\/eu\/wp-json\/wp\/v2\/media?parent=12744"}],"curies":[{"name":"wp","href":"https:\/\/api.w.org\/{rel}","templated":true}]}}