{"id":12737,"date":"2021-01-22T09:44:41","date_gmt":"2021-01-22T09:44:41","guid":{"rendered":"https:\/\/www.arovite.com\/gobierno-vasco-2018-3\/"},"modified":"2021-01-22T10:38:27","modified_gmt":"2021-01-22T10:38:27","slug":"gobierno-vasco-2018-3","status":"publish","type":"page","link":"https:\/\/www.arovite.com\/eu\/gobierno-vasco-2018-3\/","title":{"rendered":"GOBIERNO VASCO (2018)"},"content":{"rendered":"<div class=\"wpb-content-wrapper\"><p>[vc_row][vc_column width=&#8221;1\/1&#8243;][vc_column_text][vc_empty_space height=&#8221;20&#8243;]<br \/>\n<strong>Referencia bibliogr\u00e1fica<\/strong><br \/>\nGOBIERNO VASCO (2018): \u00abPlan de trabajo dentro de la asignatura de Historia de 2\u00ba de Bachillerato\u00bb, <em>Unidad did\u00e1ctica Herenegun!<\/em>, n\u00ba 3. <\/p>\n<p><a class=\"button blue medium \" href=\"https:\/\/www.irekia.euskadi.eus\/uploads\/attachments\/12349\/cuaderno_3_herenegun_cas.pdf?1539162850\" target=\"_blank\" rel=\"noopener\">Consultar PDF<\/a>[vc_empty_space height=&#8221;10&#8243;]<br \/>\n<strong>Resumen<\/strong><br \/>\nEl material b\u00e1sico de esta experiencia piloto es un recurso audiovisual. Se trata de cinco documentales de 22-23 minutos. Cada uno de ellos, resume una d\u00e9cada. Estos cinco documentales son el material para el alumnado. Cada alumno y alumna va a disponer de un enlace desde el que acceder a esta serie documental. Se trata tambi\u00e9n del material b\u00e1sico para el profesorado. La gu\u00eda fundamental para encauzar este trabajo. Sobre esta base, se propone estructurar el abordaje del periodo correspondiente a lo que se conoce como Memoria Reciente (1960-2018) en seis sesiones de 55 minutos de dedicaci\u00f3n para la asignatura de Historia contempor\u00e1nea de Espa\u00f1a y del Pa\u00eds Vasco de 2\u00ba de Bachillerato. Cinco de estas sesiones estar\u00e1n orientadas al trabajo con cada uno de los documentales, y la sexta se dedicar\u00e1 al trabajo de conclusiones y evaluaci\u00f3n.<br \/>\n[vc_empty_space height=&#8221;10&#8243;]<br \/>\n<strong>Tipo de documento<\/strong><br \/>\nUnidad did\u00e1ctica<br \/>\n[vc_empty_space height=&#8221;10&#8243;]<br \/>\n[\/vc_column_text][\/vc_column][\/vc_row]<\/p>\n<\/div>","protected":false},"excerpt":{"rendered":"<p>[vc_row][vc_column width=&#8221;1\/1&#8243;][vc_column_text][vc_empty_space height=&#8221;20&#8243;] Referencia bibliogr\u00e1fica GOBIERNO VASCO (2018): \u00abPlan de trabajo dentro de la asignatura de Historia de 2\u00ba de Bachillerato\u00bb, Unidad did\u00e1ctica Herenegun!, n\u00ba 3. Consultar PDF[vc_empty_space height=&#8221;10&#8243;] Resumen&hellip;<\/p>\n","protected":false},"author":1,"featured_media":0,"parent":0,"menu_order":0,"comment_status":"closed","ping_status":"closed","template":"","meta":{"om_disable_all_campaigns":false,"_monsterinsights_skip_tracking":false,"_monsterinsights_sitenote_active":false,"_monsterinsights_sitenote_note":"","_monsterinsights_sitenote_category":0,"_uf_show_specific_survey":0,"_uf_disable_surveys":false,"_vp_format_video_url":"","_vp_image_focal_point":[],"_vp_custom_popup_image":0,"_vp_format_audio_url":"","_vp_custom_thumbnail":0,"_vp_custom_thumbnail_focal_point":[],"_vp_hover_thumbnail":0,"_vp_hover_thumbnail_focal_point":[],"footnotes":""},"class_list":["post-12737","page","type-page","status-publish","hentry"],"aioseo_notices":[],"_links":{"self":[{"href":"https:\/\/www.arovite.com\/eu\/wp-json\/wp\/v2\/pages\/12737","targetHints":{"allow":["GET"]}}],"collection":[{"href":"https:\/\/www.arovite.com\/eu\/wp-json\/wp\/v2\/pages"}],"about":[{"href":"https:\/\/www.arovite.com\/eu\/wp-json\/wp\/v2\/types\/page"}],"author":[{"embeddable":true,"href":"https:\/\/www.arovite.com\/eu\/wp-json\/wp\/v2\/users\/1"}],"replies":[{"embeddable":true,"href":"https:\/\/www.arovite.com\/eu\/wp-json\/wp\/v2\/comments?post=12737"}],"version-history":[{"count":2,"href":"https:\/\/www.arovite.com\/eu\/wp-json\/wp\/v2\/pages\/12737\/revisions"}],"predecessor-version":[{"id":12760,"href":"https:\/\/www.arovite.com\/eu\/wp-json\/wp\/v2\/pages\/12737\/revisions\/12760"}],"wp:attachment":[{"href":"https:\/\/www.arovite.com\/eu\/wp-json\/wp\/v2\/media?parent=12737"}],"curies":[{"name":"wp","href":"https:\/\/api.w.org\/{rel}","templated":true}]}}