{"id":12705,"date":"2021-01-22T08:33:49","date_gmt":"2021-01-22T08:33:49","guid":{"rendered":"https:\/\/www.arovite.com\/covite-2018\/"},"modified":"2021-01-22T08:33:56","modified_gmt":"2021-01-22T08:33:56","slug":"covite-2018","status":"publish","type":"page","link":"https:\/\/www.arovite.com\/eu\/covite-2018\/","title":{"rendered":"COVITE (2018)"},"content":{"rendered":"<div class=\"wpb-content-wrapper\"><p>[vc_row][vc_column width=&#8221;1\/1&#8243;][vc_column_text][vc_empty_space height=&#8221;20&#8243;]<br \/>\n<strong>Referencia bibliogr\u00e1fica<\/strong><br \/>\nCOVITE (2018): <em>Qu\u00e9 es el terrorismo. Una gu\u00eda did\u00e1ctica<\/em>.<\/p>\n<p><a class=\"button blue medium \" href=\"https:\/\/covite.org\/wp-content\/uploads\/2019\/03\/Guia-educativa-terrorismo-COVITE-2018.pdf\" target=\"_blank\" rel=\"noopener\">Consultar PDF<\/a>[vc_empty_space height=&#8221;10&#8243;]<br \/>\n<strong>Resumen<\/strong><br \/>\nEl Colectivo de V\u00edctimas del Terrorismo (COVITE) ha publicado la gu\u00eda educativa <em>Qu\u00e9 es el terrorismo<\/em> para que padres y docentes puedan explicar a los ni\u00f1os qu\u00e9 es el terrorismo y cu\u00e1les son sus consecuencias.<br \/>\n[vc_empty_space height=&#8221;10&#8243;]<br \/>\n<strong>Tipo de documento<\/strong><br \/>\nUnidad did\u00e1ctica<br \/>\n[vc_empty_space height=&#8221;10&#8243;]<br \/>\n[\/vc_column_text][\/vc_column][\/vc_row]<\/p>\n<\/div>","protected":false},"excerpt":{"rendered":"<p>[vc_row][vc_column width=&#8221;1\/1&#8243;][vc_column_text][vc_empty_space height=&#8221;20&#8243;] Referencia bibliogr\u00e1fica COVITE (2018): Qu\u00e9 es el terrorismo. Una gu\u00eda did\u00e1ctica. Consultar PDF[vc_empty_space height=&#8221;10&#8243;] Resumen El Colectivo de V\u00edctimas del Terrorismo (COVITE) ha publicado la gu\u00eda educativa&hellip;<\/p>\n","protected":false},"author":1,"featured_media":0,"parent":0,"menu_order":0,"comment_status":"closed","ping_status":"closed","template":"","meta":{"om_disable_all_campaigns":false,"_monsterinsights_skip_tracking":false,"_monsterinsights_sitenote_active":false,"_monsterinsights_sitenote_note":"","_monsterinsights_sitenote_category":0,"_uf_show_specific_survey":0,"_uf_disable_surveys":false,"_vp_format_video_url":"","_vp_image_focal_point":[],"_vp_custom_popup_image":0,"_vp_format_audio_url":"","_vp_custom_thumbnail":0,"_vp_custom_thumbnail_focal_point":[],"_vp_hover_thumbnail":0,"_vp_hover_thumbnail_focal_point":[],"footnotes":""},"class_list":["post-12705","page","type-page","status-publish","hentry"],"aioseo_notices":[],"_links":{"self":[{"href":"https:\/\/www.arovite.com\/eu\/wp-json\/wp\/v2\/pages\/12705","targetHints":{"allow":["GET"]}}],"collection":[{"href":"https:\/\/www.arovite.com\/eu\/wp-json\/wp\/v2\/pages"}],"about":[{"href":"https:\/\/www.arovite.com\/eu\/wp-json\/wp\/v2\/types\/page"}],"author":[{"embeddable":true,"href":"https:\/\/www.arovite.com\/eu\/wp-json\/wp\/v2\/users\/1"}],"replies":[{"embeddable":true,"href":"https:\/\/www.arovite.com\/eu\/wp-json\/wp\/v2\/comments?post=12705"}],"version-history":[{"count":1,"href":"https:\/\/www.arovite.com\/eu\/wp-json\/wp\/v2\/pages\/12705\/revisions"}],"predecessor-version":[{"id":12707,"href":"https:\/\/www.arovite.com\/eu\/wp-json\/wp\/v2\/pages\/12705\/revisions\/12707"}],"wp:attachment":[{"href":"https:\/\/www.arovite.com\/eu\/wp-json\/wp\/v2\/media?parent=12705"}],"curies":[{"name":"wp","href":"https:\/\/api.w.org\/{rel}","templated":true}]}}