{"id":12647,"date":"2021-01-22T08:21:54","date_gmt":"2021-01-22T08:21:54","guid":{"rendered":"https:\/\/www.arovite.com\/fundacion-centro-para-la-memoria-de-las-victimas-del-terrorismo-2018-2\/"},"modified":"2021-01-22T08:24:46","modified_gmt":"2021-01-22T08:24:46","slug":"fundacion-centro-para-la-memoria-de-las-victimas-del-terrorismo-2018-2","status":"publish","type":"page","link":"https:\/\/www.arovite.com\/eu\/fundacion-centro-para-la-memoria-de-las-victimas-del-terrorismo-2018-2\/","title":{"rendered":"FUNDACI\u00d3N CENTRO PARA LA MEMORIA DE LAS V\u00cdCTIMAS DEL TERRORISMO (2018)"},"content":{"rendered":"<div class=\"wpb-content-wrapper\"><p>[vc_row][vc_column width=&#8221;1\/1&#8243;][vc_column_text][vc_empty_space height=&#8221;20&#8243;]<br \/>\n<strong>Referencia bibliogr\u00e1fica<\/strong><br \/>\nFUNDACI\u00d3N CENTRO PARA LA MEMORIA DE LAS V\u00cdCTIMAS DEL TERRORISMO (2018): \u00abEl terrorismo en Espa\u00f1a\u00bb, <em>Proyecto educativo Memoria y prevenci\u00f3n del terrorismo<\/em>, n\u00ba 1. <\/p>\n<p><a class=\"button blue  medium \" href=\"http:\/\/www.memorialvt.com\/wp-content\/uploads\/2018\/11\/terrorismo_en_espa%C3%B1a_PROFESORADO_WEB.pdf\" target=\"_blank\" rel=\"noopener\">Consultar PDF<\/a>[vc_empty_space height=&#8221;10&#8243;]<br \/>\n<strong>Resumen<\/strong><br \/>\nEste material se presenta como un resumen de la unidad did\u00e1ctica que los Ministerios de Interior y de Educaci\u00f3n y Formaci\u00f3n Profesional, el Centro para la Memoria de las V\u00edctimas del Terrorismo y la Fundaci\u00f3n V\u00edctimas del Terrorismo, han elaborado para facilitar la labor de los docentes al explicar las materias relacionadas con el terrorismo, que se incluyen en la asignatura de Geograf\u00eda e Historia de 4\u00aa de la ESO. Este resumen est\u00e1 dirigido a los centros escolares que participan en la experiencia piloto de llevar el testimonio directo de las v\u00edctimas del terrorismo en las aulas, consistente en escuchar de viva voz a una v\u00edctima del terrorismo relatar su experiencia personal y posteriormente dialogar con los asistentes sobre su vivencia. Con car\u00e1cter previo a realizar la citada actividad, se aconseja que los alumnos conozcan los aspectos fundamentales del terrorismo en Espa\u00f1a. Con tal objetivo se ofrece este material. [vc_empty_space height=&#8221;10&#8243;]<br \/>\n<strong>Tipo de documento<\/strong><br \/>\nUnidad did\u00e1ctica<br \/>\n[vc_empty_space height=&#8221;10&#8243;]<br \/>\n[\/vc_column_text][\/vc_column][\/vc_row]<\/p>\n<\/div>","protected":false},"excerpt":{"rendered":"<p>[vc_row][vc_column width=&#8221;1\/1&#8243;][vc_column_text][vc_empty_space height=&#8221;20&#8243;] Referencia bibliogr\u00e1fica FUNDACI\u00d3N CENTRO PARA LA MEMORIA DE LAS V\u00cdCTIMAS DEL TERRORISMO (2018): \u00abEl terrorismo en Espa\u00f1a\u00bb, Proyecto educativo Memoria y prevenci\u00f3n del terrorismo, n\u00ba 1. Consultar&hellip;<\/p>\n","protected":false},"author":1,"featured_media":0,"parent":0,"menu_order":0,"comment_status":"closed","ping_status":"closed","template":"","meta":{"om_disable_all_campaigns":false,"_monsterinsights_skip_tracking":false,"_monsterinsights_sitenote_active":false,"_monsterinsights_sitenote_note":"","_monsterinsights_sitenote_category":0,"_uf_show_specific_survey":0,"_uf_disable_surveys":false,"_vp_format_video_url":"","_vp_image_focal_point":[],"_vp_custom_popup_image":0,"_vp_format_audio_url":"","_vp_custom_thumbnail":0,"_vp_custom_thumbnail_focal_point":[],"_vp_hover_thumbnail":0,"_vp_hover_thumbnail_focal_point":[],"footnotes":""},"class_list":["post-12647","page","type-page","status-publish","hentry"],"aioseo_notices":[],"_links":{"self":[{"href":"https:\/\/www.arovite.com\/eu\/wp-json\/wp\/v2\/pages\/12647","targetHints":{"allow":["GET"]}}],"collection":[{"href":"https:\/\/www.arovite.com\/eu\/wp-json\/wp\/v2\/pages"}],"about":[{"href":"https:\/\/www.arovite.com\/eu\/wp-json\/wp\/v2\/types\/page"}],"author":[{"embeddable":true,"href":"https:\/\/www.arovite.com\/eu\/wp-json\/wp\/v2\/users\/1"}],"replies":[{"embeddable":true,"href":"https:\/\/www.arovite.com\/eu\/wp-json\/wp\/v2\/comments?post=12647"}],"version-history":[{"count":4,"href":"https:\/\/www.arovite.com\/eu\/wp-json\/wp\/v2\/pages\/12647\/revisions"}],"predecessor-version":[{"id":12659,"href":"https:\/\/www.arovite.com\/eu\/wp-json\/wp\/v2\/pages\/12647\/revisions\/12659"}],"wp:attachment":[{"href":"https:\/\/www.arovite.com\/eu\/wp-json\/wp\/v2\/media?parent=12647"}],"curies":[{"name":"wp","href":"https:\/\/api.w.org\/{rel}","templated":true}]}}