{"id":12509,"date":"2021-01-08T08:40:44","date_gmt":"2021-01-08T08:40:44","guid":{"rendered":"https:\/\/www.arovite.com\/casquete-jesus-2009-2\/"},"modified":"2021-01-08T08:41:46","modified_gmt":"2021-01-08T08:41:46","slug":"casquete-jesus-2009-2","status":"publish","type":"page","link":"https:\/\/www.arovite.com\/eu\/casquete-jesus-2009-2\/","title":{"rendered":"CASQUETE, Jes\u00fas (2009)"},"content":{"rendered":"<div class=\"wpb-content-wrapper\"><p>[vc_row][vc_column width=&#8221;1\/1&#8243;][vc_column_text][vc_empty_space height=&#8221;20&#8243;]<br \/>\n<strong>Referencia bibliogr\u00e1fica<\/strong><br \/>\nCASQUETE, Jes\u00fas (2009): <em>En el nombre de Euskal Herria. La religi\u00f3n pol\u00edtica del nacionalismo vasco radical<\/em>. Madrid: Tecnos.<\/p>\n<p><a class=\"button blue  medium \" href=\"https:\/\/www.arovite.com\/documentos\/2009_Casquete.pdf\" target=\"_blank\" rel=\"noopener\">Consultar PDF<\/a>[vc_empty_space height=&#8221;10&#8243;]<br \/>\n<strong>Resumen<\/strong><br \/>\nEste libro versa sobre la muerte como forma de vida en el nacionalismo vasco radical, y de c\u00f3mo aquella alimenta m\u00e1s muertes en un c\u00edrculo vicioso tornado infernal. El culto a los m\u00e1rtires de la causa, el gudarismo, es una pr\u00e1ctica social y cultural fundamental para comprender la supervivencia y capacidad de reproducci\u00f3n a lo largo del tiempo de esta comunidad nacionalista. El trabajo desvela los usos y torsiones de la historia y de otros recursos culturales para ajustarlos a las necesidades presentes a partir del an\u00e1lisis del calendario martiriol\u00f3gico del nacionalismo radical. El \u00e9nfasis no estribar\u00e1 tanto en lo que este actor sociopol\u00edtico sostiene (su discurso), sino en lo que hace, c\u00f3mo y por qu\u00e9, los s\u00edmbolos que despliega y, sobre todo, los significados que atribuyen a sus pr\u00e1cticas de exaltaci\u00f3n de los que han seguido el imperativo patri\u00f3tico y han derramado su sangre por la causa. Todo ello desde una perspectiva interdisciplinar que conjuga aportaciones de la sociolog\u00eda y la antropolog\u00eda, de la historia y la ciencia pol\u00edtica, de la filosof\u00eda y los estudios de g\u00e9nero. [vc_empty_space height=&#8221;10&#8243;]<br \/>\n<strong>Autor<\/strong><br \/>\nJes\u00fas Casquete. <a title=\"Dialnet\" href=\"https:\/\/dialnet.unirioja.es\/servlet\/autor?codigo=776183\" target=\"_blank\" rel=\"noopener\">P\u00e1gina del autor en Dialnet.<\/a><br \/>\n[vc_empty_space height=&#8221;10&#8243;]<br \/>\n<strong>Tipo de documento<\/strong><br \/>\nLibro<br \/>\n[vc_empty_space height=&#8221;10&#8243;]<br \/>\n[\/vc_column_text][\/vc_column][\/vc_row]<\/p>\n<\/div>","protected":false},"excerpt":{"rendered":"<p>[vc_row][vc_column width=&#8221;1\/1&#8243;][vc_column_text][vc_empty_space height=&#8221;20&#8243;] Referencia bibliogr\u00e1fica CASQUETE, Jes\u00fas (2009): En el nombre de Euskal Herria. La religi\u00f3n pol\u00edtica del nacionalismo vasco radical. Madrid: Tecnos. Consultar PDF[vc_empty_space height=&#8221;10&#8243;] Resumen Este libro versa&hellip;<\/p>\n","protected":false},"author":1,"featured_media":0,"parent":0,"menu_order":0,"comment_status":"closed","ping_status":"closed","template":"","meta":{"om_disable_all_campaigns":false,"_monsterinsights_skip_tracking":false,"_monsterinsights_sitenote_active":false,"_monsterinsights_sitenote_note":"","_monsterinsights_sitenote_category":0,"_uf_show_specific_survey":0,"_uf_disable_surveys":false,"_vp_format_video_url":"","_vp_image_focal_point":[],"_vp_custom_popup_image":0,"_vp_format_audio_url":"","_vp_custom_thumbnail":0,"_vp_custom_thumbnail_focal_point":[],"_vp_hover_thumbnail":0,"_vp_hover_thumbnail_focal_point":[],"footnotes":""},"class_list":["post-12509","page","type-page","status-publish","hentry"],"aioseo_notices":[],"_links":{"self":[{"href":"https:\/\/www.arovite.com\/eu\/wp-json\/wp\/v2\/pages\/12509","targetHints":{"allow":["GET"]}}],"collection":[{"href":"https:\/\/www.arovite.com\/eu\/wp-json\/wp\/v2\/pages"}],"about":[{"href":"https:\/\/www.arovite.com\/eu\/wp-json\/wp\/v2\/types\/page"}],"author":[{"embeddable":true,"href":"https:\/\/www.arovite.com\/eu\/wp-json\/wp\/v2\/users\/1"}],"replies":[{"embeddable":true,"href":"https:\/\/www.arovite.com\/eu\/wp-json\/wp\/v2\/comments?post=12509"}],"version-history":[{"count":1,"href":"https:\/\/www.arovite.com\/eu\/wp-json\/wp\/v2\/pages\/12509\/revisions"}],"predecessor-version":[{"id":12511,"href":"https:\/\/www.arovite.com\/eu\/wp-json\/wp\/v2\/pages\/12509\/revisions\/12511"}],"wp:attachment":[{"href":"https:\/\/www.arovite.com\/eu\/wp-json\/wp\/v2\/media?parent=12509"}],"curies":[{"name":"wp","href":"https:\/\/api.w.org\/{rel}","templated":true}]}}