{"id":12490,"date":"2021-01-08T08:36:42","date_gmt":"2021-01-08T08:36:42","guid":{"rendered":"https:\/\/www.arovite.com\/fernandez-soldevilla-gaizka-2020\/"},"modified":"2021-01-08T08:36:48","modified_gmt":"2021-01-08T08:36:48","slug":"fernandez-soldevilla-gaizka-2020","status":"publish","type":"page","link":"https:\/\/www.arovite.com\/eu\/fernandez-soldevilla-gaizka-2020\/","title":{"rendered":"FERN\u00c1NDEZ SOLDEVILLA, Gaizka (2020)"},"content":{"rendered":"<div class=\"wpb-content-wrapper\"><p>[vc_row][vc_column width=&#8221;1\/1&#8243;][vc_column_text][vc_empty_space height=&#8221;20&#8243;]<br \/>\n<strong>Referencia bibliogr\u00e1fica<\/strong><br \/>\nFERN\u00c1NDEZ SOLDEVILLA, Gaizka (2020): \u00ab\u00bfCr\u00edmenes ejemplares? Prensa, propaganda e historia ante las primeras muertes de ETA\u00bb, <em>Sancho el Sabio<\/em>, n\u00ba 43, 49-71.<\/p>\n<p><a class=\"button blue  medium \" href=\"https:\/\/revista.sanchoelsabio.eus\/index.php\/revista\/article\/view\/299\" target=\"_blank\" rel=\"noopener\">Consultar PDF<\/a>[vc_empty_space height=&#8221;10&#8243;]<br \/>\n<strong>Resumen<\/strong><br \/>\nEste art\u00edculo pretende aclarar las circunstancias que rodearon las cuatro primeras muertes relacionadas con ETA: Jos\u00e9 Antonio Pardines, Francisco Javier Echebarrieta, Melit\u00f3n Manzanas y Ferm\u00edn Monasterio. En segundo t\u00e9rmino, se estudia de qu\u00e9 forma la prensa recogi\u00f3 tales acontecimientos. En tercer lugar, c\u00f3mo los present\u00f3 la propia organizaci\u00f3n. As\u00ed, podremos medir el grado en que tales versiones se desviaron de la realidad hist\u00f3rica. Por \u00faltimo, se se\u00f1ala hasta qu\u00e9 punto se han mantenido las tergiversaciones detectadas. [vc_empty_space height=&#8221;10&#8243;]<br \/>\n<strong>Abstract<\/strong><br \/>\nThis article seeks to clarify the circumstances surrounding the first four deaths related to ETA: Jos\u00e9 Antonio Pardines, Francisco Javier Echebarrieta, Melit\u00f3n Manzanas and Ferm\u00edn Monasterio. Secondly, it examines the manner in which these events were compiled by the press. Thirdly, how the organisation itself presented them. Consequently, we will be able to measure the extent to which those versions of the story dissented from the historical reality. Lastly, it indicates up to what point these misrepresentations of the facts were maintained. [vc_empty_space height=&#8221;10&#8243;]<br \/>\n<strong>Laburpena<\/strong><br \/>\nETArekin lotutako lau lehenengo heriotzen inguruan izandako zirkunstantziak argitu nahi ditu artikulu honek: Jos\u00e9 Antonio Pardines, Francisco Javier Echebarrieta, Melit\u00f3n Manzanas eta Ferm\u00edn Monasterio. Bigarrenik, prentsak gertaera horiek nola jaso zituen aztertuko da. Hirugarrenik, erakundeak berak nola aurkeztu zituen. Horrela, bertsio horiek errealitate historikotik zenbateraino desbideratu ziren neurtu ahalko dugu. Azkenik, atzeman diren desitxuratzeek zenbateraino iraun duten adierazten da.<br \/>\n[vc_empty_space height=&#8221;10&#8243;]<br \/>\n<strong>Autor<\/strong><br \/>\nGaizka Fern\u00e1ndez Soldevilla. <a title=\"Dialnet\" href=\"https:\/\/dialnet.unirioja.es\/servlet\/autor?codigo=2407724\" target=\"_blank\" rel=\"noopener\">P\u00e1gina del autor en Dialnet.<\/a><br \/>\n[vc_empty_space height=&#8221;10&#8243;]<br \/>\n<strong>Tipo de documento<\/strong><br \/>\nArt\u00edculo<br \/>\n[vc_empty_space height=&#8221;10&#8243;]<br \/>\n[\/vc_column_text][\/vc_column][\/vc_row]<\/p>\n<\/div>","protected":false},"excerpt":{"rendered":"<p>[vc_row][vc_column width=&#8221;1\/1&#8243;][vc_column_text][vc_empty_space height=&#8221;20&#8243;] Referencia bibliogr\u00e1fica FERN\u00c1NDEZ SOLDEVILLA, Gaizka (2020): \u00ab\u00bfCr\u00edmenes ejemplares? Prensa, propaganda e historia ante las primeras muertes de ETA\u00bb, Sancho el Sabio, n\u00ba 43, 49-71. Consultar PDF[vc_empty_space height=&#8221;10&#8243;]&hellip;<\/p>\n","protected":false},"author":1,"featured_media":0,"parent":0,"menu_order":0,"comment_status":"closed","ping_status":"closed","template":"","meta":{"om_disable_all_campaigns":false,"_monsterinsights_skip_tracking":false,"_monsterinsights_sitenote_active":false,"_monsterinsights_sitenote_note":"","_monsterinsights_sitenote_category":0,"_uf_show_specific_survey":0,"_uf_disable_surveys":false,"_vp_format_video_url":"","_vp_image_focal_point":[],"_vp_custom_popup_image":0,"_vp_format_audio_url":"","_vp_custom_thumbnail":0,"_vp_custom_thumbnail_focal_point":[],"_vp_hover_thumbnail":0,"_vp_hover_thumbnail_focal_point":[],"footnotes":""},"class_list":["post-12490","page","type-page","status-publish","hentry"],"aioseo_notices":[],"_links":{"self":[{"href":"https:\/\/www.arovite.com\/eu\/wp-json\/wp\/v2\/pages\/12490","targetHints":{"allow":["GET"]}}],"collection":[{"href":"https:\/\/www.arovite.com\/eu\/wp-json\/wp\/v2\/pages"}],"about":[{"href":"https:\/\/www.arovite.com\/eu\/wp-json\/wp\/v2\/types\/page"}],"author":[{"embeddable":true,"href":"https:\/\/www.arovite.com\/eu\/wp-json\/wp\/v2\/users\/1"}],"replies":[{"embeddable":true,"href":"https:\/\/www.arovite.com\/eu\/wp-json\/wp\/v2\/comments?post=12490"}],"version-history":[{"count":1,"href":"https:\/\/www.arovite.com\/eu\/wp-json\/wp\/v2\/pages\/12490\/revisions"}],"predecessor-version":[{"id":12492,"href":"https:\/\/www.arovite.com\/eu\/wp-json\/wp\/v2\/pages\/12490\/revisions\/12492"}],"wp:attachment":[{"href":"https:\/\/www.arovite.com\/eu\/wp-json\/wp\/v2\/media?parent=12490"}],"curies":[{"name":"wp","href":"https:\/\/api.w.org\/{rel}","templated":true}]}}