{"id":11315,"date":"2020-04-23T09:35:48","date_gmt":"2020-04-23T09:35:48","guid":{"rendered":"https:\/\/www.arovite.com\/etxebarria-duenas-gorka-2017\/"},"modified":"2023-06-07T10:27:13","modified_gmt":"2023-06-07T10:27:13","slug":"etxebarria-duenas-gorka-2017","status":"publish","type":"page","link":"https:\/\/www.arovite.com\/eu\/etxebarria-duenas-gorka-2017\/","title":{"rendered":"ETXEBARRIA DUE\u00d1AS, Gorka (2017)"},"content":{"rendered":"<div class=\"wpb-content-wrapper\"><p>[vc_row][vc_column width=&#8221;1\/1&#8243;][vc_column_text][vc_empty_space height=&#8221;20&#8243;]<br \/>\n<strong>Referencia bibliogr\u00e1fica<\/strong><br \/>\nETXEBARRIA DUE\u00d1AS, Gorka (2017): \u00abHerri Batasuna a trav\u00e9s de su propaganda en las calles (1978-1987): matices y din\u00e1micas de un discurso nacionalista\u00bb, <em>Fronteras contempor\u00e1neas: identidades, pueblos, mujeres y poder. Actas del V Encuentro de J\u00f3venes Investigadores en Historia Contempor\u00e1nea.<\/em> Barcelona: Universitat Aut\u00f2noma de Barcelona, vol. 2, pp. 115-133.<\/p>\n<p><a class=\"button blue medium \" href=\"https:\/\/www.researchgate.net\/publication\/280226767_Herri_Batasuna_a_traves_de_su_propaganda_en_las_calles_1978-1987_matices_y_dinamicas_de_un_discurso_nacionalista\" target=\"_blank\" rel=\"noopener noreferrer\">Consultar PDF<\/a>[vc_empty_space height=&#8221;10&#8243;]<br \/>\n<strong>Resumen<\/strong><br \/>\nLa comunicaci\u00f3n explica el proceso que termin\u00f3 en la creaci\u00f3n de Herri Batasuna entre 1974-1978. Se consolid\u00f3 la apelaci\u00f3n al pueblo como fuente de soberan\u00eda pol\u00edtica y se estructur\u00f3 un amplio movimiento en contra del proceso de reforma del Estado. Una oposici\u00f3n que adquiere significado en el uso preeminente que Herri Batasuna hac\u00eda de la calle como altavoz. Por \u00faltimo, se se\u00f1ala su evoluci\u00f3n ideol\u00f3gica y sus caracter\u00edsticas a trav\u00e9s de sus elementos de propaganda, para concluir que HB tuvo un dinamismo ideol\u00f3gico palpable entre su creaci\u00f3n en 1978 y su momento de mayor auge electoral en 1987.<br \/>\n[vc_empty_space height=&#8221;10&#8243;]<br \/>\n<strong>Abstract<\/strong><br \/>\nThis paper explains the process that ended in the creation of Herri Batasuna (HB, Popular Unity) between 1974 and 1978. The appeal to the people as the source of political sovereignty was reinforced and there was articulated a wide movement against the process of the reform of the State. An opposition that signifies itself through the use of the street as a loudspeaker. Finally, the ideological evolution and the characteristics of HB are analyzed through its propaganda elements, concluding that HB had a palpable ideological dynamism between its creation in 1978 and its best moment in the elections of 1987.<br \/>\n[vc_empty_space height=&#8221;10&#8243;]<br \/>\n<strong>Autor<\/strong><br \/>\nGorka Etxebarria Due\u00f1as. <a title=\"Dialnet\" href=\"https:\/\/dialnet.unirioja.es\/servlet\/autor?codigo=3760419\" target=\"_blank\" rel=\"noopener noreferrer\">P\u00e1gina del autor en Dialnet.<\/a><br \/>\n[vc_empty_space height=&#8221;10&#8243;]<br \/>\n<strong>Tipo de documento<\/strong><br \/>\nComunicaci\u00f3n<br \/>\n[vc_empty_space height=&#8221;10&#8243;]<br \/>\n[\/vc_column_text][\/vc_column][\/vc_row]<\/p>\n<\/div>","protected":false},"excerpt":{"rendered":"<p>[vc_row][vc_column width=&#8221;1\/1&#8243;][vc_column_text][vc_empty_space height=&#8221;20&#8243;] Referencia bibliogr\u00e1fica ETXEBARRIA DUE\u00d1AS, Gorka (2017): \u00abHerri Batasuna a trav\u00e9s de su propaganda en las calles (1978-1987): matices y din\u00e1micas de un discurso nacionalista\u00bb, Fronteras contempor\u00e1neas: identidades,&hellip;<\/p>\n","protected":false},"author":1,"featured_media":0,"parent":0,"menu_order":0,"comment_status":"closed","ping_status":"closed","template":"","meta":{"om_disable_all_campaigns":false,"_monsterinsights_skip_tracking":false,"_monsterinsights_sitenote_active":false,"_monsterinsights_sitenote_note":"","_monsterinsights_sitenote_category":0,"_uf_show_specific_survey":0,"_uf_disable_surveys":false,"_vp_format_video_url":"","_vp_image_focal_point":[],"_vp_custom_popup_image":0,"_vp_format_audio_url":"","_vp_custom_thumbnail":0,"_vp_custom_thumbnail_focal_point":[],"_vp_hover_thumbnail":0,"_vp_hover_thumbnail_focal_point":[],"footnotes":""},"class_list":["post-11315","page","type-page","status-publish","hentry"],"aioseo_notices":[],"_links":{"self":[{"href":"https:\/\/www.arovite.com\/eu\/wp-json\/wp\/v2\/pages\/11315","targetHints":{"allow":["GET"]}}],"collection":[{"href":"https:\/\/www.arovite.com\/eu\/wp-json\/wp\/v2\/pages"}],"about":[{"href":"https:\/\/www.arovite.com\/eu\/wp-json\/wp\/v2\/types\/page"}],"author":[{"embeddable":true,"href":"https:\/\/www.arovite.com\/eu\/wp-json\/wp\/v2\/users\/1"}],"replies":[{"embeddable":true,"href":"https:\/\/www.arovite.com\/eu\/wp-json\/wp\/v2\/comments?post=11315"}],"version-history":[{"count":2,"href":"https:\/\/www.arovite.com\/eu\/wp-json\/wp\/v2\/pages\/11315\/revisions"}],"predecessor-version":[{"id":17792,"href":"https:\/\/www.arovite.com\/eu\/wp-json\/wp\/v2\/pages\/11315\/revisions\/17792"}],"wp:attachment":[{"href":"https:\/\/www.arovite.com\/eu\/wp-json\/wp\/v2\/media?parent=11315"}],"curies":[{"name":"wp","href":"https:\/\/api.w.org\/{rel}","templated":true}]}}