{"id":11269,"date":"2020-04-23T09:28:19","date_gmt":"2020-04-23T09:28:19","guid":{"rendered":"https:\/\/www.arovite.com\/mateo-santamaria-eduardo-2018\/"},"modified":"2020-04-23T09:28:52","modified_gmt":"2020-04-23T09:28:52","slug":"mateo-santamaria-eduardo-2018","status":"publish","type":"page","link":"https:\/\/www.arovite.com\/eu\/mateo-santamaria-eduardo-2018\/","title":{"rendered":"MATEO SANTAMAR\u00cdA, Eduardo (2018)"},"content":{"rendered":"<div class=\"wpb-content-wrapper\"><p>[vc_row][vc_column width=&#8221;1\/1&#8243;][vc_column_text][vc_empty_space height=&#8221;20&#8243;]<br \/>\n<strong>Referencia bibliogr\u00e1fica<\/strong><br \/>\nMATEO SANTAMAR\u00cdA, Eduardo (2018): \u00abLa contribuci\u00f3n del movimiento asociativo y fundacional a la visibilidad de las v\u00edctimas del terrorismo en Espa\u00f1a\u00bb, <em>Revista de Victimolog\u00eda<\/em>, n\u00ba 7, pp. 9-46.<\/p>\n<p><a class=\"button blue medium \" href=\"https:\/\/dialnet.unirioja.es\/descarga\/articulo\/6565196.pdf\" target=\"_blank\" rel=\"noopener noreferrer\">Consultar PDF<\/a>[vc_empty_space height=&#8221;10&#8243;]<br \/>\n<strong>Resumen<\/strong><br \/>\nEste art\u00edculo pretende hacer un recorrido por las diferentes iniciativas que han surgido en Espa\u00f1a en el \u00e1mbito de la defensa, reconocimiento y memoria de las v\u00edctimas del terrorismo, y que han dado lugar a la aparici\u00f3n y desarrollo de diferentes asociaciones y fundaciones, ligadas en un primer momento al terrorismo de ETA y en la actualidad tambi\u00e9n al terrorismo yihadista. Asimismo, pretende averiguar si la constituci\u00f3n de estas entidades y la multitud de acciones que se han concretado en la aprobaci\u00f3n de legislaci\u00f3n espec\u00edfica para las v\u00edctimas, as\u00ed como la aparici\u00f3n de \u00f3rganos legales para su apoyo y representaci\u00f3n, realmente han contribuido a visibilizar a las v\u00edctimas del terrorismo<br \/>\n[vc_empty_space height=&#8221;10&#8243;]<br \/>\n<strong>Abstract<\/strong><br \/>\nThis article aims to take a look at the different initiatives that have emerged in Spain in relation to the defence, recognition and memory of the victims of terrorism, which have given rise to the emergence and development of different associations and foundations, initially linked to ETA terrorism and now also to jihadist terrorism. It also seeks to ascertain whether the constitution of these entities and the multitude of actions that have resulted in the adoption of specific legislation for victims, as well as the emergence of legal bodies for their support and representation, have really helped to make the victims of terrorism visible.<br \/>\n[vc_empty_space height=&#8221;10&#8243;]<br \/>\n<strong>Autor<\/strong><br \/>\nEduardo Mateo Santamar\u00eda. <a title=\"Dialnet\" href=\"https:\/\/dialnet.unirioja.es\/servlet\/autor?codigo=4584239\" target=\"_blank\" rel=\"noopener noreferrer\">P\u00e1gina del autor en Dialnet.<\/a><br \/>\n[vc_empty_space height=&#8221;10&#8243;]<br \/>\n<strong>Tipo de documento<\/strong><br \/>\nArt\u00edculo<br \/>\n[vc_empty_space height=&#8221;10&#8243;]<br \/>\n[\/vc_column_text][\/vc_column][\/vc_row]<\/p>\n<\/div>","protected":false},"excerpt":{"rendered":"<p>[vc_row][vc_column width=&#8221;1\/1&#8243;][vc_column_text][vc_empty_space height=&#8221;20&#8243;] Referencia bibliogr\u00e1fica MATEO SANTAMAR\u00cdA, Eduardo (2018): \u00abLa contribuci\u00f3n del movimiento asociativo y fundacional a la visibilidad de las v\u00edctimas del terrorismo en Espa\u00f1a\u00bb, Revista de Victimolog\u00eda, n\u00ba&hellip;<\/p>\n","protected":false},"author":1,"featured_media":0,"parent":0,"menu_order":0,"comment_status":"closed","ping_status":"closed","template":"","meta":{"om_disable_all_campaigns":false,"_monsterinsights_skip_tracking":false,"_monsterinsights_sitenote_active":false,"_monsterinsights_sitenote_note":"","_monsterinsights_sitenote_category":0,"_uf_show_specific_survey":0,"_uf_disable_surveys":false,"_vp_format_video_url":"","_vp_image_focal_point":[],"_vp_custom_popup_image":0,"_vp_format_audio_url":"","_vp_custom_thumbnail":0,"_vp_custom_thumbnail_focal_point":[],"_vp_hover_thumbnail":0,"_vp_hover_thumbnail_focal_point":[],"footnotes":""},"class_list":["post-11269","page","type-page","status-publish","hentry"],"aioseo_notices":[],"_links":{"self":[{"href":"https:\/\/www.arovite.com\/eu\/wp-json\/wp\/v2\/pages\/11269","targetHints":{"allow":["GET"]}}],"collection":[{"href":"https:\/\/www.arovite.com\/eu\/wp-json\/wp\/v2\/pages"}],"about":[{"href":"https:\/\/www.arovite.com\/eu\/wp-json\/wp\/v2\/types\/page"}],"author":[{"embeddable":true,"href":"https:\/\/www.arovite.com\/eu\/wp-json\/wp\/v2\/users\/1"}],"replies":[{"embeddable":true,"href":"https:\/\/www.arovite.com\/eu\/wp-json\/wp\/v2\/comments?post=11269"}],"version-history":[{"count":1,"href":"https:\/\/www.arovite.com\/eu\/wp-json\/wp\/v2\/pages\/11269\/revisions"}],"predecessor-version":[{"id":11271,"href":"https:\/\/www.arovite.com\/eu\/wp-json\/wp\/v2\/pages\/11269\/revisions\/11271"}],"wp:attachment":[{"href":"https:\/\/www.arovite.com\/eu\/wp-json\/wp\/v2\/media?parent=11269"}],"curies":[{"name":"wp","href":"https:\/\/api.w.org\/{rel}","templated":true}]}}