{"id":11198,"date":"2020-04-23T09:16:31","date_gmt":"2020-04-23T09:16:31","guid":{"rendered":"https:\/\/www.arovite.com\/garcia-lerma-miguel-y-aparicio-rodriguez-victor-2018\/"},"modified":"2023-10-07T10:19:19","modified_gmt":"2023-10-07T10:19:19","slug":"garcia-lerma-miguel-y-aparicio-rodriguez-victor-2018","status":"publish","type":"page","link":"https:\/\/www.arovite.com\/eu\/garcia-lerma-miguel-y-aparicio-rodriguez-victor-2018\/","title":{"rendered":"GARC\u00cdA LERMA, Miguel y APARICIO RODR\u00cdGUEZ, V\u00edctor (2018)"},"content":{"rendered":"<div class=\"wpb-content-wrapper\"><p>[vc_row][vc_column width=&#8221;1\/1&#8243;][vc_column_text][vc_empty_space height=&#8221;20&#8243;]<br \/>\n<strong>Referencia bibliogr\u00e1fica<\/strong><br \/>\nGARC\u00cdA LERMA, Miguel y APARICIO RODR\u00cdGUEZ, V\u00edctor (2018): \u00abEl EMK e Iraultza, \u00abcamino de ida y vuelta\u00bb (1981-1991)\u00bb, <em>Huarte de San Juan. Geograf\u00eda e Historia<\/em>, n\u00ba 25, pp. 241-269.<\/p>\n<p><a class=\"button blue medium \" href=\"https:\/\/dialnet.unirioja.es\/servlet\/articulo?codigo=6795381&amp;orden=1&amp;info=link\" target=\"_blank\" rel=\"noopener noreferrer\">Consultar PDF<\/a>[vc_empty_space height=&#8221;10&#8243;]<br \/>\n<strong>Resumen<\/strong><br \/>\nEl presente art\u00edculo busca realizar un acercamiento y an\u00e1lisis de la organizaci\u00f3n Iraultza, desde sus or\u00edgenes hasta su desaparici\u00f3n a inicios de la d\u00e9cada de 1990. Nuestro enfoque metodol\u00f3gico parte del vaciado documental y hemerogr\u00e1fico, y del uso de fuentes orales como herramienta que nos permite sortear algunas de las dificultades derivadas de la inaccesibilidad de la documentaci\u00f3n interna de la organizaci\u00f3n. Esta combinaci\u00f3n de t\u00e9cnicas nos permite el an\u00e1lisis de la g\u00e9nesis de la organizaci\u00f3n y de los principios que la van a articular durante su existencia, as\u00ed como su impacto en el contexto vasconavarro en los a\u00f1os ochenta. Iraultza nacer\u00e1 del giro estrat\u00e9gico que desde finales de los setenta se produce en el MC-EMK, el cual se acercara al mundo abertzale radical de cara a defender un proyecto rupturista, y dio lugar a la aparici\u00f3n de un grupo inspirado en los debates de los grupos armados del momento.<br \/>\n[vc_empty_space height=&#8221;10&#8243;]<br \/>\n<strong>Abstract<\/strong><br \/>\nThis article seeks to make an approach and analysis of the organization Iraultza, from its origins to its disappearance in the early 1990s. Our methodological approach is based on documentary and hemerographic analysis, and the use of oral sources as a tool that allows us to draw some of these difficulties derived from the inaccessibility of the internal documentation of the organization. This combination of techniques allows us to analyze the genesis of the organization and the principles that will be articulated during its existence, as well as its impact on the Basque-Navarre context in the eighties. Iraultza will be born from the strategic shift that since the late seventies occurs in the MC-EMK, which will approach the radical Basque nationalism in order to defend a rupturist project, giving rise to the emergence of a group inspired by the debates of the groups armed of the moment.<br \/>\n[vc_empty_space height=&#8221;10&#8243;]<br \/>\n<strong>Autor<\/strong><br \/>\nMiguel Garc\u00eda Lerma. <a title=\"Dialnet\" href=\"https:\/\/dialnet.unirioja.es\/servlet\/autor?codigo=4501769\" target=\"_blank\" rel=\"noopener noreferrer\">P\u00e1gina del autor en Dialnet.<\/a><br \/>\nV\u00edctor Aparicio Rodr\u00edguez. <a title=\"Dialnet\" href=\"https:\/\/dialnet.unirioja.es\/servlet\/autor?codigo=4280682\" target=\"_blank\" rel=\"noopener noreferrer\">P\u00e1gina del autor en Dialnet.<\/a><br \/>\n[vc_empty_space height=&#8221;10&#8243;]<br \/>\n<strong>Tipo de documento<\/strong><br \/>\nArt\u00edculo<br \/>\n[vc_empty_space height=&#8221;10&#8243;]<br \/>\n[\/vc_column_text][\/vc_column][\/vc_row]<\/p>\n<\/div>","protected":false},"excerpt":{"rendered":"<p>[vc_row][vc_column width=&#8221;1\/1&#8243;][vc_column_text][vc_empty_space height=&#8221;20&#8243;] Referencia bibliogr\u00e1fica GARC\u00cdA LERMA, Miguel y APARICIO RODR\u00cdGUEZ, V\u00edctor (2018): \u00abEl EMK e Iraultza, \u00abcamino de ida y vuelta\u00bb (1981-1991)\u00bb, Huarte de San Juan. Geograf\u00eda e Historia,&hellip;<\/p>\n","protected":false},"author":1,"featured_media":0,"parent":0,"menu_order":0,"comment_status":"closed","ping_status":"closed","template":"","meta":{"om_disable_all_campaigns":false,"_monsterinsights_skip_tracking":false,"_monsterinsights_sitenote_active":false,"_monsterinsights_sitenote_note":"","_monsterinsights_sitenote_category":0,"_uf_show_specific_survey":0,"_uf_disable_surveys":false,"_vp_format_video_url":"","_vp_image_focal_point":[],"_vp_custom_popup_image":0,"_vp_format_audio_url":"","_vp_custom_thumbnail":0,"_vp_custom_thumbnail_focal_point":[],"_vp_hover_thumbnail":0,"_vp_hover_thumbnail_focal_point":[],"footnotes":""},"class_list":["post-11198","page","type-page","status-publish","hentry"],"aioseo_notices":[],"_links":{"self":[{"href":"https:\/\/www.arovite.com\/eu\/wp-json\/wp\/v2\/pages\/11198","targetHints":{"allow":["GET"]}}],"collection":[{"href":"https:\/\/www.arovite.com\/eu\/wp-json\/wp\/v2\/pages"}],"about":[{"href":"https:\/\/www.arovite.com\/eu\/wp-json\/wp\/v2\/types\/page"}],"author":[{"embeddable":true,"href":"https:\/\/www.arovite.com\/eu\/wp-json\/wp\/v2\/users\/1"}],"replies":[{"embeddable":true,"href":"https:\/\/www.arovite.com\/eu\/wp-json\/wp\/v2\/comments?post=11198"}],"version-history":[{"count":2,"href":"https:\/\/www.arovite.com\/eu\/wp-json\/wp\/v2\/pages\/11198\/revisions"}],"predecessor-version":[{"id":18300,"href":"https:\/\/www.arovite.com\/eu\/wp-json\/wp\/v2\/pages\/11198\/revisions\/18300"}],"wp:attachment":[{"href":"https:\/\/www.arovite.com\/eu\/wp-json\/wp\/v2\/media?parent=11198"}],"curies":[{"name":"wp","href":"https:\/\/api.w.org\/{rel}","templated":true}]}}