{"id":11191,"date":"2020-04-23T09:07:05","date_gmt":"2020-04-23T09:07:05","guid":{"rendered":"https:\/\/www.arovite.com\/hidalgo-garcia-de-orellan-sara-2018\/"},"modified":"2020-04-23T09:15:50","modified_gmt":"2020-04-23T09:15:50","slug":"hidalgo-garcia-de-orellan-sara-2018","status":"publish","type":"page","link":"https:\/\/www.arovite.com\/eu\/hidalgo-garcia-de-orellan-sara-2018\/","title":{"rendered":"HIDALGO GARC\u00cdA DE ORELL\u00c1N, Sara (2018)"},"content":{"rendered":"<div class=\"wpb-content-wrapper\"><p>[vc_row][vc_column width=&#8221;1\/1&#8243;][vc_column_text][vc_empty_space height=&#8221;20&#8243;]<br \/>\n<strong>Referencia bibliogr\u00e1fica<\/strong><br \/>\nHIDALGO GARC\u00cdA DE ORELL\u00c1N, Sara (2018): \u00abUna cultura pol\u00edtica de la resistencia: el socialismo vasco frente al terror de ETA (1984-2011)\u00bb, <em>Huarte de San Juan. Geograf\u00eda e Historia<\/em>, n\u00ba 25, 221-240.<\/p>\n<p><a class=\"button blue medium \" href=\"https:\/\/dialnet.unirioja.es\/servlet\/articulo?codigo=6795380&amp;orden=1&amp;info=link\" target=\"_blank\" rel=\"noopener noreferrer\">Consultar PDF<\/a>[vc_empty_space height=&#8221;10&#8243;]<br \/>\n<strong>Resumen<\/strong><br \/>\nEl presente art\u00edculo tiene por objetivo analizar la experiencia del socialismo vasco sobre el terrorismo de ETA desde 1984, cuando asesina por primera vez a un socialista por el hecho de su militancia, hasta 2011, cuando la banda terrorista cesa sus actividades. Para tal an\u00e1lisis se usa el andamiaje te\u00f3rico y metodol\u00f3gico de la historia de las emociones, y la fuente principal ser\u00e1 la de la historia oral. El objetivo es ver c\u00f3mo ha impactado la acci\u00f3n de ETA sobre esta cultura pol\u00edtica y qu\u00e9 efectos ha tenido sobre la misma una de las emociones principales que trata de espolear el terrorismo, el miedo.<br \/>\n[vc_empty_space height=&#8221;10&#8243;]<br \/>\n<strong>Abstract<\/strong><br \/>\nThe aim of this article is to analyze the experience of Basque socialism on ETA terrorism since 1984 until 2011. In 1984 took place the first murder of a socialist due to his militancy. In 2011 ETA ceased its activities. For the analysis, the theoretical and methodological tools provided by the emotional turn are going to be used, and the main source will be oral history. The goal is to have a look on how ETA\u2019s terrorist violence has impacted on the Basque socialist political culture and how the emotion of fear \u2013the main emotion terrorism tries to spur\u2013 has worked on the members of this party.<br \/>\n[vc_empty_space height=&#8221;10&#8243;]<br \/>\n<strong>Autor<\/strong><br \/>\nSara Hidalgo Garc\u00eda de Orell\u00e1n. <a title=\"Dialnet\" href=\"https:\/\/dialnet.unirioja.es\/servlet\/autor?codigo=3789460\" target=\"_blank\" rel=\"noopener noreferrer\">P\u00e1gina del autor en Dialnet.<\/a><br \/>\n[vc_empty_space height=&#8221;10&#8243;]<br \/>\n<strong>Tipo de documento<\/strong><br \/>\nArt\u00edculo<br \/>\n[vc_empty_space height=&#8221;10&#8243;]<br \/>\n[\/vc_column_text][\/vc_column][\/vc_row]<\/p>\n<\/div>","protected":false},"excerpt":{"rendered":"<p>[vc_row][vc_column width=&#8221;1\/1&#8243;][vc_column_text][vc_empty_space height=&#8221;20&#8243;] Referencia bibliogr\u00e1fica HIDALGO GARC\u00cdA DE ORELL\u00c1N, Sara (2018): \u00abUna cultura pol\u00edtica de la resistencia: el socialismo vasco frente al terror de ETA (1984-2011)\u00bb, Huarte de San Juan.&hellip;<\/p>\n","protected":false},"author":1,"featured_media":0,"parent":0,"menu_order":0,"comment_status":"closed","ping_status":"closed","template":"","meta":{"om_disable_all_campaigns":false,"_monsterinsights_skip_tracking":false,"_monsterinsights_sitenote_active":false,"_monsterinsights_sitenote_note":"","_monsterinsights_sitenote_category":0,"_uf_show_specific_survey":0,"_uf_disable_surveys":false,"_vp_format_video_url":"","_vp_image_focal_point":[],"_vp_custom_popup_image":0,"_vp_format_audio_url":"","_vp_custom_thumbnail":0,"_vp_custom_thumbnail_focal_point":[],"_vp_hover_thumbnail":0,"_vp_hover_thumbnail_focal_point":[],"footnotes":""},"class_list":["post-11191","page","type-page","status-publish","hentry"],"aioseo_notices":[],"_links":{"self":[{"href":"https:\/\/www.arovite.com\/eu\/wp-json\/wp\/v2\/pages\/11191","targetHints":{"allow":["GET"]}}],"collection":[{"href":"https:\/\/www.arovite.com\/eu\/wp-json\/wp\/v2\/pages"}],"about":[{"href":"https:\/\/www.arovite.com\/eu\/wp-json\/wp\/v2\/types\/page"}],"author":[{"embeddable":true,"href":"https:\/\/www.arovite.com\/eu\/wp-json\/wp\/v2\/users\/1"}],"replies":[{"embeddable":true,"href":"https:\/\/www.arovite.com\/eu\/wp-json\/wp\/v2\/comments?post=11191"}],"version-history":[{"count":1,"href":"https:\/\/www.arovite.com\/eu\/wp-json\/wp\/v2\/pages\/11191\/revisions"}],"predecessor-version":[{"id":11193,"href":"https:\/\/www.arovite.com\/eu\/wp-json\/wp\/v2\/pages\/11191\/revisions\/11193"}],"wp:attachment":[{"href":"https:\/\/www.arovite.com\/eu\/wp-json\/wp\/v2\/media?parent=11191"}],"curies":[{"name":"wp","href":"https:\/\/api.w.org\/{rel}","templated":true}]}}