{"id":990,"date":"2014-01-17T12:03:43","date_gmt":"2014-01-17T12:03:43","guid":{"rendered":"http:\/\/arovite.com\/temporal\/?page_id=990"},"modified":"2025-03-10T11:45:38","modified_gmt":"2025-03-10T11:45:38","slug":"grupos-de-investigacion","status":"publish","type":"page","link":"https:\/\/www.arovite.com\/es\/enlaces\/investigacion\/grupos-de-investigacion\/","title":{"rendered":"Grupos de investigaci\u00f3n"},"content":{"rendered":"<div class=\"wpb-content-wrapper\"><p>[vc_row][vc_column]\n<div class=\"vp-portfolio vp-uid-ebacc152 vp-id-22584  \"\n\tdata-vp-layout=\"grid\" data-vp-content-source=\"post-based\" data-vp-items-style=\"default\" data-vp-items-click-action=\"url\" data-vp-items-gap=\"30\" data-vp-items-gap-vertical=\"\" data-vp-pagination=\"load-more\" data-vp-next-page-url=\"\" data-vp-grid-columns=\"3\" data-vp-grid-images-aspect-ratio=\"4:4\" data-vp-grid-items-vertical-align=\"top\" >\n\t<div class=\"vp-portfolio__preloader-wrap\">\n\t\t<div class=\"vp-portfolio__preloader\">\n\t\t\t<img decoding=\"async\" loading=\"eager\" src=\"https:\/\/www.arovite.com\/wp-content\/plugins\/visual-portfolio-pro\/core-plugin\/assets\/images\/logo-dark.svg\" alt=\"Visual Portfolio, Posts &amp; Image Gallery para WordPress\" width=\"20\" height=\"20\" data-skip-lazy>\n\t\t<\/div>\n\t<\/div>\n\t\t<div class=\"vp-portfolio__items-wrap\">\n\t\t\t\n<div class=\"vp-portfolio__items vp-portfolio__items-style-default vp-portfolio__items-show-overlay-hover\">\n\n\t\t<article\t\tclass=\"vp-portfolio__item-wrap post-1041 portfolio type-portfolio status-publish format-standard has-post-thumbnail hentry portfolio_category-enlaces portfolio_category-grupos-de-investigacion portfolio_category-investigacion vp-portfolio__item-uid-ed0b8221\" data-vp-filter=\"enlaces,grupos-de-investigacion,investigacion\" \t\t>\n\t\t\t\t\t\t\t\t\t<figure class=\"vp-portfolio__item\">\n\t\t\t\t\n<div class=\"vp-portfolio__item-img-wrap\">\n\t<div class=\"vp-portfolio__item-img\">\n\t\t\t<a\n\t\thref=\"https:\/\/www.arovite.com\/es\/portfolio\/investigacion\/grupo-de-investigacion-1\/\"\n\t\t\t>\n\t\n\t\t<noscript><img loading=\"lazy\" decoding=\"async\" width=\"1500\" height=\"1000\" data-skip-lazy src=\"https:\/\/www.arovite.com\/wp-content\/uploads\/2014\/03\/arovite-grupos-de-investigacion.jpg\" class=\"wp-image-22579\" alt=\"\" srcset=\"https:\/\/www.arovite.com\/wp-content\/uploads\/2014\/03\/arovite-grupos-de-investigacion.jpg 1500w, https:\/\/www.arovite.com\/wp-content\/uploads\/2014\/03\/arovite-grupos-de-investigacion-300x200.jpg 300w, https:\/\/www.arovite.com\/wp-content\/uploads\/2014\/03\/arovite-grupos-de-investigacion-1024x683.jpg 1024w, https:\/\/www.arovite.com\/wp-content\/uploads\/2014\/03\/arovite-grupos-de-investigacion-768x512.jpg 768w, https:\/\/www.arovite.com\/wp-content\/uploads\/2014\/03\/arovite-grupos-de-investigacion-500x333.jpg 500w, https:\/\/www.arovite.com\/wp-content\/uploads\/2014\/03\/arovite-grupos-de-investigacion-800x533.jpg 800w, https:\/\/www.arovite.com\/wp-content\/uploads\/2014\/03\/arovite-grupos-de-investigacion-1280x853.jpg 1280w, https:\/\/www.arovite.com\/wp-content\/uploads\/2014\/03\/arovite-grupos-de-investigacion-100x68.jpg 100w, https:\/\/www.arovite.com\/wp-content\/uploads\/2014\/03\/arovite-grupos-de-investigacion-450x300.jpg 450w\" sizes=\"auto, (max-width: 1500px) 100vw, 1500px\" \/><\/noscript><img fetchpriority=\"high\" decoding=\"async\" width=\"1500\" height=\"1000\" src=\"https:\/\/www.arovite.com\/wp-content\/uploads\/2014\/03\/arovite-grupos-de-investigacion.jpg\" class=\"wp-image-22579 vp-lazyload\" alt srcset=\"data:image\/svg+xml;base64,PHN2ZyB3aWR0aD0iMTUwMCIgaGVpZ2h0PSIxMDAwIiB2aWV3Qm94PSIwIDAgMTUwMCAxMDAwIiBmaWxsPSJub25lIiB4bWxucz0iaHR0cDovL3d3dy53My5vcmcvMjAwMC9zdmciPjwvc3ZnPg==\" data-src=\"https:\/\/www.arovite.com\/wp-content\/uploads\/2014\/03\/arovite-grupos-de-investigacion.jpg\" data-srcset=\"https:\/\/www.arovite.com\/wp-content\/uploads\/2014\/03\/arovite-grupos-de-investigacion.jpg 1500w, https:\/\/www.arovite.com\/wp-content\/uploads\/2014\/03\/arovite-grupos-de-investigacion-300x200.jpg 300w, https:\/\/www.arovite.com\/wp-content\/uploads\/2014\/03\/arovite-grupos-de-investigacion-1024x683.jpg 1024w, https:\/\/www.arovite.com\/wp-content\/uploads\/2014\/03\/arovite-grupos-de-investigacion-768x512.jpg 768w, https:\/\/www.arovite.com\/wp-content\/uploads\/2014\/03\/arovite-grupos-de-investigacion-500x333.jpg 500w, https:\/\/www.arovite.com\/wp-content\/uploads\/2014\/03\/arovite-grupos-de-investigacion-800x533.jpg 800w, https:\/\/www.arovite.com\/wp-content\/uploads\/2014\/03\/arovite-grupos-de-investigacion-1280x853.jpg 1280w, https:\/\/www.arovite.com\/wp-content\/uploads\/2014\/03\/arovite-grupos-de-investigacion-100x68.jpg 100w, https:\/\/www.arovite.com\/wp-content\/uploads\/2014\/03\/arovite-grupos-de-investigacion-450x300.jpg 450w\" data-sizes=\"auto\" loading=\"eager\">\n\t\t<div class=\"vp-portfolio__item-overlay\">\n\t\t\t\t\t<\/div>\n\n\t\t<\/a>\t<\/div>\n<\/div>\n\n\t<figcaption class=\"vp-portfolio__item-caption vp-portfolio__item-caption-text-align-center\">\n\t\t<div class=\"vp-portfolio__item-meta\">\n\t\t\t\n<h2 class=\"vp-portfolio__item-meta-title\">\n\t\t<a\n\t\thref=\"https:\/\/www.arovite.com\/es\/portfolio\/investigacion\/grupo-de-investigacion-1\/\"\n\t\t\t>\n\tCenter for Basque Studies. University of Nevada<\/a><\/h2>\n\t\t<\/div>\n\t<\/figcaption>\n\t\t\t<\/figure>\n\t\t\t\t\t<\/article>\n\t\t\n\t\t<article\t\tclass=\"vp-portfolio__item-wrap post-2345 portfolio type-portfolio status-publish format-standard has-post-thumbnail hentry portfolio_category-enlaces portfolio_category-grupos-de-investigacion portfolio_category-investigacion vp-portfolio__item-uid-fa95578f\" data-vp-filter=\"enlaces,grupos-de-investigacion,investigacion\" \t\t>\n\t\t\t\t\t\t\t\t\t<figure class=\"vp-portfolio__item\">\n\t\t\t\t\n<div class=\"vp-portfolio__item-img-wrap\">\n\t<div class=\"vp-portfolio__item-img\">\n\t\t\t<a\n\t\thref=\"https:\/\/www.arovite.com\/es\/portfolio\/investigacion\/centro-de-estudios-avanzados-en-ciencias-sociales-ceacs-del-instituto-juan-march\/\"\n\t\t\t>\n\t\n\t\t<noscript><img loading=\"lazy\" decoding=\"async\" width=\"1500\" height=\"1000\" data-skip-lazy src=\"https:\/\/www.arovite.com\/wp-content\/uploads\/2014\/03\/arovite-grupos-de-investigacion.jpg\" class=\"wp-image-22579\" alt=\"\" srcset=\"https:\/\/www.arovite.com\/wp-content\/uploads\/2014\/03\/arovite-grupos-de-investigacion.jpg 1500w, https:\/\/www.arovite.com\/wp-content\/uploads\/2014\/03\/arovite-grupos-de-investigacion-300x200.jpg 300w, https:\/\/www.arovite.com\/wp-content\/uploads\/2014\/03\/arovite-grupos-de-investigacion-1024x683.jpg 1024w, https:\/\/www.arovite.com\/wp-content\/uploads\/2014\/03\/arovite-grupos-de-investigacion-768x512.jpg 768w, https:\/\/www.arovite.com\/wp-content\/uploads\/2014\/03\/arovite-grupos-de-investigacion-500x333.jpg 500w, https:\/\/www.arovite.com\/wp-content\/uploads\/2014\/03\/arovite-grupos-de-investigacion-800x533.jpg 800w, https:\/\/www.arovite.com\/wp-content\/uploads\/2014\/03\/arovite-grupos-de-investigacion-1280x853.jpg 1280w, https:\/\/www.arovite.com\/wp-content\/uploads\/2014\/03\/arovite-grupos-de-investigacion-100x68.jpg 100w, https:\/\/www.arovite.com\/wp-content\/uploads\/2014\/03\/arovite-grupos-de-investigacion-450x300.jpg 450w\" sizes=\"auto, (max-width: 1500px) 100vw, 1500px\" \/><\/noscript><img fetchpriority=\"high\" decoding=\"async\" width=\"1500\" height=\"1000\" src=\"https:\/\/www.arovite.com\/wp-content\/uploads\/2014\/03\/arovite-grupos-de-investigacion.jpg\" class=\"wp-image-22579 vp-lazyload\" alt srcset=\"data:image\/svg+xml;base64,PHN2ZyB3aWR0aD0iMTUwMCIgaGVpZ2h0PSIxMDAwIiB2aWV3Qm94PSIwIDAgMTUwMCAxMDAwIiBmaWxsPSJub25lIiB4bWxucz0iaHR0cDovL3d3dy53My5vcmcvMjAwMC9zdmciPjwvc3ZnPg==\" data-src=\"https:\/\/www.arovite.com\/wp-content\/uploads\/2014\/03\/arovite-grupos-de-investigacion.jpg\" data-srcset=\"https:\/\/www.arovite.com\/wp-content\/uploads\/2014\/03\/arovite-grupos-de-investigacion.jpg 1500w, https:\/\/www.arovite.com\/wp-content\/uploads\/2014\/03\/arovite-grupos-de-investigacion-300x200.jpg 300w, https:\/\/www.arovite.com\/wp-content\/uploads\/2014\/03\/arovite-grupos-de-investigacion-1024x683.jpg 1024w, https:\/\/www.arovite.com\/wp-content\/uploads\/2014\/03\/arovite-grupos-de-investigacion-768x512.jpg 768w, https:\/\/www.arovite.com\/wp-content\/uploads\/2014\/03\/arovite-grupos-de-investigacion-500x333.jpg 500w, https:\/\/www.arovite.com\/wp-content\/uploads\/2014\/03\/arovite-grupos-de-investigacion-800x533.jpg 800w, https:\/\/www.arovite.com\/wp-content\/uploads\/2014\/03\/arovite-grupos-de-investigacion-1280x853.jpg 1280w, https:\/\/www.arovite.com\/wp-content\/uploads\/2014\/03\/arovite-grupos-de-investigacion-100x68.jpg 100w, https:\/\/www.arovite.com\/wp-content\/uploads\/2014\/03\/arovite-grupos-de-investigacion-450x300.jpg 450w\" data-sizes=\"auto\" loading=\"eager\">\n\t\t<div class=\"vp-portfolio__item-overlay\">\n\t\t\t\t\t<\/div>\n\n\t\t<\/a>\t<\/div>\n<\/div>\n\n\t<figcaption class=\"vp-portfolio__item-caption vp-portfolio__item-caption-text-align-center\">\n\t\t<div class=\"vp-portfolio__item-meta\">\n\t\t\t\n<h2 class=\"vp-portfolio__item-meta-title\">\n\t\t<a\n\t\thref=\"https:\/\/www.arovite.com\/es\/portfolio\/investigacion\/centro-de-estudios-avanzados-en-ciencias-sociales-ceacs-del-instituto-juan-march\/\"\n\t\t\t>\n\tCentro de Estudios Avanzados en Ciencias Sociales (CEACS) del Instituto Juan March<\/a><\/h2>\n\t\t<\/div>\n\t<\/figcaption>\n\t\t\t<\/figure>\n\t\t\t\t\t<\/article>\n\t\t\n\t\t<article\t\tclass=\"vp-portfolio__item-wrap post-2346 portfolio type-portfolio status-publish format-standard has-post-thumbnail hentry portfolio_category-enlaces portfolio_category-grupos-de-investigacion portfolio_category-investigacion vp-portfolio__item-uid-639c0635\" data-vp-filter=\"enlaces,grupos-de-investigacion,investigacion\" \t\t>\n\t\t\t\t\t\t\t\t\t<figure class=\"vp-portfolio__item\">\n\t\t\t\t\n<div class=\"vp-portfolio__item-img-wrap\">\n\t<div class=\"vp-portfolio__item-img\">\n\t\t\t<a\n\t\thref=\"https:\/\/www.arovite.com\/es\/portfolio\/investigacion\/equipo-euskobarometro\/\"\n\t\t\t>\n\t\n\t\t<noscript><img loading=\"lazy\" decoding=\"async\" width=\"1500\" height=\"1000\" data-skip-lazy src=\"https:\/\/www.arovite.com\/wp-content\/uploads\/2014\/03\/arovite-grupos-de-investigacion.jpg\" class=\"wp-image-22579\" alt=\"\" srcset=\"https:\/\/www.arovite.com\/wp-content\/uploads\/2014\/03\/arovite-grupos-de-investigacion.jpg 1500w, https:\/\/www.arovite.com\/wp-content\/uploads\/2014\/03\/arovite-grupos-de-investigacion-300x200.jpg 300w, https:\/\/www.arovite.com\/wp-content\/uploads\/2014\/03\/arovite-grupos-de-investigacion-1024x683.jpg 1024w, https:\/\/www.arovite.com\/wp-content\/uploads\/2014\/03\/arovite-grupos-de-investigacion-768x512.jpg 768w, https:\/\/www.arovite.com\/wp-content\/uploads\/2014\/03\/arovite-grupos-de-investigacion-500x333.jpg 500w, https:\/\/www.arovite.com\/wp-content\/uploads\/2014\/03\/arovite-grupos-de-investigacion-800x533.jpg 800w, https:\/\/www.arovite.com\/wp-content\/uploads\/2014\/03\/arovite-grupos-de-investigacion-1280x853.jpg 1280w, https:\/\/www.arovite.com\/wp-content\/uploads\/2014\/03\/arovite-grupos-de-investigacion-100x68.jpg 100w, https:\/\/www.arovite.com\/wp-content\/uploads\/2014\/03\/arovite-grupos-de-investigacion-450x300.jpg 450w\" sizes=\"auto, (max-width: 1500px) 100vw, 1500px\" \/><\/noscript><img fetchpriority=\"high\" decoding=\"async\" width=\"1500\" height=\"1000\" src=\"https:\/\/www.arovite.com\/wp-content\/uploads\/2014\/03\/arovite-grupos-de-investigacion.jpg\" class=\"wp-image-22579 vp-lazyload\" alt srcset=\"data:image\/svg+xml;base64,PHN2ZyB3aWR0aD0iMTUwMCIgaGVpZ2h0PSIxMDAwIiB2aWV3Qm94PSIwIDAgMTUwMCAxMDAwIiBmaWxsPSJub25lIiB4bWxucz0iaHR0cDovL3d3dy53My5vcmcvMjAwMC9zdmciPjwvc3ZnPg==\" data-src=\"https:\/\/www.arovite.com\/wp-content\/uploads\/2014\/03\/arovite-grupos-de-investigacion.jpg\" data-srcset=\"https:\/\/www.arovite.com\/wp-content\/uploads\/2014\/03\/arovite-grupos-de-investigacion.jpg 1500w, https:\/\/www.arovite.com\/wp-content\/uploads\/2014\/03\/arovite-grupos-de-investigacion-300x200.jpg 300w, https:\/\/www.arovite.com\/wp-content\/uploads\/2014\/03\/arovite-grupos-de-investigacion-1024x683.jpg 1024w, https:\/\/www.arovite.com\/wp-content\/uploads\/2014\/03\/arovite-grupos-de-investigacion-768x512.jpg 768w, https:\/\/www.arovite.com\/wp-content\/uploads\/2014\/03\/arovite-grupos-de-investigacion-500x333.jpg 500w, https:\/\/www.arovite.com\/wp-content\/uploads\/2014\/03\/arovite-grupos-de-investigacion-800x533.jpg 800w, https:\/\/www.arovite.com\/wp-content\/uploads\/2014\/03\/arovite-grupos-de-investigacion-1280x853.jpg 1280w, https:\/\/www.arovite.com\/wp-content\/uploads\/2014\/03\/arovite-grupos-de-investigacion-100x68.jpg 100w, https:\/\/www.arovite.com\/wp-content\/uploads\/2014\/03\/arovite-grupos-de-investigacion-450x300.jpg 450w\" data-sizes=\"auto\" loading=\"eager\">\n\t\t<div class=\"vp-portfolio__item-overlay\">\n\t\t\t\t\t<\/div>\n\n\t\t<\/a>\t<\/div>\n<\/div>\n\n\t<figcaption class=\"vp-portfolio__item-caption vp-portfolio__item-caption-text-align-center\">\n\t\t<div class=\"vp-portfolio__item-meta\">\n\t\t\t\n<h2 class=\"vp-portfolio__item-meta-title\">\n\t\t<a\n\t\thref=\"https:\/\/www.arovite.com\/es\/portfolio\/investigacion\/equipo-euskobarometro\/\"\n\t\t\t>\n\tEquipo Euskobarometro<\/a><\/h2>\n\t\t<\/div>\n\t<\/figcaption>\n\t\t\t<\/figure>\n\t\t\t\t\t<\/article>\n\t\t\n\t\t<article\t\tclass=\"vp-portfolio__item-wrap post-2347 portfolio type-portfolio status-publish format-standard has-post-thumbnail hentry portfolio_category-enlaces portfolio_category-grupos-de-investigacion portfolio_category-investigacion vp-portfolio__item-uid-149b36a3\" data-vp-filter=\"enlaces,grupos-de-investigacion,investigacion\" \t\t>\n\t\t\t\t\t\t\t\t\t<figure class=\"vp-portfolio__item\">\n\t\t\t\t\n<div class=\"vp-portfolio__item-img-wrap\">\n\t<div class=\"vp-portfolio__item-img\">\n\t\t\t<a\n\t\thref=\"https:\/\/www.arovite.com\/es\/portfolio\/investigacion\/grupo-de-investigacion-de-historia-social-y-politica-del-pais-vasco-contemporaneo\/\"\n\t\t\t>\n\t\n\t\t<noscript><img loading=\"lazy\" decoding=\"async\" width=\"1500\" height=\"1000\" data-skip-lazy src=\"https:\/\/www.arovite.com\/wp-content\/uploads\/2014\/03\/arovite-grupos-de-investigacion.jpg\" class=\"wp-image-22579\" alt=\"\" srcset=\"https:\/\/www.arovite.com\/wp-content\/uploads\/2014\/03\/arovite-grupos-de-investigacion.jpg 1500w, https:\/\/www.arovite.com\/wp-content\/uploads\/2014\/03\/arovite-grupos-de-investigacion-300x200.jpg 300w, https:\/\/www.arovite.com\/wp-content\/uploads\/2014\/03\/arovite-grupos-de-investigacion-1024x683.jpg 1024w, https:\/\/www.arovite.com\/wp-content\/uploads\/2014\/03\/arovite-grupos-de-investigacion-768x512.jpg 768w, https:\/\/www.arovite.com\/wp-content\/uploads\/2014\/03\/arovite-grupos-de-investigacion-500x333.jpg 500w, https:\/\/www.arovite.com\/wp-content\/uploads\/2014\/03\/arovite-grupos-de-investigacion-800x533.jpg 800w, https:\/\/www.arovite.com\/wp-content\/uploads\/2014\/03\/arovite-grupos-de-investigacion-1280x853.jpg 1280w, https:\/\/www.arovite.com\/wp-content\/uploads\/2014\/03\/arovite-grupos-de-investigacion-100x68.jpg 100w, https:\/\/www.arovite.com\/wp-content\/uploads\/2014\/03\/arovite-grupos-de-investigacion-450x300.jpg 450w\" sizes=\"auto, (max-width: 1500px) 100vw, 1500px\" \/><\/noscript><img fetchpriority=\"high\" decoding=\"async\" width=\"1500\" height=\"1000\" src=\"https:\/\/www.arovite.com\/wp-content\/uploads\/2014\/03\/arovite-grupos-de-investigacion.jpg\" class=\"wp-image-22579 vp-lazyload\" alt srcset=\"data:image\/svg+xml;base64,PHN2ZyB3aWR0aD0iMTUwMCIgaGVpZ2h0PSIxMDAwIiB2aWV3Qm94PSIwIDAgMTUwMCAxMDAwIiBmaWxsPSJub25lIiB4bWxucz0iaHR0cDovL3d3dy53My5vcmcvMjAwMC9zdmciPjwvc3ZnPg==\" data-src=\"https:\/\/www.arovite.com\/wp-content\/uploads\/2014\/03\/arovite-grupos-de-investigacion.jpg\" data-srcset=\"https:\/\/www.arovite.com\/wp-content\/uploads\/2014\/03\/arovite-grupos-de-investigacion.jpg 1500w, https:\/\/www.arovite.com\/wp-content\/uploads\/2014\/03\/arovite-grupos-de-investigacion-300x200.jpg 300w, https:\/\/www.arovite.com\/wp-content\/uploads\/2014\/03\/arovite-grupos-de-investigacion-1024x683.jpg 1024w, https:\/\/www.arovite.com\/wp-content\/uploads\/2014\/03\/arovite-grupos-de-investigacion-768x512.jpg 768w, https:\/\/www.arovite.com\/wp-content\/uploads\/2014\/03\/arovite-grupos-de-investigacion-500x333.jpg 500w, https:\/\/www.arovite.com\/wp-content\/uploads\/2014\/03\/arovite-grupos-de-investigacion-800x533.jpg 800w, https:\/\/www.arovite.com\/wp-content\/uploads\/2014\/03\/arovite-grupos-de-investigacion-1280x853.jpg 1280w, https:\/\/www.arovite.com\/wp-content\/uploads\/2014\/03\/arovite-grupos-de-investigacion-100x68.jpg 100w, https:\/\/www.arovite.com\/wp-content\/uploads\/2014\/03\/arovite-grupos-de-investigacion-450x300.jpg 450w\" data-sizes=\"auto\" loading=\"eager\">\n\t\t<div class=\"vp-portfolio__item-overlay\">\n\t\t\t\t\t<\/div>\n\n\t\t<\/a>\t<\/div>\n<\/div>\n\n\t<figcaption class=\"vp-portfolio__item-caption vp-portfolio__item-caption-text-align-center\">\n\t\t<div class=\"vp-portfolio__item-meta\">\n\t\t\t\n<h2 class=\"vp-portfolio__item-meta-title\">\n\t\t<a\n\t\thref=\"https:\/\/www.arovite.com\/es\/portfolio\/investigacion\/grupo-de-investigacion-de-historia-social-y-politica-del-pais-vasco-contemporaneo\/\"\n\t\t\t>\n\tGrupo de Investigaci\u00f3n de Historia Social y Pol\u00edtica del Pa\u00eds Vasco Contempor\u00e1neo<\/a><\/h2>\n\t\t<\/div>\n\t<\/figcaption>\n\t\t\t<\/figure>\n\t\t\t\t\t<\/article>\n\t\t\n\t\t<article\t\tclass=\"vp-portfolio__item-wrap post-2348 portfolio type-portfolio status-publish format-standard has-post-thumbnail hentry portfolio_category-enlaces portfolio_category-grupos-de-investigacion portfolio_category-investigacion vp-portfolio__item-uid-84242b32\" data-vp-filter=\"enlaces,grupos-de-investigacion,investigacion\" \t\t>\n\t\t\t\t\t\t\t\t\t<figure class=\"vp-portfolio__item\">\n\t\t\t\t\n<div class=\"vp-portfolio__item-img-wrap\">\n\t<div class=\"vp-portfolio__item-img\">\n\t\t\t<a\n\t\thref=\"https:\/\/www.arovite.com\/es\/portfolio\/investigacion\/2348\/\"\n\t\t\t>\n\t\n\t\t<noscript><img loading=\"lazy\" decoding=\"async\" width=\"1500\" height=\"1000\" data-skip-lazy src=\"https:\/\/www.arovite.com\/wp-content\/uploads\/2014\/03\/arovite-grupos-de-investigacion.jpg\" class=\"wp-image-22579\" alt=\"\" srcset=\"https:\/\/www.arovite.com\/wp-content\/uploads\/2014\/03\/arovite-grupos-de-investigacion.jpg 1500w, https:\/\/www.arovite.com\/wp-content\/uploads\/2014\/03\/arovite-grupos-de-investigacion-300x200.jpg 300w, https:\/\/www.arovite.com\/wp-content\/uploads\/2014\/03\/arovite-grupos-de-investigacion-1024x683.jpg 1024w, https:\/\/www.arovite.com\/wp-content\/uploads\/2014\/03\/arovite-grupos-de-investigacion-768x512.jpg 768w, https:\/\/www.arovite.com\/wp-content\/uploads\/2014\/03\/arovite-grupos-de-investigacion-500x333.jpg 500w, https:\/\/www.arovite.com\/wp-content\/uploads\/2014\/03\/arovite-grupos-de-investigacion-800x533.jpg 800w, https:\/\/www.arovite.com\/wp-content\/uploads\/2014\/03\/arovite-grupos-de-investigacion-1280x853.jpg 1280w, https:\/\/www.arovite.com\/wp-content\/uploads\/2014\/03\/arovite-grupos-de-investigacion-100x68.jpg 100w, https:\/\/www.arovite.com\/wp-content\/uploads\/2014\/03\/arovite-grupos-de-investigacion-450x300.jpg 450w\" sizes=\"auto, (max-width: 1500px) 100vw, 1500px\" \/><\/noscript><img fetchpriority=\"high\" decoding=\"async\" width=\"1500\" height=\"1000\" src=\"https:\/\/www.arovite.com\/wp-content\/uploads\/2014\/03\/arovite-grupos-de-investigacion.jpg\" class=\"wp-image-22579 vp-lazyload\" alt srcset=\"data:image\/svg+xml;base64,PHN2ZyB3aWR0aD0iMTUwMCIgaGVpZ2h0PSIxMDAwIiB2aWV3Qm94PSIwIDAgMTUwMCAxMDAwIiBmaWxsPSJub25lIiB4bWxucz0iaHR0cDovL3d3dy53My5vcmcvMjAwMC9zdmciPjwvc3ZnPg==\" data-src=\"https:\/\/www.arovite.com\/wp-content\/uploads\/2014\/03\/arovite-grupos-de-investigacion.jpg\" data-srcset=\"https:\/\/www.arovite.com\/wp-content\/uploads\/2014\/03\/arovite-grupos-de-investigacion.jpg 1500w, https:\/\/www.arovite.com\/wp-content\/uploads\/2014\/03\/arovite-grupos-de-investigacion-300x200.jpg 300w, https:\/\/www.arovite.com\/wp-content\/uploads\/2014\/03\/arovite-grupos-de-investigacion-1024x683.jpg 1024w, https:\/\/www.arovite.com\/wp-content\/uploads\/2014\/03\/arovite-grupos-de-investigacion-768x512.jpg 768w, https:\/\/www.arovite.com\/wp-content\/uploads\/2014\/03\/arovite-grupos-de-investigacion-500x333.jpg 500w, https:\/\/www.arovite.com\/wp-content\/uploads\/2014\/03\/arovite-grupos-de-investigacion-800x533.jpg 800w, https:\/\/www.arovite.com\/wp-content\/uploads\/2014\/03\/arovite-grupos-de-investigacion-1280x853.jpg 1280w, https:\/\/www.arovite.com\/wp-content\/uploads\/2014\/03\/arovite-grupos-de-investigacion-100x68.jpg 100w, https:\/\/www.arovite.com\/wp-content\/uploads\/2014\/03\/arovite-grupos-de-investigacion-450x300.jpg 450w\" data-sizes=\"auto\" loading=\"eager\">\n\t\t<div class=\"vp-portfolio__item-overlay\">\n\t\t\t\t\t<\/div>\n\n\t\t<\/a>\t<\/div>\n<\/div>\n\n\t<figcaption class=\"vp-portfolio__item-caption vp-portfolio__item-caption-text-align-center\">\n\t\t<div class=\"vp-portfolio__item-meta\">\n\t\t\t\n<h2 class=\"vp-portfolio__item-meta-title\">\n\t\t<a\n\t\thref=\"https:\/\/www.arovite.com\/es\/portfolio\/investigacion\/2348\/\"\n\t\t\t>\n\tGrupo de Investigaci\u00f3n El Nacionalismo Vasco en Perspectiva Comparada<\/a><\/h2>\n\t\t<\/div>\n\t<\/figcaption>\n\t\t\t<\/figure>\n\t\t\t\t\t<\/article>\n\t\t\n<\/div>\n\t\t<\/div>\n\t\t\t\t<div class=\"vp-portfolio__layout-elements vp-portfolio__layout-elements-bottom vp-portfolio__layout-elements-align-center\">\n\t\t\t\t<div class=\"vp-portfolio__pagination-wrap\">\n\t\t\n<div class=\"vp-pagination vp-pagination__no-more vp-pagination__style-minimal\" data-vp-pagination-type=\"load-more\">\n\t<div class=\"vp-pagination__item\">\n\t\t<a class=\"vp-pagination__load-more\" href=\"\">\n\t\t\t<span>Cargar m\u00e1s<\/span>\n\t\t\t<span class=\"vp-pagination__load-more-loading\"><span class=\"vp-spinner\"><\/span><span class=\"vp-screen-reader-text\"> Cargando m\u00e1s...<\/span><\/span>\n\t\t\t<span class=\"vp-pagination__load-more-no-more\">Has llegado al final de la lista<\/span>\n\t\t<\/a>\n\t<\/div>\n<\/div>\n\t\t<\/div>\n\t\t\t\t<\/div>\n\t\t\n<\/div>\n[\/vc_column][\/vc_row]<\/p>\n<\/div>","protected":false},"excerpt":{"rendered":"<p>[vc_row][vc_column][\/vc_column][\/vc_row]<\/p>\n","protected":false},"author":1,"featured_media":0,"parent":947,"menu_order":0,"comment_status":"closed","ping_status":"closed","template":"","meta":{"om_disable_all_campaigns":false,"_monsterinsights_skip_tracking":false,"_monsterinsights_sitenote_active":false,"_monsterinsights_sitenote_note":"","_monsterinsights_sitenote_category":0,"_uf_show_specific_survey":0,"_uf_disable_surveys":false,"_vp_format_video_url":"","_vp_image_focal_point":[],"_vp_custom_popup_image":0,"_vp_format_audio_url":"","_vp_custom_thumbnail":0,"_vp_custom_thumbnail_focal_point":[],"_vp_hover_thumbnail":0,"_vp_hover_thumbnail_focal_point":[],"footnotes":""},"class_list":["post-990","page","type-page","status-publish","hentry"],"aioseo_notices":[],"_links":{"self":[{"href":"https:\/\/www.arovite.com\/es\/wp-json\/wp\/v2\/pages\/990","targetHints":{"allow":["GET"]}}],"collection":[{"href":"https:\/\/www.arovite.com\/es\/wp-json\/wp\/v2\/pages"}],"about":[{"href":"https:\/\/www.arovite.com\/es\/wp-json\/wp\/v2\/types\/page"}],"author":[{"embeddable":true,"href":"https:\/\/www.arovite.com\/es\/wp-json\/wp\/v2\/users\/1"}],"replies":[{"embeddable":true,"href":"https:\/\/www.arovite.com\/es\/wp-json\/wp\/v2\/comments?post=990"}],"version-history":[{"count":5,"href":"https:\/\/www.arovite.com\/es\/wp-json\/wp\/v2\/pages\/990\/revisions"}],"predecessor-version":[{"id":23274,"href":"https:\/\/www.arovite.com\/es\/wp-json\/wp\/v2\/pages\/990\/revisions\/23274"}],"up":[{"embeddable":true,"href":"https:\/\/www.arovite.com\/es\/wp-json\/wp\/v2\/pages\/947"}],"wp:attachment":[{"href":"https:\/\/www.arovite.com\/es\/wp-json\/wp\/v2\/media?parent=990"}],"curies":[{"name":"wp","href":"https:\/\/api.w.org\/{rel}","templated":true}]}}