{"id":958,"date":"2014-01-17T11:57:07","date_gmt":"2014-01-17T11:57:07","guid":{"rendered":"http:\/\/arovite.com\/temporal\/?page_id=958"},"modified":"2024-12-13T13:54:20","modified_gmt":"2024-12-13T13:54:20","slug":"fotografia","status":"publish","type":"page","link":"https:\/\/www.arovite.com\/es\/fotografia\/","title":{"rendered":"Fotograf\u00eda"},"content":{"rendered":"<div class=\"wpb-content-wrapper\"><p>[vc_row][vc_column width=&#8221;1\/2&#8243;][vc_column_text]A trav\u00e9s de esta <strong>galer\u00eda fotogr\u00e1fica<\/strong> (que ir\u00e1 creciendo en el futuro con nuevos autores e im\u00e1genes) pretendemos reflejar de manera visual la historia del terrorismo en Euskadi y Navarra. Se trata de una selecci\u00f3n, de una muestra que busca sugerir ideas en el espectador, m\u00e1s que recoger de forma exhaustiva todo el material gr\u00e1fico que se produjo en torno a este tema, por otro lado inabarcable. A excepci\u00f3n del apartado dedicado a <em>La Gaceta del Norte<\/em>, la galer\u00eda est\u00e1 organizada por fondos personales donados por los autores de las im\u00e1genes que vivieron aquellos a\u00f1os en primera persona detr\u00e1s de su objetivo. Adem\u00e1s de atentados, las fotograf\u00edas reflejan el clima pol\u00edtico y social generado en torno al terrorismo: pintadas, manifestaciones, funerales, actos de la kale borroka, etc.[\/vc_column_text][\/vc_column][vc_column width=&#8221;1\/2&#8243;][vc_column_text]Agradecemos a todos estos fotoperiodistas su amabilidad al cedernos el uso de dichas im\u00e1genes, as\u00ed como el haber compartido con nosotros sus experiencias durante aquella \u00e9poca, por mostrarnos que detr\u00e1s de cada imagen siempre hay una historia. Cualquier uso o reproducci\u00f3n de estas im\u00e1genes deber\u00e1 ser consultado con el titular de los derechos de las mismas.[\/vc_column_text][\/vc_column][\/vc_row][vc_row][vc_column][vc_empty_space height=&#8221;50px&#8221;][\/vc_column][\/vc_row][vc_row gap=&#8221;60&#8243; content_placement=&#8221;middle&#8221;][vc_column width=&#8221;1\/3&#8243;][konte_banner text_position=&#8221;top-left&#8221; scheme=&#8221;light&#8221; button_text=&#8221;M\u00e1s informaci\u00f3n&#8221; link=&#8221;url:https%3A%2F%2Fwww.arovite.com%2Fes%2Ffotografia%2Ffidel-raso%2F|title:Fidel%20Raso&#8221; image=&#8221;21442&#8243;]Fidel Raso[\/konte_banner][\/vc_column][vc_column width=&#8221;1\/3&#8243;][konte_banner text_position=&#8221;top-left&#8221; scheme=&#8221;light&#8221; button_text=&#8221;M\u00e1s informaci\u00f3n&#8221; link=&#8221;url:https%3A%2F%2Fwww.arovite.com%2Fes%2Fjonan-zinkunegi-2%2F|title:Jonan%20Zinkunegi&#8221; image=&#8221;21439&#8243;]Jonan Zinkunegi[\/konte_banner][\/vc_column][vc_column width=&#8221;1\/3&#8243;][konte_banner text_position=&#8221;top-left&#8221; scheme=&#8221;light&#8221; button_text=&#8221;M\u00e1s informaci\u00f3n&#8221; link=&#8221;url:https%3A%2F%2Fwww.arovite.com%2Fes%2Fjorge-nagore-2%2F|title:Jorge%20Nagore&#8221; image=&#8221;21436&#8243;]Jorge Nagore[\/konte_banner][\/vc_column][\/vc_row][vc_row gap=&#8221;60&#8243; content_placement=&#8221;middle&#8221;][vc_column width=&#8221;1\/3&#8243;][konte_banner text_position=&#8221;top-left&#8221; scheme=&#8221;light&#8221; button_text=&#8221;M\u00e1s informaci\u00f3n&#8221; link=&#8221;url:https%3A%2F%2Fwww.arovite.com%2Fes%2Ffotografia%2Fla-gaceta-del-norte-2%2F|title:La%20Gaceta%20del%20Norte&#8221; image=&#8221;21433&#8243;]La Gaceta del Norte[\/konte_banner][\/vc_column][vc_column width=&#8221;1\/3&#8243;][konte_banner text_position=&#8221;top-left&#8221; scheme=&#8221;light&#8221; button_text=&#8221;M\u00e1s informaci\u00f3n&#8221; link=&#8221;url:https%3A%2F%2Fwww.arovite.com%2Fes%2Ffotografia%2Fluis-alberto-garcia%2F|title:Luis%20Alberto%20Garc%C3%ADa&#8221; image=&#8221;21430&#8243;]Luis Alberto Garc\u00eda[\/konte_banner][\/vc_column][vc_column width=&#8221;1\/3&#8243;][konte_banner text_position=&#8221;top-left&#8221; scheme=&#8221;light&#8221; button_text=&#8221;M\u00e1s informaci\u00f3n&#8221; link=&#8221;url:https%3A%2F%2Fwww.arovite.com%2Fes%2Ffotografia%2Fsantos-cirilo%2F|title:Santos%20Cirilo&#8221; image=&#8221;21427&#8243;]Santos Cirilo[\/konte_banner][\/vc_column][\/vc_row][vc_row][vc_column][vc_empty_space height=&#8221;20px&#8221;][\/vc_column][\/vc_row]<\/p>\n<\/div>","protected":false},"excerpt":{"rendered":"<p>[vc_row][vc_column width=&#8221;1\/2&#8243;][vc_column_text]A trav\u00e9s de esta galer\u00eda fotogr\u00e1fica (que ir\u00e1 creciendo en el futuro con nuevos autores e im\u00e1genes) pretendemos reflejar de manera visual la historia del terrorismo en Euskadi y&hellip;<\/p>\n","protected":false},"author":1,"featured_media":0,"parent":0,"menu_order":0,"comment_status":"closed","ping_status":"closed","template":"","meta":{"om_disable_all_campaigns":false,"_monsterinsights_skip_tracking":false,"_monsterinsights_sitenote_active":false,"_monsterinsights_sitenote_note":"","_monsterinsights_sitenote_category":0,"_uf_show_specific_survey":0,"_uf_disable_surveys":false,"_vp_format_video_url":"","_vp_image_focal_point":[],"_vp_custom_popup_image":0,"_vp_format_audio_url":"","_vp_custom_thumbnail":0,"_vp_custom_thumbnail_focal_point":[],"_vp_hover_thumbnail":0,"_vp_hover_thumbnail_focal_point":[],"footnotes":""},"class_list":["post-958","page","type-page","status-publish","hentry"],"aioseo_notices":[],"_links":{"self":[{"href":"https:\/\/www.arovite.com\/es\/wp-json\/wp\/v2\/pages\/958","targetHints":{"allow":["GET"]}}],"collection":[{"href":"https:\/\/www.arovite.com\/es\/wp-json\/wp\/v2\/pages"}],"about":[{"href":"https:\/\/www.arovite.com\/es\/wp-json\/wp\/v2\/types\/page"}],"author":[{"embeddable":true,"href":"https:\/\/www.arovite.com\/es\/wp-json\/wp\/v2\/users\/1"}],"replies":[{"embeddable":true,"href":"https:\/\/www.arovite.com\/es\/wp-json\/wp\/v2\/comments?post=958"}],"version-history":[{"count":19,"href":"https:\/\/www.arovite.com\/es\/wp-json\/wp\/v2\/pages\/958\/revisions"}],"predecessor-version":[{"id":21874,"href":"https:\/\/www.arovite.com\/es\/wp-json\/wp\/v2\/pages\/958\/revisions\/21874"}],"wp:attachment":[{"href":"https:\/\/www.arovite.com\/es\/wp-json\/wp\/v2\/media?parent=958"}],"curies":[{"name":"wp","href":"https:\/\/api.w.org\/{rel}","templated":true}]}}