{"id":936,"date":"2014-01-17T11:47:35","date_gmt":"2014-01-17T11:47:35","guid":{"rendered":"http:\/\/arovite.com\/temporal\/?page_id=936"},"modified":"2024-12-18T20:24:58","modified_gmt":"2024-12-18T20:24:58","slug":"fondo-bakeaz","status":"publish","type":"page","link":"https:\/\/www.arovite.com\/es\/fondo-bakeaz\/","title":{"rendered":"Fondo Bakeaz"},"content":{"rendered":"<div class=\"wpb-content-wrapper\"><p>[vc_row][vc_column][vc_column_text]Bakeaz fue una asociaci\u00f3n dedicada a la investigaci\u00f3n sobre cuestiones de paz, derechos humanos y ecolog\u00eda que sobrevivi\u00f3 dos d\u00e9cadas. Se fund\u00f3 en 1992 por una decena de personas vinculadas a la universidad y al \u00e1mbito del pacifismo, los derechos humanos y el medio ambiente. Desde sus comienzos intent\u00f3 proporcionar criterios para la reflexi\u00f3n y la acci\u00f3n c\u00edvica sobre cuestiones relativas a la militarizaci\u00f3n de las relaciones internacionales, la econom\u00eda sostenible, las pol\u00edticas hidrol\u00f3gicas y de gesti\u00f3n del agua, las pol\u00edticas de cooperaci\u00f3n, los procesos migratorios, la participaci\u00f3n ciudadana, la teor\u00eda general de los movimientos sociales, o la educaci\u00f3n para la paz y los derechos humanos.<\/p>\n<p>A lo largo de estos a\u00f1os trabaj\u00f3 por una educaci\u00f3n para la paz y los derechos humanos que afrontase, entre otras muchas cuestiones, el problema de la violencia terrorista en nuestro pa\u00eds, proponiendo la centralidad de las v\u00edctimas como enfoque y forma de la acci\u00f3n pedag\u00f3gica para la educaci\u00f3n de nuestros j\u00f3venes en el aula frente a la violencia padecida.<\/p>\n<p>Para abarcar este amplio abanico de temas y de objetivos, Bakeaz:<br \/>\n&#8211; Cont\u00f3 con una biblioteca especializada.<br \/>\n&#8211; Realiz\u00f3 estudios e investigaciones con el concurso de una amplia red de expertos.<br \/>\n&#8211; Public\u00f3 en diversas colecciones de libros y boletines te\u00f3ricos sus propias investigaciones o las de organismos nacionales o internacionales.<br \/>\n&#8211; Realiz\u00f3 trabajos de consultor\u00eda y de formaci\u00f3n.<br \/>\n&#8211; Public\u00f3 art\u00edculos en prensa y revistas especializadas.<br \/>\n&#8211; Particip\u00f3 en seminarios, congresos y encuentros.<\/p>\n<p>En 2014 Bakeaz don\u00f3 al Instituto de Historia Social Valent\u00edn de Foronda sus materiales relacionados con el terrorismo en el Pa\u00eds Vasco. Se trata de 11 Cuadernos Bakeaz, 27 Escuelas de Paz, 7 Series Generales y 3 Derechos al Cine, que ponemos a disposici\u00f3n p\u00fablica en esta p\u00e1gina web.[\/vc_column_text][\/vc_column][\/vc_row][vc_row gap=&#8221;120&#8243; content_placement=&#8221;middle&#8221;][vc_column width=&#8221;1\/2&#8243;][konte_banner text_position=&#8221;top-left&#8221; scheme=&#8221;light&#8221; button_text=&#8221;M\u00e1s informaci\u00f3n&#8221; image=&#8221;22437&#8243; link=&#8221;url:https%3A%2F%2Fwww.arovite.com%2Fes%2Ffondo-bakeaz%2Fescuela-de-paz%2F|title:Escuela%20de%20Paz&#8221;]Escuela de Paz[\/konte_banner][\/vc_column][vc_column width=&#8221;1\/2&#8243;][konte_banner text_position=&#8221;top-left&#8221; scheme=&#8221;dark&#8221; button_text=&#8221;M\u00e1s informaci\u00f3n&#8221; image=&#8221;22449&#8243; link=&#8221;url:https%3A%2F%2Fwww.arovite.com%2Fes%2Ffondo-bakeaz%2Fcuadernos-bakeaz%2F|title:Cuadernos%20Bakeaz&#8221;]Cuadernos Bakeaz[\/konte_banner][\/vc_column][\/vc_row][vc_row gap=&#8221;120&#8243; content_placement=&#8221;middle&#8221;][vc_column width=&#8221;1\/2&#8243;][konte_banner text_position=&#8221;top-left&#8221; scheme=&#8221;dark&#8221; button_text=&#8221;M\u00e1s informaci\u00f3n&#8221; image=&#8221;22445&#8243; link=&#8221;url:https%3A%2F%2Fwww.arovite.com%2Fes%2Ffondo-bakeaz%2Fserie-general%2F|title:Serie%20General&#8221;]Serie General[\/konte_banner][\/vc_column][vc_column width=&#8221;1\/2&#8243;][konte_banner text_position=&#8221;top-left&#8221; scheme=&#8221;light&#8221; button_text=&#8221;M\u00e1s informaci\u00f3n&#8221; image=&#8221;22441&#8243; link=&#8221;url:https%3A%2F%2Fwww.arovite.com%2Fes%2Ffondo-bakeaz%2Fderechos-al-cine%2F|title:Derechos%20al%20Cine&#8221;]Derechos al Cine[\/konte_banner][\/vc_column][\/vc_row]<\/p>\n<\/div>","protected":false},"excerpt":{"rendered":"<p>[vc_row][vc_column][vc_column_text]Bakeaz fue una asociaci\u00f3n dedicada a la investigaci\u00f3n sobre cuestiones de paz, derechos humanos y ecolog\u00eda que sobrevivi\u00f3 dos d\u00e9cadas. Se fund\u00f3 en 1992 por una decena de personas vinculadas&hellip;<\/p>\n","protected":false},"author":1,"featured_media":0,"parent":0,"menu_order":0,"comment_status":"closed","ping_status":"closed","template":"","meta":{"om_disable_all_campaigns":false,"_monsterinsights_skip_tracking":false,"_monsterinsights_sitenote_active":false,"_monsterinsights_sitenote_note":"","_monsterinsights_sitenote_category":0,"_uf_show_specific_survey":0,"_uf_disable_surveys":false,"_vp_format_video_url":"","_vp_image_focal_point":[],"_vp_custom_popup_image":0,"_vp_format_audio_url":"","_vp_custom_thumbnail":0,"_vp_custom_thumbnail_focal_point":[],"_vp_hover_thumbnail":0,"_vp_hover_thumbnail_focal_point":[],"footnotes":""},"class_list":["post-936","page","type-page","status-publish","hentry"],"aioseo_notices":[],"_links":{"self":[{"href":"https:\/\/www.arovite.com\/es\/wp-json\/wp\/v2\/pages\/936","targetHints":{"allow":["GET"]}}],"collection":[{"href":"https:\/\/www.arovite.com\/es\/wp-json\/wp\/v2\/pages"}],"about":[{"href":"https:\/\/www.arovite.com\/es\/wp-json\/wp\/v2\/types\/page"}],"author":[{"embeddable":true,"href":"https:\/\/www.arovite.com\/es\/wp-json\/wp\/v2\/users\/1"}],"replies":[{"embeddable":true,"href":"https:\/\/www.arovite.com\/es\/wp-json\/wp\/v2\/comments?post=936"}],"version-history":[{"count":41,"href":"https:\/\/www.arovite.com\/es\/wp-json\/wp\/v2\/pages\/936\/revisions"}],"predecessor-version":[{"id":22452,"href":"https:\/\/www.arovite.com\/es\/wp-json\/wp\/v2\/pages\/936\/revisions\/22452"}],"wp:attachment":[{"href":"https:\/\/www.arovite.com\/es\/wp-json\/wp\/v2\/media?parent=936"}],"curies":[{"name":"wp","href":"https:\/\/api.w.org\/{rel}","templated":true}]}}