{"id":9308,"date":"2019-01-14T17:56:41","date_gmt":"2019-01-14T17:56:41","guid":{"rendered":"http:\/\/www.arovite.com\/?page_id=9308\/"},"modified":"2019-01-14T17:56:41","modified_gmt":"2019-01-14T17:56:41","slug":"zubiaur-ibon-2018","status":"publish","type":"page","link":"https:\/\/www.arovite.com\/es\/zubiaur-ibon-2018\/","title":{"rendered":"ZUBIAUR, Ibon (2018)"},"content":{"rendered":"<div class=\"wpb-content-wrapper\"><p>[vc_row][vc_column width=&#8221;1\/1&#8243;][vc_column_text][vc_empty_space height=&#8221;20&#8243;]<br \/>\n<strong>Referencia bibliogr\u00e1fica<\/strong><br \/>\nZUBIAUR, Ibon (2018): \u00abETA y otras bandas terroristas espa\u00f1olas en el archivo de la Stasi\u00bb, <em>Informe del Centro Memorial de las V\u00edctimas del Terrorismo<\/em>, n\u00ba 5.<\/p>\n<p><a class=\"button blue medium \"href=\"http:\/\/www.memorialvt.com\/wp-content\/uploads\/2018\/12\/FCMVTinforme05_prueba2-1.pdf\" target=\"_blank\">Consultar PDF<\/a><br \/>\n[vc_empty_space height=&#8221;10&#8243;]<br \/>\n<strong>Resumen<\/strong><br \/>\nEl quinto<em> Informe del Centro Memorial de las V\u00edctimas del Terrorismo<\/em> se centra en la relaci\u00f3n de ETA con la Stasi. A trav\u00e9s de los 1.200 documentos analizados, su autor desmiente el mito de la relaci\u00f3n de la Stasi, operativa entre 1950 y 1990, con grupos terroristas occidentales, y en concreto con ETA.<br \/>\n[vc_empty_space height=&#8221;10&#8243;]<br \/>\n<strong>Autor<\/strong><br \/>\nIbon Zubiaur. <a title=\"Dialnet\" href=\"https:\/\/dialnet.unirioja.es\/servlet\/autor?codigo=850349\" target=\"_blank\">P\u00e1gina del autor en Dialnet.<\/a><br \/>\n[vc_empty_space height=&#8221;10&#8243;]<br \/>\n<strong>Tipo de documento<\/strong><br \/>\nInforme<br \/>\n[vc_empty_space height=&#8221;10&#8243;]<br \/>\n[\/vc_column_text][\/vc_column][\/vc_row]<\/p>\n<\/div>","protected":false},"excerpt":{"rendered":"<p>[vc_row][vc_column width=&#8221;1\/1&#8243;][vc_column_text][vc_empty_space height=&#8221;20&#8243;] Referencia bibliogr\u00e1fica ZUBIAUR, Ibon (2018): \u00abETA y otras bandas terroristas espa\u00f1olas en el archivo de la Stasi\u00bb, Informe del Centro Memorial de las V\u00edctimas del Terrorismo, n\u00ba&hellip;<\/p>\n","protected":false},"author":1,"featured_media":0,"parent":0,"menu_order":0,"comment_status":"closed","ping_status":"closed","template":"","meta":{"om_disable_all_campaigns":false,"_monsterinsights_skip_tracking":false,"_monsterinsights_sitenote_active":false,"_monsterinsights_sitenote_note":"","_monsterinsights_sitenote_category":0,"_uf_show_specific_survey":0,"_uf_disable_surveys":false,"_vp_format_video_url":"","_vp_image_focal_point":[],"_vp_custom_popup_image":0,"_vp_format_audio_url":"","_vp_custom_thumbnail":0,"_vp_custom_thumbnail_focal_point":[],"_vp_hover_thumbnail":0,"_vp_hover_thumbnail_focal_point":[],"footnotes":""},"class_list":["post-9308","page","type-page","status-publish","hentry"],"aioseo_notices":[],"_links":{"self":[{"href":"https:\/\/www.arovite.com\/es\/wp-json\/wp\/v2\/pages\/9308","targetHints":{"allow":["GET"]}}],"collection":[{"href":"https:\/\/www.arovite.com\/es\/wp-json\/wp\/v2\/pages"}],"about":[{"href":"https:\/\/www.arovite.com\/es\/wp-json\/wp\/v2\/types\/page"}],"author":[{"embeddable":true,"href":"https:\/\/www.arovite.com\/es\/wp-json\/wp\/v2\/users\/1"}],"replies":[{"embeddable":true,"href":"https:\/\/www.arovite.com\/es\/wp-json\/wp\/v2\/comments?post=9308"}],"version-history":[{"count":2,"href":"https:\/\/www.arovite.com\/es\/wp-json\/wp\/v2\/pages\/9308\/revisions"}],"predecessor-version":[{"id":9312,"href":"https:\/\/www.arovite.com\/es\/wp-json\/wp\/v2\/pages\/9308\/revisions\/9312"}],"wp:attachment":[{"href":"https:\/\/www.arovite.com\/es\/wp-json\/wp\/v2\/media?parent=9308"}],"curies":[{"name":"wp","href":"https:\/\/api.w.org\/{rel}","templated":true}]}}