{"id":9272,"date":"2019-01-14T17:40:35","date_gmt":"2019-01-14T17:40:35","guid":{"rendered":"http:\/\/www.arovite.com\/?page_id=9272\/"},"modified":"2019-01-14T17:40:35","modified_gmt":"2019-01-14T17:40:35","slug":"lozano-torres-ignacio-alberto-2016","status":"publish","type":"page","link":"https:\/\/www.arovite.com\/es\/lozano-torres-ignacio-alberto-2016\/","title":{"rendered":"LOZANO TORRES, Ignacio Alberto (2016)"},"content":{"rendered":"<div class=\"wpb-content-wrapper\"><p>[vc_row][vc_column width=&#8221;1\/1&#8243;][vc_column_text][vc_empty_space height=&#8221;20&#8243;]<br \/>\n<strong>Referencia bibliogr\u00e1fica<\/strong><br \/>\nLOZANO TORRES, Ignacio Alberto (2016): \u00abMujeres de ETA. Lectura de sus representaciones en el discurso\u00bb, <em>Cuestiones de g\u00e9nero: de la igualdad y la diferencia<\/em>, n\u00ba 11, pp. 37-55.<\/p>\n<p><a class=\"button blue medium \"href=\"http:\/\/revpubli.unileon.es\/ojs\/index.php\/cuestionesdegenero\/article\/view\/3184\/2802\" target=\"_blank\">Consultar PDF<\/a>[vc_empty_space height=&#8221;10&#8243;]<br \/>\n<strong>Resumen<\/strong><br \/>\nEl presente ensayo constituye un an\u00e1lisis detallado de las representaciones tradicionalmente atribuidas a las mujeres pertenecientes a ETA, tanto en el discurso dominante como en el propio discurso de la organizaci\u00f3n. Para dar base a dicho an\u00e1lisis, previamente se har\u00e1 un repaso de las representaciones, simbolog\u00eda, im\u00e1genes y otras asunciones operantes en torno a la relaci\u00f3n mujer-violencia y mujer-nacionalismo vasco. Una vez proporcionado el marco, se proceder\u00e1 a estudiar los mecanismos que la sociedad utiliza para encajar a estas mujeres en la l\u00f3gica patriarcal imperante. Mediante entrevistas, testimonios y ciertas dosis de cultura abertzale, se deconstruir\u00e1 la posici\u00f3n que la sociedad machista reserva a las activistas de ETA, culminando con el estudio de dos acontecimientos concretos seleccionados por su gran fuerza representativa: el asesinato de Dolores Katarain \u2013Yoyes\u2013 y el funeral de Miren Bakartxo Arzelus.<br \/>\n[vc_empty_space height=&#8221;10&#8243;]<br \/>\n<strong>Autor<\/strong><br \/>\nIgnacio Alberto Lozano Torres. <a title=\"Dialnet\" href=\"https:\/\/dialnet.unirioja.es\/servlet\/autor?codigo=3978877\" target=\"_blank\">P\u00e1gina del autor en Dialnet.<\/a><br \/>\n[vc_empty_space height=&#8221;10&#8243;]<br \/>\n<strong>Tipo de documento<\/strong><br \/>\nArt\u00edculo<br \/>\n[vc_empty_space height=&#8221;10&#8243;]<br \/>\n[\/vc_column_text][\/vc_column][\/vc_row]<\/p>\n<\/div>","protected":false},"excerpt":{"rendered":"<p>[vc_row][vc_column width=&#8221;1\/1&#8243;][vc_column_text][vc_empty_space height=&#8221;20&#8243;] Referencia bibliogr\u00e1fica LOZANO TORRES, Ignacio Alberto (2016): \u00abMujeres de ETA. Lectura de sus representaciones en el discurso\u00bb, Cuestiones de g\u00e9nero: de la igualdad y la diferencia, n\u00ba&hellip;<\/p>\n","protected":false},"author":1,"featured_media":0,"parent":0,"menu_order":0,"comment_status":"closed","ping_status":"closed","template":"","meta":{"om_disable_all_campaigns":false,"_monsterinsights_skip_tracking":false,"_monsterinsights_sitenote_active":false,"_monsterinsights_sitenote_note":"","_monsterinsights_sitenote_category":0,"_uf_show_specific_survey":0,"_uf_disable_surveys":false,"_vp_format_video_url":"","_vp_image_focal_point":[],"_vp_custom_popup_image":0,"_vp_format_audio_url":"","_vp_custom_thumbnail":0,"_vp_custom_thumbnail_focal_point":[],"_vp_hover_thumbnail":0,"_vp_hover_thumbnail_focal_point":[],"footnotes":""},"class_list":["post-9272","page","type-page","status-publish","hentry"],"aioseo_notices":[],"_links":{"self":[{"href":"https:\/\/www.arovite.com\/es\/wp-json\/wp\/v2\/pages\/9272","targetHints":{"allow":["GET"]}}],"collection":[{"href":"https:\/\/www.arovite.com\/es\/wp-json\/wp\/v2\/pages"}],"about":[{"href":"https:\/\/www.arovite.com\/es\/wp-json\/wp\/v2\/types\/page"}],"author":[{"embeddable":true,"href":"https:\/\/www.arovite.com\/es\/wp-json\/wp\/v2\/users\/1"}],"replies":[{"embeddable":true,"href":"https:\/\/www.arovite.com\/es\/wp-json\/wp\/v2\/comments?post=9272"}],"version-history":[{"count":2,"href":"https:\/\/www.arovite.com\/es\/wp-json\/wp\/v2\/pages\/9272\/revisions"}],"predecessor-version":[{"id":9276,"href":"https:\/\/www.arovite.com\/es\/wp-json\/wp\/v2\/pages\/9272\/revisions\/9276"}],"wp:attachment":[{"href":"https:\/\/www.arovite.com\/es\/wp-json\/wp\/v2\/media?parent=9272"}],"curies":[{"name":"wp","href":"https:\/\/api.w.org\/{rel}","templated":true}]}}