{"id":9206,"date":"2019-01-14T17:11:33","date_gmt":"2019-01-14T17:11:33","guid":{"rendered":"http:\/\/www.arovite.com\/?page_id=9206\/"},"modified":"2019-01-14T17:11:33","modified_gmt":"2019-01-14T17:11:33","slug":"uriarte-romero-eduardo-2017","status":"publish","type":"page","link":"https:\/\/www.arovite.com\/es\/uriarte-romero-eduardo-2017\/","title":{"rendered":"URIARTE ROMERO, Eduardo (2017)"},"content":{"rendered":"<div class=\"wpb-content-wrapper\"><p>[vc_row][vc_column width=&#8221;1\/1&#8243;][vc_column_text][vc_empty_space height=&#8221;20&#8243;]<br \/>\n<strong>Referencia bibliogr\u00e1fica<\/strong><br \/>\nURIARTE ROMERO, Eduardo (2017): <em>El Tratamiento period\u00edstico de ETA bajo el Franquismo 1964-1975<\/em>. Tesis doctoral in\u00e9dita defendida en 1998.<\/p>\n<p><a class=\"button blue medium \"href=\"https:\/\/gaizkafernandez.files.wordpress.com\/2018\/07\/tesis-completa.pdf\" target=\"_blank\">Consultar PDF<\/a>[vc_empty_space height=&#8221;10&#8243;]<br \/>\n<strong>Resumen<\/strong><br \/>\nInvestigaci\u00f3n hist\u00f3rica sobre la informaci\u00f3n concedida a ETA en la prensa escrita bajo el r\u00e9gimen autoritario del general Franco, en un periodo en el que los medios de comunicaci\u00f3n en general padecen un estrecho control pol\u00edtico. La investigaci\u00f3n se sostiene sobre nueve momentos informativos que jalonan esta d\u00e9cada. Dichos momentos han sido elegidos en funci\u00f3n del espacio concedido, la ruptura con el comportamiento period\u00edstico anterior, y la transcendencia del hecho informado. Se procede a trav\u00e9s del an\u00e1lisis cualitativo y cuantitativo de los textos, principalmente en tres diarios: \u201cEl Correo Espa\u00f1ol. El Pueblo Vasco, \u201cABC\u201d, y \u201cLa Vanguardia Espa\u00f1ola\u201d, al descubrimiento del discurso utilizado y a la comprobaci\u00f3n de la hip\u00f3tesis fundamental: La manipulaci\u00f3n desde el poder pol\u00edtico de la informaci\u00f3n sobre ETA con el objetivo frustrado del reforzamiento y supervivencia de \u00e9ste. Las conclusiones configuran tres fases a lo largo del periodo: I- La manipulaci\u00f3n informativa sobre ETA la erige en adversario en un ejercicio de difamaci\u00f3n de la realidad. II- Constituida en adversario real se la privilegia como tema informativo. III- El poder pol\u00edtico silencia a la prensa en septiembre de 1975 ante las consecuencias generadas por ETA, constituida en una importante amenaza. La manipulaci\u00f3n informativa resulta adversa al r\u00e9gimen.<br \/>\n[vc_empty_space height=&#8221;10&#8243;]<br \/>\n<strong>Autor<\/strong><br \/>\nEduardo Uriarte Romero. <a title=\"Dialnet\" href=\"https:\/\/dialnet.unirioja.es\/servlet\/autor?codigo=814267\" target=\"_blank\">P\u00e1gina del autor en Dialnet.<\/a><br \/>\n[vc_empty_space height=&#8221;10&#8243;]<br \/>\n<strong>Tipo de documento<\/strong><br \/>\nTesis doctoral<br \/>\n[vc_empty_space height=&#8221;10&#8243;]<br \/>\n[\/vc_column_text][\/vc_column][\/vc_row]<\/p>\n<\/div>","protected":false},"excerpt":{"rendered":"<p>[vc_row][vc_column width=&#8221;1\/1&#8243;][vc_column_text][vc_empty_space height=&#8221;20&#8243;] Referencia bibliogr\u00e1fica URIARTE ROMERO, Eduardo (2017): El Tratamiento period\u00edstico de ETA bajo el Franquismo 1964-1975. Tesis doctoral in\u00e9dita defendida en 1998. Consultar PDF[vc_empty_space height=&#8221;10&#8243;] Resumen Investigaci\u00f3n hist\u00f3rica&hellip;<\/p>\n","protected":false},"author":1,"featured_media":0,"parent":0,"menu_order":0,"comment_status":"closed","ping_status":"closed","template":"","meta":{"om_disable_all_campaigns":false,"_monsterinsights_skip_tracking":false,"_monsterinsights_sitenote_active":false,"_monsterinsights_sitenote_note":"","_monsterinsights_sitenote_category":0,"_uf_show_specific_survey":0,"_uf_disable_surveys":false,"_vp_format_video_url":"","_vp_image_focal_point":[],"_vp_custom_popup_image":0,"_vp_format_audio_url":"","_vp_custom_thumbnail":0,"_vp_custom_thumbnail_focal_point":[],"_vp_hover_thumbnail":0,"_vp_hover_thumbnail_focal_point":[],"footnotes":""},"class_list":["post-9206","page","type-page","status-publish","hentry"],"aioseo_notices":[],"_links":{"self":[{"href":"https:\/\/www.arovite.com\/es\/wp-json\/wp\/v2\/pages\/9206","targetHints":{"allow":["GET"]}}],"collection":[{"href":"https:\/\/www.arovite.com\/es\/wp-json\/wp\/v2\/pages"}],"about":[{"href":"https:\/\/www.arovite.com\/es\/wp-json\/wp\/v2\/types\/page"}],"author":[{"embeddable":true,"href":"https:\/\/www.arovite.com\/es\/wp-json\/wp\/v2\/users\/1"}],"replies":[{"embeddable":true,"href":"https:\/\/www.arovite.com\/es\/wp-json\/wp\/v2\/comments?post=9206"}],"version-history":[{"count":2,"href":"https:\/\/www.arovite.com\/es\/wp-json\/wp\/v2\/pages\/9206\/revisions"}],"predecessor-version":[{"id":9210,"href":"https:\/\/www.arovite.com\/es\/wp-json\/wp\/v2\/pages\/9206\/revisions\/9210"}],"wp:attachment":[{"href":"https:\/\/www.arovite.com\/es\/wp-json\/wp\/v2\/media?parent=9206"}],"curies":[{"name":"wp","href":"https:\/\/api.w.org\/{rel}","templated":true}]}}