{"id":8936,"date":"2018-01-08T19:24:02","date_gmt":"2018-01-08T19:24:02","guid":{"rendered":"http:\/\/www.arovite.com\/?page_id=8936\/"},"modified":"2018-01-08T19:24:02","modified_gmt":"2018-01-08T19:24:02","slug":"jimenez-ramos-maria-2017","status":"publish","type":"page","link":"https:\/\/www.arovite.com\/es\/jimenez-ramos-maria-2017\/","title":{"rendered":"JIM\u00c9NEZ RAMOS, Mar\u00eda (2017)"},"content":{"rendered":"<div class=\"wpb-content-wrapper\"><p>[vc_row][vc_column width=&#8221;1\/1&#8243;][vc_column_text][vc_empty_space height=&#8221;20&#8243;]<br \/>\n<strong>Referencia bibliogr\u00e1fica<\/strong><br \/>\nJIM\u00c9NEZ RAMOS, Mar\u00eda (2017): \u00abEscribir sobre las v\u00edctimas: la bibliograf\u00eda dedicada a los asesinados por ETA\u00bb, <em>e-Eguskilore<\/em>, n\u00ba 2, pp. 1-53.<\/p>\n<p><a class=\"button blue medium \"href=\" http:\/\/www.ehu.eus\/ojs\/index.php\/eguzkilore\/article\/view\/18131\" target=\"_blank\">Consultar PDF<\/a>[vc_empty_space height=&#8221;10&#8243;]<br \/>\n<strong>Resumen<\/strong><br \/>\nEl presente art\u00edculo traza un recorrido sobre la bibliograf\u00eda publicada en torno a las v\u00edctimas de la banda terrorista ETA desde los inicios de su actividad armada en 1968 hasta el anuncio del final de la violencia en 2011. La investigaci\u00f3n distingue tres perfiles de autores (las propias v\u00edctimas; periodistas, escritores e intelectuales; e investigadores del \u00e1mbito acad\u00e9mico) cuyas obras se reparten en cuatro per\u00edodos marcados por el silencio sobre los damnificados (1968-1994), las primeras publicaciones con las v\u00edctimas como protagonistas (1995-1999), la reivindicaci\u00f3n intelectual de las v\u00edctimas en paralelo a las movilizaciones sociales contra el terrorismo de ETA (2000-2004) y el auge de los trabajos sobre las v\u00edctimas durante los \u00faltimos a\u00f1os de actividad terrorista (2005-2011). Considerando que los autores que firmaban estas obras se pon\u00edan de forma consciente y voluntaria en la diana de la organizaci\u00f3n terrorista, este art\u00edculo trata de entender qu\u00e9 motivos los llevaron a posicionarse p\u00fablicamente contra ETA y qu\u00e9 consecuencias tuvo esta decisi\u00f3n en sus vidas. Para ello, se ha entrevistado a tres de los autores de algunas de las obras m\u00e1s relevantes sobre las v\u00edctimas: el periodista Jos\u00e9 Mar\u00eda Calleja, la crimin\u00f3loga y v\u00edctima de ETA Cristina Cuesta y la tambi\u00e9n v\u00edctima del terrorismo, pol\u00edtica y activista Maite Pagazaurtund\u00faa.<br \/>\n[vc_empty_space height=&#8221;10&#8243;]<br \/>\n<strong>Autor<\/strong><br \/>\nMar\u00eda Jim\u00e9nez Ramos. <a title=\"Dialnet\" href=\" https:\/\/dialnet.unirioja.es\/servlet\/autor?codigo=2150839\" target=\"_blank\">P\u00e1gina del autor en Dialnet.<\/a><br \/>\n[vc_empty_space height=&#8221;10&#8243;]<br \/>\n<strong>Tipo de documento<\/strong><br \/>\nArt\u00edculo<br \/>\n[vc_empty_space height=&#8221;10&#8243;]<br \/>\n[\/vc_column_text][\/vc_column][\/vc_row]\u2003<\/p>\n<\/div>","protected":false},"excerpt":{"rendered":"<p>[vc_row][vc_column width=&#8221;1\/1&#8243;][vc_column_text][vc_empty_space height=&#8221;20&#8243;] Referencia bibliogr\u00e1fica JIM\u00c9NEZ RAMOS, Mar\u00eda (2017): \u00abEscribir sobre las v\u00edctimas: la bibliograf\u00eda dedicada a los asesinados por ETA\u00bb, e-Eguskilore, n\u00ba 2, pp. 1-53. Consultar PDF[vc_empty_space height=&#8221;10&#8243;] Resumen&hellip;<\/p>\n","protected":false},"author":1,"featured_media":0,"parent":0,"menu_order":0,"comment_status":"closed","ping_status":"closed","template":"","meta":{"om_disable_all_campaigns":false,"_monsterinsights_skip_tracking":false,"_monsterinsights_sitenote_active":false,"_monsterinsights_sitenote_note":"","_monsterinsights_sitenote_category":0,"_uf_show_specific_survey":0,"_uf_disable_surveys":false,"_vp_format_video_url":"","_vp_image_focal_point":[],"_vp_custom_popup_image":0,"_vp_format_audio_url":"","_vp_custom_thumbnail":0,"_vp_custom_thumbnail_focal_point":[],"_vp_hover_thumbnail":0,"_vp_hover_thumbnail_focal_point":[],"footnotes":""},"class_list":["post-8936","page","type-page","status-publish","hentry"],"aioseo_notices":[],"_links":{"self":[{"href":"https:\/\/www.arovite.com\/es\/wp-json\/wp\/v2\/pages\/8936","targetHints":{"allow":["GET"]}}],"collection":[{"href":"https:\/\/www.arovite.com\/es\/wp-json\/wp\/v2\/pages"}],"about":[{"href":"https:\/\/www.arovite.com\/es\/wp-json\/wp\/v2\/types\/page"}],"author":[{"embeddable":true,"href":"https:\/\/www.arovite.com\/es\/wp-json\/wp\/v2\/users\/1"}],"replies":[{"embeddable":true,"href":"https:\/\/www.arovite.com\/es\/wp-json\/wp\/v2\/comments?post=8936"}],"version-history":[{"count":1,"href":"https:\/\/www.arovite.com\/es\/wp-json\/wp\/v2\/pages\/8936\/revisions"}],"predecessor-version":[{"id":8937,"href":"https:\/\/www.arovite.com\/es\/wp-json\/wp\/v2\/pages\/8936\/revisions\/8937"}],"wp:attachment":[{"href":"https:\/\/www.arovite.com\/es\/wp-json\/wp\/v2\/media?parent=8936"}],"curies":[{"name":"wp","href":"https:\/\/api.w.org\/{rel}","templated":true}]}}