{"id":8452,"date":"2017-06-12T16:11:24","date_gmt":"2017-06-12T16:11:24","guid":{"rendered":"http:\/\/www.arovite.com\/?page_id=8452\/"},"modified":"2017-06-14T14:20:04","modified_gmt":"2017-06-14T14:20:04","slug":"lopez-romo-raul-2016","status":"publish","type":"page","link":"https:\/\/www.arovite.com\/es\/lopez-romo-raul-2016\/","title":{"rendered":"L\u00d3PEZ ROMO, Ra\u00fal (2016)"},"content":{"rendered":"<div class=\"wpb-content-wrapper\"><p>[vc_row][vc_column width=&#8221;1\/1&#8243;][vc_column_text][vc_empty_space height=&#8221;20&#8243;]<br \/>\n<strong>Referencia bibliogr\u00e1fica<\/strong><br \/>\nL\u00d3PEZ ROMO, Ra\u00fal (2016): \u00abAROVITE. Puesta en marcha, gesti\u00f3n y perspectivas del Archivo Online sobre la Violencia Terrorista en Euskadi\u00bb, <em>Bolet\u00edn ANABAD<\/em>, n\u00ba 2, pp. 171-192.<\/p>\n<p><a class=\"button blue medium \"href=\"http:\/\/www.arovite.com\/documentos\/2016_Lopez_Romo.pdf\" target=\"_blank\">Consultar PDF<\/a>[vc_empty_space height=&#8221;10&#8243;]<br \/>\n<strong>Resumen<\/strong><br \/>\nEste art\u00edculo da cuenta de la puesta en marcha, la gesti\u00f3n y las perspectivas de futuro del Archivo Online sobre la Violencia Terrorista en Euskadi. Esta iniciativa ha sido concebida y desarrollada por el autor, contando con el respaldo acad\u00e9mico del Instituto de Historia Social Valent\u00edn de Foronda, de la Universidad del Pa\u00eds Vasco, y con la financiaci\u00f3n del Gobierno Vasco. A lo largo de las siguientes p\u00e1ginas se expondr\u00e1n las cuestiones de partida, los problemas y las soluciones que se han ido dando a lo largo de las diferentes fases de trabajo.<br \/>\n[vc_empty_space height=&#8221;10&#8243;]<br \/>\n<strong>Autor<\/strong><br \/>\nRa\u00fal L\u00f3pez Romo. <a title=\"Dialnet\" href=\"https:\/\/dialnet.unirioja.es\/servlet\/autor?codigo=2165020\" target=\"_blank\">P\u00e1gina del autor en Dialnet.<\/a><br \/>\n[vc_empty_space height=&#8221;10&#8243;]<br \/>\n<strong>Tipo de documento<\/strong><br \/>\nArt\u00edculo<br \/>\n[vc_empty_space height=&#8221;10&#8243;]<br \/>\n<a title=\"Dialnet\" href=\"https:\/\/www.academia.edu\/31888083\/_AROVITE._Puesta_en_marcha_gesti%C3%B3n_y_perspectivas_del_Archivo_Online_sobre_la_Violencia_Terrorista_en_Euskadi_Bolet%C3%ADn_de_la_ANABAD_tomo_66_2_2016_pp._171-192\" target=\"_blank\"><strong>Enlace alternativo<\/strong><\/a><br \/>\n[vc_empty_space height=&#8221;10&#8243;]<br \/>\n[\/vc_column_text][\/vc_column][\/vc_row]<\/p>\n<\/div>","protected":false},"excerpt":{"rendered":"<p>[vc_row][vc_column width=&#8221;1\/1&#8243;][vc_column_text][vc_empty_space height=&#8221;20&#8243;] Referencia bibliogr\u00e1fica L\u00d3PEZ ROMO, Ra\u00fal (2016): \u00abAROVITE. Puesta en marcha, gesti\u00f3n y perspectivas del Archivo Online sobre la Violencia Terrorista en Euskadi\u00bb, Bolet\u00edn ANABAD, n\u00ba 2, pp.&hellip;<\/p>\n","protected":false},"author":1,"featured_media":0,"parent":0,"menu_order":0,"comment_status":"open","ping_status":"open","template":"","meta":{"om_disable_all_campaigns":false,"_monsterinsights_skip_tracking":false,"_monsterinsights_sitenote_active":false,"_monsterinsights_sitenote_note":"","_monsterinsights_sitenote_category":0,"_uf_show_specific_survey":0,"_uf_disable_surveys":false,"_vp_format_video_url":"","_vp_image_focal_point":[],"_vp_custom_popup_image":0,"_vp_format_audio_url":"","_vp_custom_thumbnail":0,"_vp_custom_thumbnail_focal_point":[],"_vp_hover_thumbnail":0,"_vp_hover_thumbnail_focal_point":[],"footnotes":""},"class_list":["post-8452","page","type-page","status-publish","hentry"],"aioseo_notices":[],"_links":{"self":[{"href":"https:\/\/www.arovite.com\/es\/wp-json\/wp\/v2\/pages\/8452","targetHints":{"allow":["GET"]}}],"collection":[{"href":"https:\/\/www.arovite.com\/es\/wp-json\/wp\/v2\/pages"}],"about":[{"href":"https:\/\/www.arovite.com\/es\/wp-json\/wp\/v2\/types\/page"}],"author":[{"embeddable":true,"href":"https:\/\/www.arovite.com\/es\/wp-json\/wp\/v2\/users\/1"}],"replies":[{"embeddable":true,"href":"https:\/\/www.arovite.com\/es\/wp-json\/wp\/v2\/comments?post=8452"}],"version-history":[{"count":3,"href":"https:\/\/www.arovite.com\/es\/wp-json\/wp\/v2\/pages\/8452\/revisions"}],"predecessor-version":[{"id":8512,"href":"https:\/\/www.arovite.com\/es\/wp-json\/wp\/v2\/pages\/8452\/revisions\/8512"}],"wp:attachment":[{"href":"https:\/\/www.arovite.com\/es\/wp-json\/wp\/v2\/media?parent=8452"}],"curies":[{"name":"wp","href":"https:\/\/api.w.org\/{rel}","templated":true}]}}