{"id":8439,"date":"2017-06-12T16:05:15","date_gmt":"2017-06-12T16:05:15","guid":{"rendered":"http:\/\/www.arovite.com\/?page_id=8439\/"},"modified":"2017-06-12T16:07:36","modified_gmt":"2017-06-12T16:07:36","slug":"gobierno-de-navarra-2014","status":"publish","type":"page","link":"https:\/\/www.arovite.com\/es\/gobierno-de-navarra-2014\/","title":{"rendered":"GOBIERNO DE NAVARRA (2014)"},"content":{"rendered":"<div class=\"wpb-content-wrapper\"><p>[vc_row][vc_column width=&#8221;1\/1&#8243;][vc_column_text][vc_empty_space height=&#8221;20&#8243;]<br \/>\n<strong>Referencia bibliogr\u00e1fica<\/strong><br \/>\nGOBIERNO DE NAVARRA (2014): <em>Convivencia en paz y terrorismo: un tema de hoy<\/em>. Gobierno de Navarra.<\/p>\n<p><a class=\"button blue medium \"href=\"http:\/\/www.arovite.com\/documentos\/2014_Gobierno_Navarra.pdf \" target=\"_blank\">Consultar PDF<\/a>[vc_empty_space height=&#8221;10&#8243;]<br \/>\n<strong>Resumen<\/strong><br \/>\nEl Departamento de Educaci\u00f3n del Gobierno de Navarra, ha dise\u00f1ado el presente programa educativo, que se ofrece a los centros escolares de nuestra Comunidad Foral para fomentar los valores de la convivencia pac\u00edfica y democr\u00e1tica frente al terrorismo y para concienciar a los j\u00f3venes del valor de la palabra como medio y forma de defender democr\u00e1ticamente las ideas.<br \/>\n[vc_empty_space height=&#8221;10&#8243;]<br \/>\n<strong>Tipo de documento<\/strong><br \/>\nUnidad did\u00e1ctica<br \/>\n[vc_empty_space height=&#8221;10&#8243;]<br \/>\n[\/vc_column_text][\/vc_column][\/vc_row]<\/p>\n<\/div>","protected":false},"excerpt":{"rendered":"<p>[vc_row][vc_column width=&#8221;1\/1&#8243;][vc_column_text][vc_empty_space height=&#8221;20&#8243;] Referencia bibliogr\u00e1fica GOBIERNO DE NAVARRA (2014): Convivencia en paz y terrorismo: un tema de hoy. Gobierno de Navarra. Consultar PDF[vc_empty_space height=&#8221;10&#8243;] Resumen El Departamento de Educaci\u00f3n del&hellip;<\/p>\n","protected":false},"author":1,"featured_media":0,"parent":0,"menu_order":0,"comment_status":"open","ping_status":"open","template":"","meta":{"om_disable_all_campaigns":false,"_monsterinsights_skip_tracking":false,"_monsterinsights_sitenote_active":false,"_monsterinsights_sitenote_note":"","_monsterinsights_sitenote_category":0,"_uf_show_specific_survey":0,"_uf_disable_surveys":false,"_vp_format_video_url":"","_vp_image_focal_point":[],"_vp_custom_popup_image":0,"_vp_format_audio_url":"","_vp_custom_thumbnail":0,"_vp_custom_thumbnail_focal_point":[],"_vp_hover_thumbnail":0,"_vp_hover_thumbnail_focal_point":[],"footnotes":""},"class_list":["post-8439","page","type-page","status-publish","hentry"],"aioseo_notices":[],"_links":{"self":[{"href":"https:\/\/www.arovite.com\/es\/wp-json\/wp\/v2\/pages\/8439","targetHints":{"allow":["GET"]}}],"collection":[{"href":"https:\/\/www.arovite.com\/es\/wp-json\/wp\/v2\/pages"}],"about":[{"href":"https:\/\/www.arovite.com\/es\/wp-json\/wp\/v2\/types\/page"}],"author":[{"embeddable":true,"href":"https:\/\/www.arovite.com\/es\/wp-json\/wp\/v2\/users\/1"}],"replies":[{"embeddable":true,"href":"https:\/\/www.arovite.com\/es\/wp-json\/wp\/v2\/comments?post=8439"}],"version-history":[{"count":2,"href":"https:\/\/www.arovite.com\/es\/wp-json\/wp\/v2\/pages\/8439\/revisions"}],"predecessor-version":[{"id":8445,"href":"https:\/\/www.arovite.com\/es\/wp-json\/wp\/v2\/pages\/8439\/revisions\/8445"}],"wp:attachment":[{"href":"https:\/\/www.arovite.com\/es\/wp-json\/wp\/v2\/media?parent=8439"}],"curies":[{"name":"wp","href":"https:\/\/api.w.org\/{rel}","templated":true}]}}