{"id":8393,"date":"2017-06-12T15:43:07","date_gmt":"2017-06-12T15:43:07","guid":{"rendered":"http:\/\/www.arovite.com\/?page_id=8393\/"},"modified":"2023-10-07T10:14:46","modified_gmt":"2023-10-07T10:14:46","slug":"de-pablo-santiago-y-rivera-antonio-2006","status":"publish","type":"page","link":"https:\/\/www.arovite.com\/es\/de-pablo-santiago-y-rivera-antonio-2006\/","title":{"rendered":"DE PABLO, Santiago y RIVERA, Antonio (2006)"},"content":{"rendered":"<div class=\"wpb-content-wrapper\"><p>[vc_row][vc_column width=&#8221;1\/1&#8243;][vc_column_text][vc_empty_space height=&#8221;20&#8243;]<br \/>\n<strong>Referencia bibliogr\u00e1fica<\/strong><br \/>\nDE PABLO, Santiago y RIVERA, Antonio (2006): <em>Afiches. Paredes con Historia, 1975-1990.<\/em> Vitoria-Gasteiz: Fundaci\u00f3n Sancho el Sabio.<\/p>\n<p><a class=\"button blue medium \" href=\"http:\/\/www.memoriadigitalvasca.es\/applet\/libros\/JPG\/222167\/222167.pdf\" target=\"_blank\" rel=\"noopener\">Consultar PDF<\/a>[vc_empty_space height=&#8221;10&#8243;]<br \/>\n<strong>Resumen<\/strong><br \/>\nLa exposici\u00f3n <em>Afiches: paredes con historia 1975-1990<\/em> presenta una selecci\u00f3n de carteles, pertenecientes al fondo documental de la Fundaci\u00f3n Sancho el Sabio, que repasan y resumen los a\u00f1os de transici\u00f3n de la dictadura a la democracia en el Pa\u00eds Vasco. Historia cercana que ha dejado estas im\u00e1genes o avisos que se pegaban en las paredes, que hoy nos recuerdan hechos conocidos, elecciones pasadas y problemas pendientes, que muestran gr\u00e1ficamente la complejidad pol\u00edtica, sindical y social que se vivi\u00f3 en dichos a\u00f1os.<br \/>\n[vc_empty_space height=&#8221;10&#8243;]<br \/>\n<strong>Laburpena<\/strong><br \/>\n<em>Afixak: hormak bete historia, 1975-1990<\/em> izeneko erakusketan, Sancho el Sabio Fundazioaren dokumentu-fondoko kartel sorta bat bildu da. Kartel sorta horren bidez, diktaduratik demokraziarako trantsizioan Euskadin bizi izan ziren urteen berrikuspena eta laburpena eskaintzen da. Gure historia hurbila da, hormetan itsasten ziren irudi eta ohar haiek utzi dizkigun historia, hain zuzen ere ezagutzen ditugun gertakizunak, bizi izandako hauteskundeak eta oraindik ere konpondu gabe dauden arazoak gogora ekartzen dizkigun historia. Laburbilduz, irudi eta ohar horiek urte haietan politikaren, sindikatuen eta gizartearen arloan bizi izandako konplexutasunaren erakusgarri dira.<br \/>\n[vc_empty_space height=&#8221;10&#8243;]<br \/>\n<strong>Autor<\/strong><br \/>\nSantiago de Pablo. <a title=\"Dialnet\" href=\"https:\/\/dialnet.unirioja.es\/servlet\/autor?codigo=620836\" target=\"_blank\" rel=\"noopener\">P\u00e1gina del autor en Dialnet.<\/a><br \/>\nAntonio Rivera. <a title=\"Dialnet\" href=\"https:\/\/dialnet.unirioja.es\/servlet\/autor?codigo=4180305\" target=\"_blank\" rel=\"noopener\">P\u00e1gina del autor en Dialnet.<\/a><br \/>\n[vc_empty_space height=&#8221;10&#8243;]<br \/>\n<strong>Tipo de documento<\/strong><br \/>\nLibro<br \/>\n[vc_empty_space height=&#8221;10&#8243;]<br \/>\n[\/vc_column_text][\/vc_column][\/vc_row]<\/p>\n<\/div>","protected":false},"excerpt":{"rendered":"<p>[vc_row][vc_column width=&#8221;1\/1&#8243;][vc_column_text][vc_empty_space height=&#8221;20&#8243;] Referencia bibliogr\u00e1fica DE PABLO, Santiago y RIVERA, Antonio (2006): Afiches. Paredes con Historia, 1975-1990. Vitoria-Gasteiz: Fundaci\u00f3n Sancho el Sabio. Consultar PDF[vc_empty_space height=&#8221;10&#8243;] Resumen La exposici\u00f3n Afiches: paredes&hellip;<\/p>\n","protected":false},"author":1,"featured_media":0,"parent":0,"menu_order":0,"comment_status":"open","ping_status":"open","template":"","meta":{"om_disable_all_campaigns":false,"_monsterinsights_skip_tracking":false,"_monsterinsights_sitenote_active":false,"_monsterinsights_sitenote_note":"","_monsterinsights_sitenote_category":0,"_uf_show_specific_survey":0,"_uf_disable_surveys":false,"_vp_format_video_url":"","_vp_image_focal_point":[],"_vp_custom_popup_image":0,"_vp_format_audio_url":"","_vp_custom_thumbnail":0,"_vp_custom_thumbnail_focal_point":[],"_vp_hover_thumbnail":0,"_vp_hover_thumbnail_focal_point":[],"footnotes":""},"class_list":["post-8393","page","type-page","status-publish","hentry"],"aioseo_notices":[],"_links":{"self":[{"href":"https:\/\/www.arovite.com\/es\/wp-json\/wp\/v2\/pages\/8393","targetHints":{"allow":["GET"]}}],"collection":[{"href":"https:\/\/www.arovite.com\/es\/wp-json\/wp\/v2\/pages"}],"about":[{"href":"https:\/\/www.arovite.com\/es\/wp-json\/wp\/v2\/types\/page"}],"author":[{"embeddable":true,"href":"https:\/\/www.arovite.com\/es\/wp-json\/wp\/v2\/users\/1"}],"replies":[{"embeddable":true,"href":"https:\/\/www.arovite.com\/es\/wp-json\/wp\/v2\/comments?post=8393"}],"version-history":[{"count":4,"href":"https:\/\/www.arovite.com\/es\/wp-json\/wp\/v2\/pages\/8393\/revisions"}],"predecessor-version":[{"id":18286,"href":"https:\/\/www.arovite.com\/es\/wp-json\/wp\/v2\/pages\/8393\/revisions\/18286"}],"wp:attachment":[{"href":"https:\/\/www.arovite.com\/es\/wp-json\/wp\/v2\/media?parent=8393"}],"curies":[{"name":"wp","href":"https:\/\/api.w.org\/{rel}","templated":true}]}}