{"id":8365,"date":"2017-06-12T15:32:30","date_gmt":"2017-06-12T15:32:30","guid":{"rendered":"http:\/\/www.arovite.com\/?page_id=8365\/"},"modified":"2023-06-07T10:28:42","modified_gmt":"2023-06-07T10:28:42","slug":"arteta-aurelio-2009","status":"publish","type":"page","link":"https:\/\/www.arovite.com\/es\/arteta-aurelio-2009\/","title":{"rendered":"ARTETA, Aurelio (2009)"},"content":{"rendered":"<div class=\"wpb-content-wrapper\"><p>[vc_row][vc_column width=&#8221;1\/1&#8243;][vc_column_text][vc_empty_space height=&#8221;20&#8243;]<br \/>\n<strong>Referencia bibliogr\u00e1fica<\/strong><br \/>\nARTETA, Aurelio (2009): \u00abResponsabilidad ante las v\u00edctimas: medios, fines y omisi\u00f3n\u00bb, <em>Jornada sobre Memoria, Derecho y Terrorismo.<\/em> Zaragoza: Fundaci\u00f3n Manuel Gim\u00e9nez Abad de Estudios Parlamentarios y del Estado Auton\u00f3mico.<\/p>\n<p><a class=\"button blue medium \" href=\"https:\/\/dialnet.unirioja.es\/servlet\/articulo?codigo=5744647\" target=\"_blank\" rel=\"noopener\">Consultar PDF<\/a>[vc_empty_space height=&#8221;10&#8243;]<br \/>\n<strong>Resumen<\/strong><br \/>\nEn esta conferencia Aurelio Arteta plantea algunas reflexiones sobre la responsabilidad de los medios de comunicaci\u00f3n y de la sociedad en general para con las v\u00edctimas del terrorismo.<br \/>\n[vc_empty_space height=&#8221;10&#8243;]<br \/>\n<strong>Autor<\/strong><br \/>\nAurelio Arteta. <a title=\"Dialnet\" href=\"https:\/\/dialnet.unirioja.es\/servlet\/autor?codigo=67330\" target=\"_blank\" rel=\"noopener\">P\u00e1gina del autor en Dialnet.<\/a><br \/>\n[vc_empty_space height=&#8221;10&#8243;]<br \/>\n<strong>Tipo de documento<\/strong><br \/>\nConferencia<br \/>\n[vc_empty_space height=&#8221;10&#8243;]<br \/>\n[\/vc_column_text][\/vc_column][\/vc_row]<\/p>\n<\/div>","protected":false},"excerpt":{"rendered":"<p>[vc_row][vc_column width=&#8221;1\/1&#8243;][vc_column_text][vc_empty_space height=&#8221;20&#8243;] Referencia bibliogr\u00e1fica ARTETA, Aurelio (2009): \u00abResponsabilidad ante las v\u00edctimas: medios, fines y omisi\u00f3n\u00bb, Jornada sobre Memoria, Derecho y Terrorismo. Zaragoza: Fundaci\u00f3n Manuel Gim\u00e9nez Abad de Estudios Parlamentarios&hellip;<\/p>\n","protected":false},"author":1,"featured_media":0,"parent":0,"menu_order":0,"comment_status":"open","ping_status":"open","template":"","meta":{"om_disable_all_campaigns":false,"_monsterinsights_skip_tracking":false,"_monsterinsights_sitenote_active":false,"_monsterinsights_sitenote_note":"","_monsterinsights_sitenote_category":0,"_uf_show_specific_survey":0,"_uf_disable_surveys":false,"_vp_format_video_url":"","_vp_image_focal_point":[],"_vp_custom_popup_image":0,"_vp_format_audio_url":"","_vp_custom_thumbnail":0,"_vp_custom_thumbnail_focal_point":[],"_vp_hover_thumbnail":0,"_vp_hover_thumbnail_focal_point":[],"footnotes":""},"class_list":["post-8365","page","type-page","status-publish","hentry"],"aioseo_notices":[],"_links":{"self":[{"href":"https:\/\/www.arovite.com\/es\/wp-json\/wp\/v2\/pages\/8365","targetHints":{"allow":["GET"]}}],"collection":[{"href":"https:\/\/www.arovite.com\/es\/wp-json\/wp\/v2\/pages"}],"about":[{"href":"https:\/\/www.arovite.com\/es\/wp-json\/wp\/v2\/types\/page"}],"author":[{"embeddable":true,"href":"https:\/\/www.arovite.com\/es\/wp-json\/wp\/v2\/users\/1"}],"replies":[{"embeddable":true,"href":"https:\/\/www.arovite.com\/es\/wp-json\/wp\/v2\/comments?post=8365"}],"version-history":[{"count":4,"href":"https:\/\/www.arovite.com\/es\/wp-json\/wp\/v2\/pages\/8365\/revisions"}],"predecessor-version":[{"id":17797,"href":"https:\/\/www.arovite.com\/es\/wp-json\/wp\/v2\/pages\/8365\/revisions\/17797"}],"wp:attachment":[{"href":"https:\/\/www.arovite.com\/es\/wp-json\/wp\/v2\/media?parent=8365"}],"curies":[{"name":"wp","href":"https:\/\/api.w.org\/{rel}","templated":true}]}}