{"id":8359,"date":"2017-06-12T15:30:14","date_gmt":"2017-06-12T15:30:14","guid":{"rendered":"http:\/\/www.arovite.com\/?page_id=8359\/"},"modified":"2017-06-14T14:25:29","modified_gmt":"2017-06-14T14:25:29","slug":"arteta-aurelio-2004","status":"publish","type":"page","link":"https:\/\/www.arovite.com\/es\/arteta-aurelio-2004\/","title":{"rendered":"ARTETA, Aurelio (2004)"},"content":{"rendered":"<div class=\"wpb-content-wrapper\"><p>[vc_row][vc_column width=&#8221;1\/1&#8243;][vc_column_text][vc_empty_space height=&#8221;20&#8243;]<br \/>\n<strong>Referencia bibliogr\u00e1fica<\/strong><br \/>\nARTETA, Aurelio (2004): \u00abEuskadi: verdugos, c\u00f3mplices y v\u00edctimas\u00bb, <em>Araucaria<\/em>, n\u00ba 11, pp. 1-15.<\/p>\n<p><a class=\"button blue medium \"href=\"https:\/\/dialnet.unirioja.es\/servlet\/articulo?codigo=917418\" target=\"_blank\">Consultar PDF<\/a>[vc_empty_space height=&#8221;10&#8243;]<br \/>\n<strong>Resumen<\/strong><br \/>\nEn medio del griter\u00edo reinante en la Comunidad Vasca y en Espa\u00f1a en general (desde el llamado <em>plan Ibarretxe<\/em> hasta la tregua territorialmente selectiva declarada por ETA), conviene volverse hacia las v\u00edctimas del terrorismo, porque sus voces calladas nos ayudar\u00e1n a mantener el rumbo. Animado por esa presunci\u00f3n, tal vez al lector le interesen estas tres recientes reflexiones que aqu\u00ed me he permitido reunir.<br \/>\n[vc_empty_space height=&#8221;10&#8243;]<br \/>\n<strong>Autor<\/strong><br \/>\nAurelio Arteta. <a title=\"Dialnet\" href=\"https:\/\/dialnet.unirioja.es\/servlet\/autor?codigo=67330\" target=\"_blank\">P\u00e1gina del autor en Dialnet.<\/a><br \/>\n[vc_empty_space height=&#8221;10&#8243;]<br \/>\n<strong>Tipo de documento<\/strong><br \/>\nArt\u00edculo<br \/>\n[vc_empty_space height=&#8221;10&#8243;]<br \/>\n[\/vc_column_text][\/vc_column][\/vc_row]<\/p>\n<\/div>","protected":false},"excerpt":{"rendered":"<p>[vc_row][vc_column width=&#8221;1\/1&#8243;][vc_column_text][vc_empty_space height=&#8221;20&#8243;] Referencia bibliogr\u00e1fica ARTETA, Aurelio (2004): \u00abEuskadi: verdugos, c\u00f3mplices y v\u00edctimas\u00bb, Araucaria, n\u00ba 11, pp. 1-15. Consultar PDF[vc_empty_space height=&#8221;10&#8243;] Resumen En medio del griter\u00edo reinante en la Comunidad&hellip;<\/p>\n","protected":false},"author":1,"featured_media":0,"parent":0,"menu_order":0,"comment_status":"open","ping_status":"open","template":"","meta":{"om_disable_all_campaigns":false,"_monsterinsights_skip_tracking":false,"_monsterinsights_sitenote_active":false,"_monsterinsights_sitenote_note":"","_monsterinsights_sitenote_category":0,"_uf_show_specific_survey":0,"_uf_disable_surveys":false,"_vp_format_video_url":"","_vp_image_focal_point":[],"_vp_custom_popup_image":0,"_vp_format_audio_url":"","_vp_custom_thumbnail":0,"_vp_custom_thumbnail_focal_point":[],"_vp_hover_thumbnail":0,"_vp_hover_thumbnail_focal_point":[],"footnotes":""},"class_list":["post-8359","page","type-page","status-publish","hentry"],"aioseo_notices":[],"_links":{"self":[{"href":"https:\/\/www.arovite.com\/es\/wp-json\/wp\/v2\/pages\/8359","targetHints":{"allow":["GET"]}}],"collection":[{"href":"https:\/\/www.arovite.com\/es\/wp-json\/wp\/v2\/pages"}],"about":[{"href":"https:\/\/www.arovite.com\/es\/wp-json\/wp\/v2\/types\/page"}],"author":[{"embeddable":true,"href":"https:\/\/www.arovite.com\/es\/wp-json\/wp\/v2\/users\/1"}],"replies":[{"embeddable":true,"href":"https:\/\/www.arovite.com\/es\/wp-json\/wp\/v2\/comments?post=8359"}],"version-history":[{"count":3,"href":"https:\/\/www.arovite.com\/es\/wp-json\/wp\/v2\/pages\/8359\/revisions"}],"predecessor-version":[{"id":8537,"href":"https:\/\/www.arovite.com\/es\/wp-json\/wp\/v2\/pages\/8359\/revisions\/8537"}],"wp:attachment":[{"href":"https:\/\/www.arovite.com\/es\/wp-json\/wp\/v2\/media?parent=8359"}],"curies":[{"name":"wp","href":"https:\/\/api.w.org\/{rel}","templated":true}]}}